{"id":55707,"date":"2023-01-12T08:30:08","date_gmt":"2023-01-12T07:30:08","guid":{"rendered":"https:\/\/svitimprotebe.cz\/eshop\/?post_type=product&#038;p=55707"},"modified":"2026-03-17T07:38:38","modified_gmt":"2026-03-17T06:38:38","slug":"dvouzilovy-kabel-2x075mm-pouziti","status":"publish","type":"product","link":"https:\/\/svitimprotebe.cz\/eshop\/dvouzilovy-kabel-2x075mm-pouziti\/","title":{"rendered":"Dvou\u017eilov\u00fd kabel 2&#215;0,75mm2 | venkovn\u00ed pou\u017eit\u00ed"},"content":{"rendered":"<p>Vn\u011bj\u0161\u00ed kabel je pokryt \u010dern\u00fdm PVC pl\u00e1\u0161\u0165em o pr\u016fm\u011bru xx mm. Pr\u00e1v\u011b proto je mo\u017en\u00e9 ho pou\u017e\u00edt<strong> ve venkovn\u00edm prost\u0159ed\u00ed<\/strong>. Tento dvou\u017eilov\u00fd kabel je kulat\u00fd a obsahuje <strong>dva m\u011bd\u011bn\u00e9 lanovan\u00e9 vodi\u010de o pr\u016f\u0159ezu 0,75 mm<sup>2<\/sup><\/strong>(AWG 19). Barva vnit\u0159n\u00edch vodi\u010d\u016f je hn\u011bdo-modr\u00e1. Kabel se pou\u017e\u00edv\u00e1 k&nbsp;p\u0159ipojov\u00e1n\u00ed a propojov\u00e1n\u00ed <a href=\"https:\/\/svitimprotebe.cz\/eshop\/plnospektralni-zdrave-osvetleni\/plnospektralni-led-pasky\/jednobarevne\/\" target=\"_blank\" rel=\"noopener\">jednobarevn\u00fdch LED p\u00e1sk\u016f<\/a>. P\u0159i zapojen\u00ed volte maxim\u00e1ln\u00ed d\u00e9lku a vhodn\u00fd pr\u016f\u0159ez vodi\u010de v\u017edy s&nbsp;ohledem na p\u0159\u00edpustn\u00fd \u00fabytek nap\u011bt\u00ed, kter\u00fd na vodi\u010di vznik\u00e1 pr\u016fchodem proudu. Z\u00e1kladn\u00ed balen\u00ed je d\u00e9lky 100&nbsp;m. <strong>Uveden\u00e1 cena je za jeden b\u011b\u017en\u00fd metr.<\/strong><\/p>\n","protected":false},"excerpt":{"rendered":"<p>Vn\u011bj\u0161\u00ed kabel je pokryt \u010dern\u00fdm PVC pl\u00e1\u0161\u0165em o pr\u016fm\u011bru xx mm. Pr\u00e1v\u011b proto je mo\u017en\u00e9 ho pou\u017e\u00edt<strong> ve venkovn\u00edm prost\u0159ed\u00ed<\/strong>. Tento dvou\u017eilov\u00fd kabel je kulat\u00fd a obsahuje <strong>dva m\u011bd\u011bn\u00e9 lanovan\u00e9 vodi\u010de o pr\u016f\u0159ezu 0,75 mm<sup>2<\/sup><\/strong>(AWG 19). Uveden\u00e1 cena je za jeden b\u011b\u017en\u00fd metr.<\/p>\n","protected":false},"featured_media":55708,"template":"","meta":{"_acf_changed":false},"product_brand":[],"product_cat":[230,1721],"product_tag":[241],"class_list":{"0":"post-55707","1":"product","2":"type-product","3":"status-publish","4":"has-post-thumbnail","6":"product_cat-kabely","7":"product_cat-kabely-v-metrazi","8":"product_tag-aigostar","9":"product_shipping_class-zakladni","10":"pa_material-kov","11":"pa_material-plast","12":"pa_typ-produktu-kabel","14":"first","15":"onbackorder","16":"taxable","17":"shipping-taxable","18":"purchasable","19":"product-type-simple"},"acf":[],"_links":{"self":[{"href":"https:\/\/svitimprotebe.cz\/eshop\/wp-json\/wp\/v2\/product\/55707","targetHints":{"allow":["GET"]}}],"collection":[{"href":"https:\/\/svitimprotebe.cz\/eshop\/wp-json\/wp\/v2\/product"}],"about":[{"href":"https:\/\/svitimprotebe.cz\/eshop\/wp-json\/wp\/v2\/types\/product"}],"version-history":[{"count":0,"href":"https:\/\/svitimprotebe.cz\/eshop\/wp-json\/wp\/v2\/product\/55707\/revisions"}],"wp:featuredmedia":[{"embeddable":true,"href":"https:\/\/svitimprotebe.cz\/eshop\/wp-json\/wp\/v2\/media\/55708"}],"wp:attachment":[{"href":"https:\/\/svitimprotebe.cz\/eshop\/wp-json\/wp\/v2\/media?parent=55707"}],"wp:term":[{"taxonomy":"product_brand","embeddable":true,"href":"https:\/\/svitimprotebe.cz\/eshop\/wp-json\/wp\/v2\/product_brand?post=55707"},{"taxonomy":"product_cat","embeddable":true,"href":"https:\/\/svitimprotebe.cz\/eshop\/wp-json\/wp\/v2\/product_cat?post=55707"},{"taxonomy":"product_tag","embeddable":true,"href":"https:\/\/svitimprotebe.cz\/eshop\/wp-json\/wp\/v2\/product_tag?post=55707"}],"curies":[{"name":"wp","href":"https:\/\/api.w.org\/{rel}","templated":true}]}}