{"id":5575,"date":"2022-01-03T15:36:56","date_gmt":"2022-01-03T14:36:56","guid":{"rendered":"https:\/\/svitimprotebe.cz\/eshop\/produkt\/basicdim-wireless-module-g2-2\/"},"modified":"2026-04-01T07:37:56","modified_gmt":"2026-04-01T05:37:56","slug":"basicdim-wireless-module-g2-2","status":"publish","type":"product","link":"https:\/\/svitimprotebe.cz\/eshop\/basicdim-wireless-module-g2-2\/","title":{"rendered":"\u0158\u00edd\u00edc\u00ed modul G2 CASAMBI"},"content":{"rendered":"<h3>Vlastnosti<\/h3>\n<ul>\n<li>Bezdr\u00e1tov\u00e9 ovl\u00e1d\u00e1n\u00ed pomoc\u00ed chytr\u00e9ho za\u0159\u00edzen\u00ed Android \/ iOS<\/li>\n<li>Nen\u00ed pot\u0159eba dal\u0161\u00edho za\u0159\u00edzen\u00ed pro komunikaci<\/li>\n<li>Automaticky vytv\u00e1\u0159\u00ed bezdr\u00e1tovou komunika\u010dn\u00ed s\u00ed\u0165 s&nbsp;a\u017e 250 uzly<\/li>\n<li>Mal\u00e9 rozm\u011bry pro instalaci sv\u00edtidel<\/li>\n<li>Digit\u00e1ln\u00ed v\u00fdstup: Samostatn\u00fd DALI (kompatibiln\u00ed)<\/li>\n<li>Jeden nez\u00e1visl\u00fd tla\u010d\u00edtkov\u00fd vstup<\/li>\n<li>Snadno implementovateln\u00e9 ovl\u00e1d\u00e1n\u00ed RGB a teploty barev<\/li>\n<li>Firmware za\u0159\u00edzen\u00ed lze aktualizovat &#8220;over-the-air&#8221;<\/li>\n<li>Z\u00e1ruka 5 let<\/li>\n<\/ul>\n<p>&nbsp;<\/p>\n<p>BasicDIM Wireless G2 je bluetooth DALI ovlada\u010d s&nbsp;voln\u011b p\u0159\u00edstupn\u00fdm konfigurovateln\u00fdm tla\u010d\u00edtkov\u00fdm vstupem a m\u00e1 integrovan\u00fd nap\u00e1jec\u00ed zdroj DALI. Proto nen\u00ed pot\u0159eba \u017e\u00e1dn\u00fd extern\u00ed zdroj DALI. Modul lze p\u0159ipojit k&nbsp;jednomu nebo v\u00edce ovlada\u010d\u016fm DALI, pop\u0159. DALI XC G3 \/ Tridonic DALI MSensor pro snadnou integraci tla\u010d\u00edtek \/ ovl\u00e1d\u00e1n\u00ed denn\u00edho sv\u011btla a detekce pohybu. V\u0161echna za\u0159\u00edzen\u00ed basicDIM Wireless lze ovl\u00e1dat pomoc\u00ed aplikace Tridonic &#8220;4remote BT&#8221;. Aplikaci si m\u016f\u017eete zdarma st\u00e1hnout ze str\u00e1nek Apple App Store a Google Play Store.<\/p>\n<h3>Funkce<\/h3>\n<p>BasicDIM Wireless G2 je pln\u011b kompatibiln\u00ed se s\u00edt\u011bmi, kter\u00e9 podporuj\u00ed a\u017e 250 uzl\u016f (s\u00edt\u011b Evolution). Pokud je modul pou\u017e\u00edv\u00e1n s&nbsp;jin\u00fdmi typy bezdr\u00e1tov\u00fdch za\u0159\u00edzen\u00ed basicDIM v&nbsp;s\u00edti Evolution, bude p\u0159edt\u00edm pot\u0159eba zkontrolovat jejich kompatibilitu. V\u00edce za\u0159\u00edzen\u00ed automaticky vytvo\u0159\u00ed s\u00ed\u0165 typu mesh, kterou lze ovl\u00e1dat z&nbsp;libovoln\u00e9ho bodu. Tyto s\u00edt\u011b komunikuj\u00ed bezdr\u00e1tov\u011b p\u0159\u00edmo s&nbsp;chytr\u00fdm telefonem nebo tabletem. Proto nen\u00ed nutn\u00e9 pou\u017e\u00edt extern\u00ed br\u00e1nu nebo bezdr\u00e1tovou s\u00ed\u0165 LAN. Za\u0159\u00edzen\u00ed basicDIM Wireless maj\u00ed integrovanou ant\u00e9nu 2,4 GHz. Pro dosa\u017een\u00ed optim\u00e1ln\u00edho RF-v\u00fdkonu je t\u0159eba v\u011bnovat zvl\u00e1\u0161tn\u00ed pozornost, kdy\u017e je za\u0159\u00edzen\u00ed integrov\u00e1no do sv\u00edtidla. Za\u0159\u00edzen\u00ed basicDIM Wireless lze velmi flexibiln\u011b pou\u017e\u00edt pro r\u016fzn\u00e9 p\u0159\u00edpady pou\u017eit\u00ed. Provozn\u00ed re\u017eimy (profily) lze m\u011bnit v&nbsp;aplikaci 4remote BT.<\/p>\n<h3>Um\u00edst\u011bn\u00ed<\/h3>\n<p>basicDIM Wireless m\u00e1 integrovanou ant\u00e9nu pro snadnou integraci. V&nbsp;z\u00e1jmu maximalizace dosahu v&nbsp;ka\u017ed\u00e9m sm\u011bru, je t\u0159eba dodr\u017eet n\u011bkter\u00e9 z\u00e1sady p\u0159i mont\u00e1\u017ei za\u0159\u00edzen\u00ed. Ant\u00e9na je um\u00edst\u011bna na konci krytu. Pokud je za\u0159\u00edzen\u00ed namontov\u00e1no na kovovou desku (nap\u0159. r\u00e1m sv\u00edtidla), m\u016f\u017ee siln\u011b blokovat vysokofrekven\u010dn\u00ed sign\u00e1l. V&nbsp;takov\u00e9m p\u0159\u00edpad\u011b m\u016f\u017ee b\u00fdt zapot\u0159eb\u00ed pou\u017e\u00edt v\u00fd\u0159ez pod ant\u00e9nou, aby radiofrekven\u010dn\u00ed sign\u00e1l mohl opustit kryt konstrukce. Plocha v\u00fd\u0159ezu by m\u011bla b\u00fdt co nejv\u011bt\u0161\u00ed. Rovn\u011b\u017e za\u0159\u00edzen\u00ed by m\u011blo b\u00fdt um\u00edst\u011bno co nejd\u00e1le od svisl\u00fdch kovov\u00fdch konstrukc\u00ed.<\/p>\n<p><img fetchpriority=\"high\" decoding=\"async\" class=\"wp-image-7153 aligncenter\" src=\"https:\/\/svitimprotebe.cz\/eshop\/wp-content\/uploads\/2022\/01\/antena-1-300x149.png\" alt=\"\" width=\"350\" height=\"174\" srcset=\"https:\/\/svitimprotebe.cz\/eshop\/wp-content\/uploads\/2022\/01\/antena-1-300x149.png 300w, https:\/\/svitimprotebe.cz\/eshop\/wp-content\/uploads\/2022\/01\/antena-1-480x239.png 480w, https:\/\/svitimprotebe.cz\/eshop\/wp-content\/uploads\/2022\/01\/antena-1.png 505w\" sizes=\"(max-width: 350px) 100vw, 350px\" \/><\/p>\n<h3>DALI V\u00fdstup<\/h3>\n<p>BasicDIM Wireless G2 m\u00e1 integrovan\u00fd nap\u00e1jec\u00ed zdroj DALI. K&nbsp;tomuto rozhran\u00ed lze p\u0159ipojit maxim\u00e1ln\u011b 5 zdroj\u016f. P\u0159ed p\u0159ipojen\u00edm basicDIM Wireless G2 k&nbsp;lince DALI se ujist\u011bte, \u017ee nen\u00ed p\u0159ipojen \u017e\u00e1dn\u00fd jin\u00fd nap\u00e1jec\u00ed zdroj DALI (v\u010detn\u011b ovlada\u010d\u016f s&nbsp;integrovan\u00fdm PS) nap\u00e1jej\u00edc\u00ed sb\u011brnici. Pokud je sb\u011brnice ji\u017e nap\u00e1jena, je mo\u017en\u00e9 ji ru\u010dn\u011b vypnout, aby jej bylo\u00a0mo\u017en\u00e9 pou\u017e\u00edt v&nbsp;ji\u017e existuj\u00edc\u00ed sb\u011brnici DALI (v&nbsp;z\u00e1vislosti na pou\u017eit\u00e9m profilu).<\/p>\n<h3>Zapojen\u00ed<\/h3>\n<ul>\n<li>Pozor na spr\u00e1vn\u00e9 zapojen\u00ed p\u0159\u00edvodn\u00edch vodi\u010d\u016f (L\/N 230V) a ostatn\u00edch svorek. Nespr\u00e1vn\u00e9 zapojen\u00ed nen\u00e1vratn\u011b po\u0161kod\u00ed modul.<\/li>\n<li>Sp\u00edna\u010d je p\u0159ipojen p\u0159\u00edmo k&nbsp;modulu. Nesm\u00ed b\u00fdt p\u0159ipojen\u00fd k&nbsp;s\u00edti 230V.<\/li>\n<li>Detail\u016fm zapojen\u00ed DALI sb\u011brnice se v\u011bnuje \u010dl\u00e1nek\u00a0<a href=\"https:\/\/svitimprotebe.cz\/ovladani-svetel-pomoci-dali-sbernice\/\" target=\"_blank\" rel=\"noopener\">Ovl\u00e1d\u00e1n\u00ed sv\u011btel pomoc\u00ed DALI sb\u011brnice<\/a>.<\/li>\n<\/ul>\n<p><img decoding=\"async\" class=\"wp-image-7154 aligncenter\" src=\"https:\/\/svitimprotebe.cz\/eshop\/wp-content\/uploads\/2022\/01\/Vystrizek-2.png\" alt=\"\" width=\"678\" height=\"396\" srcset=\"https:\/\/svitimprotebe.cz\/eshop\/wp-content\/uploads\/2022\/01\/Vystrizek-2.png 1168w, https:\/\/svitimprotebe.cz\/eshop\/wp-content\/uploads\/2022\/01\/Vystrizek-2-300x175.png 300w, https:\/\/svitimprotebe.cz\/eshop\/wp-content\/uploads\/2022\/01\/Vystrizek-2-768x448.png 768w, https:\/\/svitimprotebe.cz\/eshop\/wp-content\/uploads\/2022\/01\/Vystrizek-2-1024x598.png 1024w, https:\/\/svitimprotebe.cz\/eshop\/wp-content\/uploads\/2022\/01\/Vystrizek-2-740x432.png 740w, https:\/\/svitimprotebe.cz\/eshop\/wp-content\/uploads\/2022\/01\/Vystrizek-2-1080x631.png 1080w, https:\/\/svitimprotebe.cz\/eshop\/wp-content\/uploads\/2022\/01\/Vystrizek-2-980x572.png 980w, https:\/\/svitimprotebe.cz\/eshop\/wp-content\/uploads\/2022\/01\/Vystrizek-2-480x280.png 480w, https:\/\/svitimprotebe.cz\/eshop\/wp-content\/uploads\/2022\/01\/Vystrizek-2-600x350.png 600w\" sizes=\"(max-width: 678px) 100vw, 678px\" \/><\/p>\n<h3>P\u0159\u00edprava kabel\u016f<\/h3>\n<p><img decoding=\"async\" class=\"size-medium wp-image-7150 aligncenter\" src=\"https:\/\/svitimprotebe.cz\/eshop\/wp-content\/uploads\/2022\/01\/drat.png\" alt=\"\" width=\"280\" height=\"140\" \/><\/p>\n<p>P\u0159ipojen\u00ed modulu m\u016f\u017ee b\u00fdt form\u011b spl\u00e9tan\u00fdch vodi\u010d\u016f se zakripovan\u00fdmi koncovkami (dutinkami) nebo formou pevn\u00fdch vodi\u010d\u016f. Pr\u016f\u0159ezy je vhodn\u00e9 volit:<\/p>\n<ul>\n<li>0,2 \u2013 1,5mm\u00b2 pro s\u00ed\u0165 230V (z\u00e1le\u017e\u00ed na zp\u016fsobu ji\u0161t\u011bn\u00ed),<\/li>\n<li>0,2 \u2013 1,5mm\u00b2 pro p\u0159ipojen\u00ed tla\u010d\u00edtka,<\/li>\n<li>0,2 \u2013 1,5mm\u00b2 pro v\u00fdstup na DALI sb\u011brnici.<\/li>\n<\/ul>\n<p>Pro optim\u00e1ln\u00ed funkci pru\u017einov\u00fdch svorek je d\u00e9lka odizolovan\u00e9ho konce vodi\u010de 8,5 \u2013 9,5mm.<\/p>\n<h3>Um\u00edst\u011bn\u00ed<\/h3>\n<p>Uvnit\u0159 modulu je zabudovan\u00e1 ant\u00e9na. Vyhn\u011bte se mont\u00e1\u017ei za\u0159\u00edzen\u00ed za betonov\u00e9 povrchy nebo do kovov\u00fdch kryt\u016f. Tyto materi\u00e1ly sni\u017euj\u00ed dosah sign\u00e1lu. Instalace bl\u00edzko kovov\u00fdch konstrukc\u00ed tak\u00e9 nen\u00ed vhodn\u00e1.<\/p>\n","protected":false},"excerpt":{"rendered":"<h4>basicDIM Wireless Module G2<\/h4>\n<p><img loading=\"lazy\" decoding=\"async\" class=\"alignnone wp-image-7765 size-medium\" src=\"https:\/\/svitimprotebe.cz\/eshop\/wp-content\/uploads\/2021\/12\/afasfdsdffddddd-300x47.jpg\" alt=\"\" width=\"300\" height=\"47\" srcset=\"https:\/\/svitimprotebe.cz\/eshop\/wp-content\/uploads\/2021\/12\/afasfdsdffddddd-300x47.jpg 300w, https:\/\/svitimprotebe.cz\/eshop\/wp-content\/uploads\/2021\/12\/afasfdsdffddddd-480x75.jpg 480w, https:\/\/svitimprotebe.cz\/eshop\/wp-content\/uploads\/2021\/12\/afasfdsdffddddd.jpg 557w\" sizes=\"(max-width: 300px) 100vw, 300px\" \/><\/p>\n","protected":false},"featured_media":1460,"template":"","meta":{"_acf_changed":false},"product_brand":[],"product_cat":[957,958],"product_tag":[52],"class_list":{"0":"post-5575","1":"product","2":"type-product","3":"status-publish","4":"has-post-thumbnail","6":"product_cat-ovladani-a-rizeni-osvetleni","7":"product_cat-rizeni-casambi","8":"product_tag-tridonic","9":"product_shipping_class-zakladni","10":"pa_delka-1028","11":"pa_meni-barvy-tw-varianta-ano","12":"pa_moznosti-ovladani-casambi","13":"pa_napajeni-sit-230-ac","14":"pa_sirka-prumer-965","15":"pa_stmivatelne-ano","16":"pa_stupen-kryti-ip-ip20","17":"pa_typ-produktu-ovladani-a-rizeni-osvetleni","18":"pa_vyska-1029","20":"first","21":"instock","22":"taxable","23":"shipping-taxable","24":"purchasable","25":"product-type-simple"},"acf":[],"_links":{"self":[{"href":"https:\/\/svitimprotebe.cz\/eshop\/wp-json\/wp\/v2\/product\/5575","targetHints":{"allow":["GET"]}}],"collection":[{"href":"https:\/\/svitimprotebe.cz\/eshop\/wp-json\/wp\/v2\/product"}],"about":[{"href":"https:\/\/svitimprotebe.cz\/eshop\/wp-json\/wp\/v2\/types\/product"}],"version-history":[{"count":0,"href":"https:\/\/svitimprotebe.cz\/eshop\/wp-json\/wp\/v2\/product\/5575\/revisions"}],"wp:featuredmedia":[{"embeddable":true,"href":"https:\/\/svitimprotebe.cz\/eshop\/wp-json\/wp\/v2\/media\/1460"}],"wp:attachment":[{"href":"https:\/\/svitimprotebe.cz\/eshop\/wp-json\/wp\/v2\/media?parent=5575"}],"wp:term":[{"taxonomy":"product_brand","embeddable":true,"href":"https:\/\/svitimprotebe.cz\/eshop\/wp-json\/wp\/v2\/product_brand?post=5575"},{"taxonomy":"product_cat","embeddable":true,"href":"https:\/\/svitimprotebe.cz\/eshop\/wp-json\/wp\/v2\/product_cat?post=5575"},{"taxonomy":"product_tag","embeddable":true,"href":"https:\/\/svitimprotebe.cz\/eshop\/wp-json\/wp\/v2\/product_tag?post=5575"}],"curies":[{"name":"wp","href":"https:\/\/api.w.org\/{rel}","templated":true}]}}