{"id":5576,"date":"2022-01-03T15:36:56","date_gmt":"2022-01-03T14:36:56","guid":{"rendered":"https:\/\/svitimprotebe.cz\/eshop\/produkt\/basicdim-wireless-sr-2\/"},"modified":"2026-03-17T06:58:48","modified_gmt":"2026-03-17T05:58:48","slug":"basicdim-wireless-sr-2","status":"publish","type":"product","link":"https:\/\/svitimprotebe.cz\/eshop\/basicdim-wireless-sr-2\/","title":{"rendered":"\u0158\u00edd\u00edc\u00ed modul SR CASAMBI"},"content":{"rendered":"<h3>Vlastnosti<\/h3>\n<ul>\n<li>Bezdr\u00e1tov\u00e9 ovl\u00e1d\u00e1n\u00ed pomoc\u00ed chytr\u00e9ho za\u0159\u00edzen\u00ed Android \/ iOS<\/li>\n<li>Nen\u00ed pot\u0159eba extern\u00ed br\u00e1na<\/li>\n<li>Automaticky vytv\u00e1\u0159\u00ed bezdr\u00e1tovou komunika\u010dn\u00ed s\u00ed\u0165 s&nbsp;a\u017e 250 uzly<\/li>\n<li>Lze pou\u017e\u00edt bu\u010f vestav\u011bn\u00fd, nebo nez\u00e1visl\u00fd s&nbsp;klipov\u00fdm odleh\u010den\u00edm tahu<\/li>\n<li>Digit\u00e1ln\u00ed v\u00fdstup: Samostatn\u00fd DALI (kompatibiln\u00ed)<\/li>\n<li>Jeden nez\u00e1visl\u00fd tla\u010d\u00edtkov\u00fd vstup<\/li>\n<li>Snadno implementovateln\u00e9 ovl\u00e1d\u00e1n\u00ed RGB a teploty barev<\/li>\n<li>Firmware za\u0159\u00edzen\u00ed lze aktualizovat &#8220;over-the-air&#8221;<\/li>\n<li>Z\u00e1ruka 5 let<\/li>\n<\/ul>\n<h3>Odleh\u010den\u00ed tahu<\/h3>\n<ul>\n<li>Odleh\u010den\u00ed tahu a\u017e pro 3 kabely vhodn\u00e9 pro kabely o pr\u016fm\u011bru od 2,5 do 9 mm\n<ul>\n<li>A: pr\u016fm\u011br 2,5 &#8211; 5 mm<\/li>\n<li>B: pr\u016fm\u011br 5 &#8211; 9 mm<\/li>\n<li>C: pr\u016fm\u011br 5 &#8211; 9 mm<\/li>\n<\/ul>\n<\/li>\n<li>Voliteln\u00e1 sada odleh\u010den\u00ed tahu pro nez\u00e1visl\u00e9 aplikace<\/li>\n<li>P\u0159em\u011b\u0148uje jednotku na pln\u011b kompatibiln\u00ed jednotku t\u0159\u00eddy II<br \/>\n(nap\u0159. pro stropn\u00ed instalaci)<\/li>\n<li>Z\u00e1ruka 5 let<\/li>\n<\/ul>\n<p><img fetchpriority=\"high\" decoding=\"async\" class=\"wp-image-7176 size-medium aligncenter\" src=\"https:\/\/svitimprotebe.cz\/eshop\/wp-content\/uploads\/2022\/01\/abc-300x240.png\" alt=\"\" width=\"300\" height=\"240\" srcset=\"https:\/\/svitimprotebe.cz\/eshop\/wp-content\/uploads\/2022\/01\/abc-300x240.png 300w, https:\/\/svitimprotebe.cz\/eshop\/wp-content\/uploads\/2022\/01\/abc-480x384.png 480w, https:\/\/svitimprotebe.cz\/eshop\/wp-content\/uploads\/2022\/01\/abc.png 582w\" sizes=\"(max-width: 300px) 100vw, 300px\" \/><\/p>\n<p>BasicDIM Wireless SR je bluetooth \u0159\u00eddic\u00ed jednotka DALI s&nbsp;voln\u011b konfigurovateln\u00fdm tla\u010d\u00edtkov\u00fdm vstupem a m\u00e1 integrovan\u00fd nap\u00e1jec\u00ed zdroj DALI. Proto nen\u00ed pot\u0159eba \u017e\u00e1dn\u00fd extern\u00ed zdroj DALI. Za\u0159\u00edzen\u00ed je ur\u010deno k&nbsp;pou\u017eit\u00ed ve sv\u00edtidle, ale s&nbsp;volitelnou sadou pro odleh\u010den\u00ed tahu jej lze bezpe\u010dn\u011b pou\u017e\u00edt i nap\u0159. pro stropn\u00edch instalac\u00edch. Modul lze p\u0159ipojit k&nbsp;jednomu nebo v\u00edce ovlada\u010d\u016fm DALI i v&nbsp;proveden\u00ed v&nbsp;kombinaci s&nbsp;jedn\u00edm DALI XC G3 nebo Tridonic DALI MSensor pro snadnou integraci detekce denn\u00edho sv\u011btla a detekce pohybu. basicDIM Wireless SR lze tak\u00e9 pou\u017e\u00edt jako DALI-Gateway pro kombinaci kabelov\u00e9 linky DALI s&nbsp;kabelovou linkou DALI, bezdr\u00e1tov\u00fdmi sv\u00edtidly, senzory a tla\u010d\u00edtky. P\u0159\u00edkazy DALI lze p\u0159ed\u00e1vat po s\u00edti bluetooth prost\u0159ednictv\u00edm DALI-Gateway na fyzickou linku DALI a zpracov\u00e1vat je pomoc\u00ed DALI-2 aplika\u010dn\u00ed \u0159\u00eddic\u00ed jednotkou. Vezm\u011bte pros\u00edm na v\u011bdom\u00ed, \u017ee basicDIM Wireless SR nesm\u00ed b\u00fdt p\u0159ipojen k&nbsp;link\u00e1m DALI, kter\u00e9 jsou ji\u017e nap\u00e1jeny z&nbsp;nap\u00e1jec\u00edho zdroje DALI. V&nbsp;obou p\u0159\u00edpadech plat\u00ed \u0159\u00eddic\u00ed schopnosti a omezen\u00ed pou\u017eit\u00e9ho za\u0159\u00edzen\u00ed.\u00a0V\u0161echna za\u0159\u00edzen\u00ed basicDIM Wireless lze ovl\u00e1dat pomoc\u00ed aplikace Tridonic &#8220;4remote BT&#8221;. Aplikaci lze zdarma st\u00e1hnout ze str\u00e1nek Apple App Store a Google Play Store.<\/p>\n<h3>Funkce<\/h3>\n<p>BasicDIM Wireless SR je pln\u011b kompatibiln\u00ed se s\u00edt\u011bmi, kter\u00e9 podporuj\u00ed a\u017e 250 uzl\u016f (s\u00edt\u011b Evolution). Pokud je modul pou\u017e\u00edv\u00e1n s&nbsp;r\u016fzn\u00fdmi typy za\u0159\u00edzen\u00ed basicDIM Wireless v&nbsp;Evolution s\u00edti, je t\u0159eba p\u0159edt\u00edm zkontrolovat jejich kompatibilitu. V\u00edce za\u0159\u00edzen\u00ed automaticky vytvo\u0159\u00ed s\u00ed\u0165 typu mesh, kterou lze ovl\u00e1dat z&nbsp;libovoln\u00e9ho bodu. Tyto s\u00edt\u011b komunikuj\u00ed bezdr\u00e1tov\u011b p\u0159\u00edmo s&nbsp;chytr\u00fdm telefonem nebo tabletem. Proto nen\u00ed nutn\u00e9 pou\u017e\u00edt extern\u00ed br\u00e1nu nebo bezdr\u00e1tovou s\u00ed\u0165 LAN. Za\u0159\u00edzen\u00ed basicDIM Wireless maj\u00ed integrovanou ant\u00e9nu 2,4 GHz. Pro dosa\u017een\u00ed optim\u00e1ln\u00edho RF-v\u00fdkonu je t\u0159eba v\u011bnovat zvl\u00e1\u0161tn\u00ed pozornost, kdy\u017e je za\u0159\u00edzen\u00ed integrov\u00e1no do sv\u00edtidla. Za\u0159\u00edzen\u00ed basicDIM Wireless lze velmi flexibiln\u011b pou\u017e\u00edt pro r\u016fzn\u00e9 p\u0159\u00edpady pou\u017eit\u00ed. Provozn\u00ed re\u017eimy (profily) lze m\u011bnit v&nbsp;aplikaci 4remote BT.<\/p>\n<h3>Um\u00edst\u011bn\u00ed<\/h3>\n<p>basicDIM Wireless m\u00e1 integrovanou ant\u00e9nu pro snadnou integraci. Pro maximalizov\u00e1n\u00ed dosahu v&nbsp;ka\u017ed\u00e9m sm\u011bru, je t\u0159eba dodr\u017eet n\u011bkter\u00e9 z\u00e1sady pro konstrukci. Ant\u00e9na je um\u00edst\u011bna na konci krytu. Nach\u00e1z\u00ed se na horn\u00ed stran\u011b vnit\u0159n\u00ed desky plo\u0161n\u00fdch spoj\u016f (PCB). Pokud je za\u0159\u00edzen\u00ed namontov\u00e1no na kovovou desku (nap\u0159. r\u00e1m sv\u00edtidla), m\u016f\u017ee siln\u011b blokovat vysokofrekven\u010dn\u00ed sign\u00e1l. V&nbsp;takov\u00e9m p\u0159\u00edpad\u011b m\u016f\u017ee b\u00fdt zapot\u0159eb\u00ed v\u00fd\u0159ez pod ant\u00e9nou, aby radiofrekven\u010dn\u00ed sign\u00e1l mohl opustit konstrukci. Plocha v\u00fd\u0159ezu by m\u011bla b\u00fdt co nejv\u011bt\u0161\u00ed. Rovn\u011b\u017e by za\u0159\u00edzen\u00ed m\u011blo b\u00fdt um\u00edst\u011bno co nejd\u00e1le od svisl\u00fdch kovov\u00fdch konstrukc\u00ed.<\/p>\n<h3>Sch\u00e9ma zapojen\u00ed kompatibiln\u00ed<\/h3>\n<p><img decoding=\"async\" class=\"wp-image-7178 size-full aligncenter\" src=\"https:\/\/svitimprotebe.cz\/eshop\/wp-content\/uploads\/2022\/01\/schemakompatibilni.png\" alt=\"\" width=\"1209\" height=\"473\" srcset=\"https:\/\/svitimprotebe.cz\/eshop\/wp-content\/uploads\/2022\/01\/schemakompatibilni.png 1209w, https:\/\/svitimprotebe.cz\/eshop\/wp-content\/uploads\/2022\/01\/schemakompatibilni-300x117.png 300w, https:\/\/svitimprotebe.cz\/eshop\/wp-content\/uploads\/2022\/01\/schemakompatibilni-768x300.png 768w, https:\/\/svitimprotebe.cz\/eshop\/wp-content\/uploads\/2022\/01\/schemakompatibilni-1024x401.png 1024w, https:\/\/svitimprotebe.cz\/eshop\/wp-content\/uploads\/2022\/01\/schemakompatibilni-740x290.png 740w, https:\/\/svitimprotebe.cz\/eshop\/wp-content\/uploads\/2022\/01\/schemakompatibilni-1080x423.png 1080w, https:\/\/svitimprotebe.cz\/eshop\/wp-content\/uploads\/2022\/01\/schemakompatibilni-980x383.png 980w, https:\/\/svitimprotebe.cz\/eshop\/wp-content\/uploads\/2022\/01\/schemakompatibilni-480x188.png 480w, https:\/\/svitimprotebe.cz\/eshop\/wp-content\/uploads\/2022\/01\/schemakompatibilni-600x235.png 600w\" sizes=\"(max-width: 1209px) 100vw, 1209px\" \/><\/p>\n<h3>Sch\u00e9ma zapojen\u00ed se senzorem<\/h3>\n<p><img decoding=\"async\" class=\"wp-image-7179 size-full aligncenter\" src=\"https:\/\/svitimprotebe.cz\/eshop\/wp-content\/uploads\/2022\/01\/schemasensor.png\" alt=\"\" width=\"910\" height=\"523\" srcset=\"https:\/\/svitimprotebe.cz\/eshop\/wp-content\/uploads\/2022\/01\/schemasensor.png 910w, https:\/\/svitimprotebe.cz\/eshop\/wp-content\/uploads\/2022\/01\/schemasensor-300x172.png 300w, https:\/\/svitimprotebe.cz\/eshop\/wp-content\/uploads\/2022\/01\/schemasensor-768x441.png 768w, https:\/\/svitimprotebe.cz\/eshop\/wp-content\/uploads\/2022\/01\/schemasensor-740x425.png 740w, https:\/\/svitimprotebe.cz\/eshop\/wp-content\/uploads\/2022\/01\/schemasensor-480x276.png 480w, https:\/\/svitimprotebe.cz\/eshop\/wp-content\/uploads\/2022\/01\/schemasensor-600x345.png 600w\" sizes=\"(max-width: 910px) 100vw, 910px\" \/><\/p>\n<h3>Um\u00edst\u011bn\u00ed ant\u00e9ny<\/h3>\n<p><img loading=\"lazy\" decoding=\"async\" class=\"wp-image-7177 size-medium aligncenter\" src=\"https:\/\/svitimprotebe.cz\/eshop\/wp-content\/uploads\/2022\/01\/antena-2-300x108.png\" alt=\"\" width=\"300\" height=\"108\" srcset=\"https:\/\/svitimprotebe.cz\/eshop\/wp-content\/uploads\/2022\/01\/antena-2-300x108.png 300w, https:\/\/svitimprotebe.cz\/eshop\/wp-content\/uploads\/2022\/01\/antena-2-768x277.png 768w, https:\/\/svitimprotebe.cz\/eshop\/wp-content\/uploads\/2022\/01\/antena-2-740x267.png 740w, https:\/\/svitimprotebe.cz\/eshop\/wp-content\/uploads\/2022\/01\/antena-2-480x173.png 480w, https:\/\/svitimprotebe.cz\/eshop\/wp-content\/uploads\/2022\/01\/antena-2-600x217.png 600w, https:\/\/svitimprotebe.cz\/eshop\/wp-content\/uploads\/2022\/01\/antena-2.png 792w\" sizes=\"(max-width: 300px) 100vw, 300px\" \/><\/p>\n<h3>P\u0159\u00edprava kabel\u016f<\/h3>\n<p><img loading=\"lazy\" decoding=\"async\" class=\"size-full wp-image-7150 aligncenter\" src=\"https:\/\/svitimprotebe.cz\/eshop\/wp-content\/uploads\/2022\/01\/drat.png\" alt=\"\" width=\"280\" height=\"140\" \/><\/p>\n<p>Zapojen\u00ed m\u016f\u017ee b\u00fdt ve form\u011b spl\u00e9tan\u00fdch vodi\u010d\u016f s&nbsp;koncovkami nebo pevn\u00fdch vodi\u010d\u016f o pr\u016f\u0159ezu 0,2-1,5 mm\u00b2 (16-24 AWG). Z&nbsp;kabel\u016f odizolujte 8,5-9,5 mm izolace, abyste zajistili spr\u00e1vnou funkci. dr\u00e1tov\u00fdch svorek. Pro ka\u017ed\u00fd konektor svorky pou\u017eijte pouze jeden vodi\u010d.<\/p>\n","protected":false},"excerpt":{"rendered":"<h4>basicDIM Wireless SR<\/h4>\n<p><img loading=\"lazy\" decoding=\"async\" class=\"alignnone size-medium wp-image-7765\" src=\"https:\/\/svitimprotebe.cz\/eshop\/wp-content\/uploads\/2021\/12\/afasfdsdffddddd-300x47.jpg\" alt=\"\" width=\"300\" height=\"47\" srcset=\"https:\/\/svitimprotebe.cz\/eshop\/wp-content\/uploads\/2021\/12\/afasfdsdffddddd-300x47.jpg 300w, https:\/\/svitimprotebe.cz\/eshop\/wp-content\/uploads\/2021\/12\/afasfdsdffddddd-480x75.jpg 480w, https:\/\/svitimprotebe.cz\/eshop\/wp-content\/uploads\/2021\/12\/afasfdsdffddddd.jpg 557w\" sizes=\"(max-width: 300px) 100vw, 300px\" \/><\/p>\n","protected":false},"featured_media":111516,"template":"","meta":{"_acf_changed":false},"product_brand":[],"product_cat":[957,958],"product_tag":[52],"class_list":{"0":"post-5576","1":"product","2":"type-product","3":"status-publish","4":"has-post-thumbnail","6":"product_cat-ovladani-a-rizeni-osvetleni","7":"product_cat-rizeni-casambi","8":"product_tag-tridonic","9":"product_shipping_class-zakladni","10":"pa_delka-1030","11":"pa_meni-barvy-tw-varianta-ano","12":"pa_moznosti-ovladani-casambi","13":"pa_napajeni-sit-230-ac","14":"pa_sirka-prumer-965","15":"pa_stmivatelne-ano","16":"pa_stupen-kryti-ip-ip20","17":"pa_typ-produktu-ovladani-a-rizeni-osvetleni","18":"pa_vyska-1031","20":"first","21":"instock","22":"taxable","23":"shipping-taxable","24":"purchasable","25":"product-type-simple"},"acf":[],"_links":{"self":[{"href":"https:\/\/svitimprotebe.cz\/eshop\/wp-json\/wp\/v2\/product\/5576","targetHints":{"allow":["GET"]}}],"collection":[{"href":"https:\/\/svitimprotebe.cz\/eshop\/wp-json\/wp\/v2\/product"}],"about":[{"href":"https:\/\/svitimprotebe.cz\/eshop\/wp-json\/wp\/v2\/types\/product"}],"version-history":[{"count":0,"href":"https:\/\/svitimprotebe.cz\/eshop\/wp-json\/wp\/v2\/product\/5576\/revisions"}],"wp:featuredmedia":[{"embeddable":true,"href":"https:\/\/svitimprotebe.cz\/eshop\/wp-json\/wp\/v2\/media\/111516"}],"wp:attachment":[{"href":"https:\/\/svitimprotebe.cz\/eshop\/wp-json\/wp\/v2\/media?parent=5576"}],"wp:term":[{"taxonomy":"product_brand","embeddable":true,"href":"https:\/\/svitimprotebe.cz\/eshop\/wp-json\/wp\/v2\/product_brand?post=5576"},{"taxonomy":"product_cat","embeddable":true,"href":"https:\/\/svitimprotebe.cz\/eshop\/wp-json\/wp\/v2\/product_cat?post=5576"},{"taxonomy":"product_tag","embeddable":true,"href":"https:\/\/svitimprotebe.cz\/eshop\/wp-json\/wp\/v2\/product_tag?post=5576"}],"curies":[{"name":"wp","href":"https:\/\/api.w.org\/{rel}","templated":true}]}}