{"id":5579,"date":"2022-01-03T15:36:56","date_gmt":"2022-01-03T14:36:56","guid":{"rendered":"https:\/\/svitimprotebe.cz\/eshop\/produkt\/basicdim-wireless-user-interface-2\/"},"modified":"2026-03-17T07:00:07","modified_gmt":"2026-03-17T06:00:07","slug":"basicdim-wireless-user-interface-2","status":"publish","type":"product","link":"https:\/\/svitimprotebe.cz\/eshop\/basicdim-wireless-user-interface-2\/","title":{"rendered":"D\u00e1lkov\u00fd ovlada\u010d CASAMBI Xpress"},"content":{"rendered":"<h3>Vlastnosti<\/h3>\n<ul>\n<li>Bezdr\u00e1tov\u00fd n\u00e1st\u011bnn\u00fd ovlada\u010d nap\u00e1jen\u00fd z&nbsp;baterie<\/li>\n<li>Automaticky vytv\u00e1\u0159\u00ed bezdr\u00e1tovou komunikaci pro p\u0159ipojen\u00ed chytr\u00fdch zdroj\u016f<\/li>\n<li>Nastaven\u00ed pomoc\u00ed mobiln\u00ed aplikace <a href=\"https:\/\/www.tridonic.com\/com\/en\/products\/app-4remote-bt.asp\" target=\"_blank\" rel=\"noopener\">4remote BT<\/a>.<\/li>\n<li>Podporuje 4 sc\u00e9ny<\/li>\n<li>Mo\u017enost ovl\u00e1d\u00e1n\u00ed jasu<\/li>\n<li>Mo\u017enost ovl\u00e1d\u00e1n\u00ed teploty b\u00edl\u00e9<\/li>\n<li>Z\u00e1ruka 5 let<\/li>\n<\/ul>\n<p>&nbsp;<\/p>\n<p>D\u00e1lkov\u00fd ovlada\u010d CASAMBI p\u0159in\u00e1\u0161\u00ed obrovskou flexibilitu p\u0159i navrhov\u00e1n\u00ed interi\u00e9r\u016f. P\u0159i zm\u011bn\u011b dispozice m\u00edstnosti nen\u00ed nutn\u00e9 m\u011bnit zapojen\u00ed instalace, zejm\u00e9na vyp\u00edna\u010de. D\u00e1lkov\u00fd ovlada\u010d m\u016f\u017ee b\u00fdt um\u00edst\u011bn kdekoli, kde ho u\u017eivatel pot\u0159ebuje, a poskytuje p\u0159\u00edm\u00fd p\u0159\u00edstup ke v\u0161em d\u016fle\u017eit\u00fdm funkc\u00edm ovl\u00e1d\u00e1n\u00ed osv\u011btlen\u00ed Tridonic. V\u00edce chytr\u00fdch za\u0159\u00edzen\u00ed Casambi automaticky vytv\u00e1\u0159\u00ed s\u00ed\u0165, kterou lze ovl\u00e1dat z&nbsp;libovoln\u00e9ho bodu. Za\u0159\u00edzen\u00ed v&nbsp;s\u00edti komunikuj\u00ed bezdr\u00e1tov\u011b a je mo\u017en\u00e9 je nastavovat chytr\u00fdm telefonem nebo tabletem.<\/p>\n<h3>Chytr\u00e9 funkce<\/h3>\n<p><strong>Stm\u00edv\u00e1n\u00ed<\/strong><br \/>\nP\u0159idr\u017een\u00edm tla\u010d\u00edtka stm\u00edv\u00e1n\u00ed dol\u016f nebo stm\u00edv\u00e1n\u00ed lze doc\u00edlit postupn\u00e9 nastaven\u00ed po\u017eadovan\u00e9ho jasu. \u010casov\u00fd interval pro nastaven\u00ed je 5 vte\u0159in.<br \/>\nKr\u00e1tk\u00e9 stisknut\u00ed tla\u010d\u00edtka stm\u00edv\u00e1n\u00ed dol\u016f nastav\u00ed jas na 0%.<br \/>\nKr\u00e1tk\u00e9 stisknut\u00ed tla\u010d\u00edtka stm\u00edv\u00e1n\u00ed nahoru nastav\u00ed jas na 100%.<\/p>\n<p><strong>Tla\u010d\u00edtka p\u0159edvolby<\/strong><br \/>\nKlepn\u011bte na tla\u010d\u00edtko:<br \/>\nP\u0159edem nastaven\u00e1 p\u0159edvolba se zapne (ovl\u00e1d\u00e1n\u00ed sv\u00edtidla \u010di skupiny sv\u00edtidel, vyvol\u00e1n\u00ed sc\u00e9ny).<br \/>\nKlepn\u011bte znovu:<br \/>\nP\u0159edem nastaven\u00e1 p\u0159edvolba se vypne.<\/p>\n<p><strong>Teplota barev<br \/>\n<\/strong>P\u0159idr\u017een\u00edm horn\u00edho nebo doln\u00edho multifunk\u010dn\u00edho tla\u010d\u00edtka lze doc\u00edlit postupn\u00e9 nastaven\u00ed po\u017eadovan\u00e9 teploty b\u00edl\u00e9 barvy. \u010casov\u00fd interval pro nastaven\u00ed je 5 vte\u0159in.<br \/>\nKr\u00e1tk\u00e9 stisknut\u00ed horn\u00edho multifunk\u010dn\u00edho tla\u010d\u00edtka nastav\u00ed teplotu na nejteplej\u0161\u00ed b\u00edlou.<br \/>\nKr\u00e1tk\u00e9 stisknut\u00ed doln\u00edho multifunk\u010dn\u00edho tla\u010d\u00edtka nastav\u00ed teplotu na nejchladn\u011bj\u0161\u00ed b\u00edlou.<\/p>\n<p><strong>Vypnut\u00ed<\/strong><br \/>\nP\u0159idr\u017een\u00edm tla\u010d\u00edtek stm\u00edv\u00e1n\u00ed nahoru a dol\u016f sou\u010dasn\u011b po dobu del\u0161\u00ed ne\u017e 1 vte\u0159ina lze vypnout v\u0161echna sv\u011btla ve vybran\u00e9 s\u00edti.<\/p>\n<h3>Tla\u010d\u00edtka<\/h3>\n<p><img fetchpriority=\"high\" decoding=\"async\" class=\"aligncenter wp-image-9297 size-large\" src=\"https:\/\/svitimprotebe.cz\/eshop\/wp-content\/uploads\/2022\/01\/nuttony-1024x771.jpg\" alt=\"\" width=\"800\" height=\"602\" srcset=\"https:\/\/svitimprotebe.cz\/eshop\/wp-content\/uploads\/2022\/01\/nuttony-1024x771.jpg 1024w, https:\/\/svitimprotebe.cz\/eshop\/wp-content\/uploads\/2022\/01\/nuttony-300x226.jpg 300w, https:\/\/svitimprotebe.cz\/eshop\/wp-content\/uploads\/2022\/01\/nuttony-768x578.jpg 768w, https:\/\/svitimprotebe.cz\/eshop\/wp-content\/uploads\/2022\/01\/nuttony-740x557.jpg 740w, https:\/\/svitimprotebe.cz\/eshop\/wp-content\/uploads\/2022\/01\/nuttony-1080x813.jpg 1080w, https:\/\/svitimprotebe.cz\/eshop\/wp-content\/uploads\/2022\/01\/nuttony-980x738.jpg 980w, https:\/\/svitimprotebe.cz\/eshop\/wp-content\/uploads\/2022\/01\/nuttony-480x361.jpg 480w, https:\/\/svitimprotebe.cz\/eshop\/wp-content\/uploads\/2022\/01\/nuttony-600x452.jpg 600w, https:\/\/svitimprotebe.cz\/eshop\/wp-content\/uploads\/2022\/01\/nuttony.jpg 1148w\" sizes=\"(max-width: 800px) 100vw, 800px\" \/><\/p>\n<h4><\/h4>\n<h3>Mont\u00e1\u017e<\/h3>\n<p>Bezdr\u00e1tov\u00fd ovlada\u010d je vybaven magnety pro snadn\u00e9 upevn\u011bn\u00ed na mont\u00e1\u017en\u00ed dr\u017e\u00e1k. Mont\u00e1\u017en\u00ed dr\u017e\u00e1k se p\u0159ipev\u0148uje na ze\u010f pomoc\u00ed 2 vrtut\u016f. Mont\u00e1\u017en\u00ed dr\u017e\u00e1k je sou\u010d\u00e1st\u00ed balen\u00ed.<\/p>\n<p><img decoding=\"async\" class=\"aligncenter wp-image-9298\" src=\"https:\/\/svitimprotebe.cz\/eshop\/wp-content\/uploads\/2022\/01\/ovladani_montaz.jpg\" alt=\"\" width=\"800\" height=\"676\" srcset=\"https:\/\/svitimprotebe.cz\/eshop\/wp-content\/uploads\/2022\/01\/ovladani_montaz.jpg 1004w, https:\/\/svitimprotebe.cz\/eshop\/wp-content\/uploads\/2022\/01\/ovladani_montaz-300x254.jpg 300w, https:\/\/svitimprotebe.cz\/eshop\/wp-content\/uploads\/2022\/01\/ovladani_montaz-768x649.jpg 768w, https:\/\/svitimprotebe.cz\/eshop\/wp-content\/uploads\/2022\/01\/ovladani_montaz-740x626.jpg 740w, https:\/\/svitimprotebe.cz\/eshop\/wp-content\/uploads\/2022\/01\/ovladani_montaz-980x829.jpg 980w, https:\/\/svitimprotebe.cz\/eshop\/wp-content\/uploads\/2022\/01\/ovladani_montaz-480x406.jpg 480w, https:\/\/svitimprotebe.cz\/eshop\/wp-content\/uploads\/2022\/01\/ovladani_montaz-600x507.jpg 600w\" sizes=\"(max-width: 800px) 100vw, 800px\" \/><\/p>\n<h4><\/h4>\n","protected":false},"excerpt":{"rendered":"<h4>basicDIM Wireless User Interface<\/h4>\n<p>D\u00e1lkov\u00fd ovlada\u010d k&nbsp;chytr\u00fdm zdroj\u016fm Casambi.<strong> Atraktivn\u00ed design<\/strong>, nen\u00e1ro\u010dn\u00e1 instalace a <strong>jednoduch\u00e9 nastaven\u00ed<\/strong> jasu LED p\u00e1sk\u016f.<\/p>\n","protected":false},"featured_media":8164,"template":"","meta":{"_acf_changed":false},"product_brand":[],"product_cat":[957,958],"product_tag":[52],"class_list":{"0":"post-5579","1":"product","2":"type-product","3":"status-publish","4":"has-post-thumbnail","6":"product_cat-ovladani-a-rizeni-osvetleni","7":"product_cat-rizeni-casambi","8":"product_tag-tridonic","9":"product_shipping_class-zakladni","10":"pa_delka-1035","11":"pa_meni-barvy-tw-varianta-ano","12":"pa_moznosti-ovladani-casambi","13":"pa_napajeni-baterie","14":"pa_sirka-prumer-1036","15":"pa_stmivatelne-ano","16":"pa_typ-produktu-ovladani-a-rizeni-osvetleni","17":"pa_vyska-962","19":"first","20":"instock","21":"taxable","22":"shipping-taxable","23":"purchasable","24":"product-type-variable"},"acf":[],"_links":{"self":[{"href":"https:\/\/svitimprotebe.cz\/eshop\/wp-json\/wp\/v2\/product\/5579","targetHints":{"allow":["GET"]}}],"collection":[{"href":"https:\/\/svitimprotebe.cz\/eshop\/wp-json\/wp\/v2\/product"}],"about":[{"href":"https:\/\/svitimprotebe.cz\/eshop\/wp-json\/wp\/v2\/types\/product"}],"version-history":[{"count":0,"href":"https:\/\/svitimprotebe.cz\/eshop\/wp-json\/wp\/v2\/product\/5579\/revisions"}],"wp:featuredmedia":[{"embeddable":true,"href":"https:\/\/svitimprotebe.cz\/eshop\/wp-json\/wp\/v2\/media\/8164"}],"wp:attachment":[{"href":"https:\/\/svitimprotebe.cz\/eshop\/wp-json\/wp\/v2\/media?parent=5579"}],"wp:term":[{"taxonomy":"product_brand","embeddable":true,"href":"https:\/\/svitimprotebe.cz\/eshop\/wp-json\/wp\/v2\/product_brand?post=5579"},{"taxonomy":"product_cat","embeddable":true,"href":"https:\/\/svitimprotebe.cz\/eshop\/wp-json\/wp\/v2\/product_cat?post=5579"},{"taxonomy":"product_tag","embeddable":true,"href":"https:\/\/svitimprotebe.cz\/eshop\/wp-json\/wp\/v2\/product_tag?post=5579"}],"curies":[{"name":"wp","href":"https:\/\/api.w.org\/{rel}","templated":true}]}}