{"id":57312,"date":"2023-03-04T09:25:59","date_gmt":"2023-03-04T08:25:59","guid":{"rendered":"https:\/\/svitimprotebe.cz\/eshop\/?post_type=product&#038;p=57312"},"modified":"2026-03-13T09:53:05","modified_gmt":"2026-03-13T08:53:05","slug":"led-zarovka-e27-7w-2700k-se-zastinenym-vrcholem","status":"publish","type":"product","link":"https:\/\/svitimprotebe.cz\/eshop\/led-zarovka-e27-7w-2700k-se-zastinenym-vrcholem\/","title":{"rendered":"LED \u017e\u00e1rovka E27&nbsp;7W 2700K se zast\u00edn\u011bn\u00fdm vrcholem"},"content":{"rendered":"<p>LED \u017e\u00e1rovka, kter\u00e1 vyza\u0159uje <strong>p\u0159\u00edjemnou teplou \u017elutou barvu<\/strong>, najde sv\u00e9 vyu\u017eit\u00ed zejm\u00e9na v&nbsp;m\u00edstnostech, kde str\u00e1v\u00edte obvykle jenom n\u011bkolik m\u00e1lo minut denn\u011b.<\/p>\n<h3>V\u00fdhody \u017e\u00e1rovky<\/h3>\n<ul class=\"simplelist\">\n<li>Zast\u00edn\u011bn\u00fd vrchol \u017e\u00e1rovky v&nbsp;zlat\u00e9 nebo st\u0159\u00edbrn\u00e9 barv\u011b vytv\u00e1\u0159\u00ed <strong>nad\u010dasov\u00fd design <\/strong>a z\u00e1rove\u0148 zaji\u0161\u0165uje, \u017ee v\u00e1s<strong> vyza\u0159ovan\u00e9 sv\u011btlo nebude osl\u0148ovat.<\/strong><\/li>\n<li>Sv\u011bteln\u00fd zdroj m\u00e1 inovativn\u00ed \u201efilamentovou&#8221; technologi\u00ed LED, d\u00edky kter\u00e9 je <strong>zachov\u00e1n vzhled klasick\u00e9 wolframov\u00e9 \u017e\u00e1rovky<\/strong>.<\/li>\n<\/ul>\n<p><strong>Ka\u017ed\u00e9 zdrav\u00e9 sv\u00edtidlo<\/strong> by m\u011blo v&nbsp;ide\u00e1ln\u00edm p\u0159\u00edpad\u011b v\u011brohodn\u011b <a href=\"https:\/\/www.svitimprotebe.cz\/doporucena-doba-pouzivani-svitidel\/\" target=\"_blank\" rel=\"noopener\">napodobovat p\u0159irozen\u00e9 sv\u011btlo<\/a>. N\u00e1\u0161 sortiment zdrav\u00e9ho osv\u011btlen\u00ed proto d\u011bl\u00edme do t\u0159ech sv\u011bteln\u00fdch sc\u00e9n \u2013 <strong>denn\u00ed, ve\u010dern\u00ed a no\u010dn\u00ed.<\/strong> Ka\u017ed\u00e1 tato sv\u011bteln\u00e1 sc\u00e9na m\u00e1 odli\u0161n\u00e9 sv\u011bteln\u00e9 vlastnosti stejn\u011b jako <a href=\"https:\/\/www.svitimprotebe.cz\/mereni-oblohy-a-slunce\/\" target=\"_blank\" rel=\"noopener\">obloha v&nbsp;r\u016fzn\u00fdch \u010d\u00e1stech dne<\/a>. Zdrav\u00e9 osv\u011btlen\u00ed doporu\u010dujeme hlavn\u011b do interi\u00e9r\u016f, ve kter\u00fdch pob\u00fdvaj\u00ed lid\u00e9 nebo zv\u00ed\u0159ata del\u0161\u00ed dobu. V&nbsp;m\u00edstnostech, jako jsou<strong> sklepy, \u0161pajzy, p\u0159eds\u00edn\u011b, technick\u00e9 m\u00edstnosti<\/strong> \u010d\u00ed<strong> p\u016fdy<\/strong>, ve kter\u00fdch str\u00e1v\u00edte obvykle jenom n\u011bkolik m\u00e1lo minut denn\u011b, nemus\u00edte rozli\u0161ovat mezi sv\u011bteln\u00fdmi sc\u00e9ny. Pro takov\u00e9 aplikace nab\u00edz\u00edme kompromis mezi sv\u011bteln\u00fdmi sc\u00e9ny, a to LED \u017e\u00e1rovku o teplot\u011b barvy 2700K.<\/p>\n<h3>Kam LED \u017e\u00e1rovku um\u00edstit?<\/h3>\n<p>D\u00edky zast\u00edn\u011bn\u00e9mu vrcholu t\u00e9to \u017e\u00e1rovky v\u00e1s nebude vyza\u0159ovan\u00e9 sv\u011btlo <a href=\"https:\/\/svitimprotebe.cz\/index-oslneni-ugr-unified-glare-rating\/\" target=\"_blank\" rel=\"noopener\">osl\u0148ovat<\/a>. <strong>Zast\u00edn\u011bn\u00e1 vrchn\u00ed \u010d\u00e1st toti\u017e sv\u011btlo zachycuje a odr\u00e1\u017e\u00ed jej do stropu m\u00edstnosti<\/strong>, d\u00edky \u010demu\u017e se vytv\u00e1\u0159\u00ed <strong>nep\u0159\u00edm\u00e9 osv\u011btlen\u00ed<\/strong>. Z&nbsp;toho d\u016fvodu ji m\u016f\u017eete bez probl\u00e9mu pou\u017e\u00edt samotnou bez st\u00ednidla.<\/p>\n<p><img fetchpriority=\"high\" decoding=\"async\" class=\"aligncenter wp-image-49871\" src=\"https:\/\/svitimprotebe.cz\/eshop\/wp-content\/uploads\/2022\/01\/Zarovky-s-vrchlikem-odraz-strop-1024x793.jpg\" alt=\"\" width=\"700\" height=\"542\" srcset=\"https:\/\/svitimprotebe.cz\/eshop\/wp-content\/uploads\/2022\/01\/Zarovky-s-vrchlikem-odraz-strop-1024x793.jpg 1024w, https:\/\/svitimprotebe.cz\/eshop\/wp-content\/uploads\/2022\/01\/Zarovky-s-vrchlikem-odraz-strop-scaled-740x573.jpg 740w, https:\/\/svitimprotebe.cz\/eshop\/wp-content\/uploads\/2022\/01\/Zarovky-s-vrchlikem-odraz-strop-300x232.jpg 300w, https:\/\/svitimprotebe.cz\/eshop\/wp-content\/uploads\/2022\/01\/Zarovky-s-vrchlikem-odraz-strop-768x595.jpg 768w, https:\/\/svitimprotebe.cz\/eshop\/wp-content\/uploads\/2022\/01\/Zarovky-s-vrchlikem-odraz-strop-1536x1190.jpg 1536w, https:\/\/svitimprotebe.cz\/eshop\/wp-content\/uploads\/2022\/01\/Zarovky-s-vrchlikem-odraz-strop-2048x1586.jpg 2048w, https:\/\/svitimprotebe.cz\/eshop\/wp-content\/uploads\/2022\/01\/Zarovky-s-vrchlikem-odraz-strop-1080x836.jpg 1080w, https:\/\/svitimprotebe.cz\/eshop\/wp-content\/uploads\/2022\/01\/Zarovky-s-vrchlikem-odraz-strop-1280x992.jpg 1280w, https:\/\/svitimprotebe.cz\/eshop\/wp-content\/uploads\/2022\/01\/Zarovky-s-vrchlikem-odraz-strop-980x759.jpg 980w, https:\/\/svitimprotebe.cz\/eshop\/wp-content\/uploads\/2022\/01\/Zarovky-s-vrchlikem-odraz-strop-480x372.jpg 480w, https:\/\/svitimprotebe.cz\/eshop\/wp-content\/uploads\/2022\/01\/Zarovky-s-vrchlikem-odraz-strop-600x465.jpg 600w\" sizes=\"(max-width: 700px) 100vw, 700px\" \/><\/p>\n<p>&nbsp;<\/p>\n<p>U LED \u017e\u00e1rovek o vy\u0161\u0161\u00edm v\u00fdkonu bez zast\u00edn\u011bn\u00e9ho vrcholu doporu\u010dujeme um\u00edstit je v\u017edy do st\u00ednidla tak, aby byla cel\u00e1 \u017e\u00e1rovka schovan\u00e1. To ale pro \u017e\u00e1rovku se zast\u00edn\u011bnou vrchn\u00ed \u010d\u00e1st\u00ed neplat\u00ed. Pokud tedy budete cht\u00edt <strong>\u017e\u00e1rovku um\u00edstit do st\u00ednidla, nebude vadit, pokud bude ur\u010dit\u00e1 \u010d\u00e1st p\u0159esahovat st\u00ednidlo<\/strong>. Vyza\u0159ovan\u00e9 sv\u011btlo se pot\u00e9 ji\u017e nebude odr\u00e1\u017eet od stropu m\u00edstnosti, ale <strong>d\u00edky st\u00ednidlu <\/strong>nasv\u00edt\u00ed danou pracovn\u00ed plochu v&nbsp;m\u00edstnosti, jako je t\u0159eba j\u00eddeln\u00ed st\u016fl. P\u0159i pou\u017eit\u00ed spole\u010dn\u011b s&nbsp;kulat\u00fdm st\u00ednidlem m\u016f\u017eeme o \u017e\u00e1rovce \u0159\u00edct, \u017ee vyza\u0159uje <strong>p\u0159\u00edm\u00e9 osv\u011btlen\u00ed<\/strong>.<\/p>\n<p><img decoding=\"async\" class=\"aligncenter wp-image-49870\" src=\"https:\/\/svitimprotebe.cz\/eshop\/wp-content\/uploads\/2022\/01\/Zarovky-s-vrchlikem-odraz-stinidlo-1024x635.jpg\" alt=\"\" width=\"800\" height=\"496\" srcset=\"https:\/\/svitimprotebe.cz\/eshop\/wp-content\/uploads\/2022\/01\/Zarovky-s-vrchlikem-odraz-stinidlo-1024x635.jpg 1024w, https:\/\/svitimprotebe.cz\/eshop\/wp-content\/uploads\/2022\/01\/Zarovky-s-vrchlikem-odraz-stinidlo-scaled-740x458.jpg 740w, https:\/\/svitimprotebe.cz\/eshop\/wp-content\/uploads\/2022\/01\/Zarovky-s-vrchlikem-odraz-stinidlo-300x186.jpg 300w, https:\/\/svitimprotebe.cz\/eshop\/wp-content\/uploads\/2022\/01\/Zarovky-s-vrchlikem-odraz-stinidlo-768x476.jpg 768w, https:\/\/svitimprotebe.cz\/eshop\/wp-content\/uploads\/2022\/01\/Zarovky-s-vrchlikem-odraz-stinidlo-1536x952.jpg 1536w, https:\/\/svitimprotebe.cz\/eshop\/wp-content\/uploads\/2022\/01\/Zarovky-s-vrchlikem-odraz-stinidlo-2048x1269.jpg 2048w, https:\/\/svitimprotebe.cz\/eshop\/wp-content\/uploads\/2022\/01\/Zarovky-s-vrchlikem-odraz-stinidlo-1080x669.jpg 1080w, https:\/\/svitimprotebe.cz\/eshop\/wp-content\/uploads\/2022\/01\/Zarovky-s-vrchlikem-odraz-stinidlo-1280x793.jpg 1280w, https:\/\/svitimprotebe.cz\/eshop\/wp-content\/uploads\/2022\/01\/Zarovky-s-vrchlikem-odraz-stinidlo-980x607.jpg 980w, https:\/\/svitimprotebe.cz\/eshop\/wp-content\/uploads\/2022\/01\/Zarovky-s-vrchlikem-odraz-stinidlo-480x297.jpg 480w, https:\/\/svitimprotebe.cz\/eshop\/wp-content\/uploads\/2022\/01\/Zarovky-s-vrchlikem-odraz-stinidlo-600x372.jpg 600w\" sizes=\"(max-width: 800px) 100vw, 800px\" \/><\/p>\n<p>&nbsp;<\/p>\n<p>Jestli\u017ee si nev\u00edte rady a pot\u0159ebuje poradit s&nbsp;v\u00fdb\u011brem a rozm\u00edst\u011bn\u00edm sv\u00edtidel ve va\u0161em domov\u011b, podniku, kancel\u00e1\u0159\u00edch nebo jin\u00fdch objektech, kter\u00e9 vlastn\u00edte, nev\u00e1hejte vyu\u017e\u00edt na\u0161ich slu\u017eeb. Prov\u00e1d\u00edme kompletn\u00ed \u0159e\u0161en\u00ed <a href=\"https:\/\/www.svitimprotebe.cz\/sluzby\/navrhy-vypocty-a-vizualizace-osvetleni\/\" target=\"_blank\" rel=\"noopener\">&#8220;NA KL\u00cd\u010c&#8221;, jen\u017e zahrnuje n\u00e1vrh, v\u00fdpo\u010dty, realizaci a mont\u00e1\u017e osv\u011btlen\u00ed<\/a>, d\u00edky kter\u00e9mu bude v\u00e1\u0161 domov \u010di podnik vybaven <a href=\"https:\/\/www.svitimprotebe.cz\/benefity-zdraveho-osvetleni\/\" target=\"_blank\" rel=\"noopener\">zdrav\u00fdm osv\u011btlen\u00edm<\/a>. Vypl\u0148te <a href=\"https:\/\/www.svitimprotebe.cz\/sejit-se\/\" target=\"_blank\" rel=\"noopener\">popt\u00e1vkov\u00fd formul\u00e1\u0159<\/a> pro \u00favodn\u00ed sch\u016fzku, kter\u00e1 je zdarma, je\u0161t\u011b dnes!<\/p>\n<h3>Z\u00e1vit E27<\/h3>\n<p>Pojem <strong>z\u00e1vit E27<\/strong> je v&nbsp;oblasti \u017e\u00e1rovek u\u017e zab\u011bhl\u00fd. Nicm\u00e9n\u011b i tak existuje mo\u017enost, \u017ee jste o z\u00e1vitu E27 je\u0161t\u011b nesly\u0161eli nebo sp\u00ed\u0161e nev\u00edte do kter\u00fdch sv\u00edtidel se pou\u017e\u00edv\u00e1. Proto v\u00e1m poskytneme v&nbsp;n\u00e1sleduj\u00edc\u00edch \u0159\u00e1dc\u00edch <strong>bli\u017e\u0161\u00ed informace<\/strong>.<\/p>\n<p>Z\u00e1vit m\u00e1 <strong>pr\u016fm\u011br 27 mm<\/strong>, d\u00edky tomu vzniklo <strong>ozna\u010den\u00ed E27<\/strong>. N\u011bkdy se tak\u00e9 pojmenov\u00e1v\u00e1 jako <strong>&#8220;velk\u00fd Edison\u016fv z\u00e1vit&#8221;<\/strong>. \u0160roubuje se do <strong>v\u011bt\u0161\u00edch sv\u00edtidel<\/strong>, nap\u0159\u00edklad do lustr\u016f, n\u00e1st\u011bnn\u00fdch sv\u00edtidel, stropn\u00edch sv\u00edtidel \u010di vysok\u00fdch lamp. \u017d\u00e1rovky se z\u00e1vitem E27, podobn\u011b jako men\u0161\u00ed verze \u017e\u00e1rovek se z\u00e1vitem E14, <strong>maj\u00ed zaoblen\u00fd tvar<\/strong>.<\/p>\n<p><img decoding=\"async\" class=\"size-medium wp-image-18577 aligncenter\" src=\"https:\/\/svitimprotebe.cz\/eshop\/wp-content\/uploads\/2022\/01\/zavit-e14-a-e27-300x300.jpg\" alt=\"\" width=\"300\" height=\"300\" srcset=\"https:\/\/svitimprotebe.cz\/eshop\/wp-content\/uploads\/2022\/01\/zavit-e14-a-e27-300x300.jpg 300w, https:\/\/svitimprotebe.cz\/eshop\/wp-content\/uploads\/2022\/01\/zavit-e14-a-e27-740x740.jpg 740w, https:\/\/svitimprotebe.cz\/eshop\/wp-content\/uploads\/2022\/01\/zavit-e14-a-e27-150x150.jpg 150w, https:\/\/svitimprotebe.cz\/eshop\/wp-content\/uploads\/2022\/01\/zavit-e14-a-e27-400x400.jpg 400w, https:\/\/svitimprotebe.cz\/eshop\/wp-content\/uploads\/2022\/01\/zavit-e14-a-e27-100x100.jpg 100w, https:\/\/svitimprotebe.cz\/eshop\/wp-content\/uploads\/2022\/01\/zavit-e14-a-e27-480x480.jpg 480w, https:\/\/svitimprotebe.cz\/eshop\/wp-content\/uploads\/2022\/01\/zavit-e14-a-e27-600x600.jpg 600w, https:\/\/svitimprotebe.cz\/eshop\/wp-content\/uploads\/2022\/01\/zavit-e14-a-e27.jpg 745w\" sizes=\"(max-width: 300px) 100vw, 300px\" \/><\/p>\n<p>Nejste si jisti, zdali do va\u0161eho sv\u00edtidla pat\u0159\u00ed \u017e\u00e1rovka se z\u00e1vitem E14 nebo E27? Postup pro zji\u0161t\u011bn\u00ed je jednoduch\u00fd. <strong>Vy\u0161roubujte starou \u017e\u00e1rovku<\/strong>, vezm\u011bte si metr \u010di prav\u00edtko a <strong>zm\u011b\u0159te si pr\u016fm\u011br z\u00e1vitu<\/strong>. Pokud nam\u011b\u0159\u00edte 27 mm, budete v\u011bd\u011bt, \u017ee se do va\u0161eho lustru \u010di n\u00e1st\u011bnn\u00e9ho sv\u00edtidla \u0161roubuje z\u00e1vit E27. Na obr\u00e1zku m\u016f\u017eete vid\u011bt rozd\u00edl mezi v\u011bt\u0161\u00edm z\u00e1vitem (E27) a men\u0161\u00edm z\u00e1vitem (E14).<\/p>\n<p>P\u0159ehled kompatibility LED sv\u011bteln\u00fdch zdroj\u016f se stm\u00edva\u010di ke sta\u017een\u00ed <a href=\"https:\/\/www.ledvance.cz\/profesionaln%C3%AD\/slu%C5%BEby\/ke-sta%C5%BEen%C3%AD\/index.jsp\">ZDE<\/a><\/p>\n","protected":false},"excerpt":{"rendered":"<p>LED \u017e\u00e1rovka 2700K se v\u00fdborn\u011b hod\u00ed pro <strong>nasv\u00edcen\u00ed prostor\u016f a m\u00edstnost\u00ed, ve kter\u00fdch tr\u00e1v\u00edte minimum \u010dasu<\/strong>. Doporu\u010dujeme ji tedy um\u00edstit nap\u0159\u00edklad do sklepu, \u0161pajzu, p\u0159eds\u00edn\u011b, gar\u00e1\u017ee \u010di na p\u016fdu.<\/p>\n","protected":false},"featured_media":57462,"template":"","meta":{"_acf_changed":false},"product_brand":[],"product_cat":[33,34,236],"product_tag":[62],"class_list":{"0":"post-57312","1":"product","2":"type-product","3":"status-publish","4":"has-post-thumbnail","6":"product_cat-zdrave-osvetleni","7":"product_cat-led-zarovky","8":"product_cat-zavit-e27","9":"product_tag-osram","10":"product_shipping_class-zakladni","11":"pa_chytra-zarovka-ne","12":"pa_material-kov","13":"pa_material-plast","14":"pa_material-sklo","15":"pa_meni-barvy-tw-varianta-ne","16":"pa_moznosti-ovladani-dle-typu-stmivace","17":"pa_napajeni-sit-230-ac","18":"pa_patice-zavit-e27","19":"pa_sirka-prumer-878","20":"pa_stmivatelne-ano","21":"pa_stupen-kryti-ip-ip20","22":"pa_svetelny-tok-601-800-lm","23":"pa_teplota-barvy-2700-3000-k","24":"pa_typ-produktu-led-zarovka","25":"pa_vhodne-do-chodba","26":"pa_vhodne-do-puda","27":"pa_vhodne-do-satna","28":"pa_vhodne-do-sklep","29":"pa_vhodne-do-spiz","30":"pa_vhodne-do-terasa","31":"pa_vykon-6-10-w","32":"pa_vyska-882","34":"first","35":"instock","36":"taxable","37":"shipping-taxable","38":"purchasable","39":"product-type-variable"},"acf":[],"_links":{"self":[{"href":"https:\/\/svitimprotebe.cz\/eshop\/wp-json\/wp\/v2\/product\/57312","targetHints":{"allow":["GET"]}}],"collection":[{"href":"https:\/\/svitimprotebe.cz\/eshop\/wp-json\/wp\/v2\/product"}],"about":[{"href":"https:\/\/svitimprotebe.cz\/eshop\/wp-json\/wp\/v2\/types\/product"}],"version-history":[{"count":0,"href":"https:\/\/svitimprotebe.cz\/eshop\/wp-json\/wp\/v2\/product\/57312\/revisions"}],"wp:featuredmedia":[{"embeddable":true,"href":"https:\/\/svitimprotebe.cz\/eshop\/wp-json\/wp\/v2\/media\/57462"}],"wp:attachment":[{"href":"https:\/\/svitimprotebe.cz\/eshop\/wp-json\/wp\/v2\/media?parent=57312"}],"wp:term":[{"taxonomy":"product_brand","embeddable":true,"href":"https:\/\/svitimprotebe.cz\/eshop\/wp-json\/wp\/v2\/product_brand?post=57312"},{"taxonomy":"product_cat","embeddable":true,"href":"https:\/\/svitimprotebe.cz\/eshop\/wp-json\/wp\/v2\/product_cat?post=57312"},{"taxonomy":"product_tag","embeddable":true,"href":"https:\/\/svitimprotebe.cz\/eshop\/wp-json\/wp\/v2\/product_tag?post=57312"}],"curies":[{"name":"wp","href":"https:\/\/api.w.org\/{rel}","templated":true}]}}