{"id":6339,"date":"2022-01-05T11:12:02","date_gmt":"2022-01-05T10:12:02","guid":{"rendered":"https:\/\/svitimprotebe.cz\/eshop\/produkt\/trackffect-5\/"},"modified":"2025-07-21T13:28:22","modified_gmt":"2025-07-21T11:28:22","slug":"trackffect-5","status":"publish","type":"product","link":"https:\/\/svitimprotebe.cz\/eshop\/trackffect-5\/","title":{"rendered":"LED sv\u00edtidlo trackFFECT 5&nbsp;33W 1800-16000K CRI90+"},"content":{"rendered":"<h3>Zdrav\u00e9 plnospektr\u00e1ln\u00ed osv\u011btlen\u00ed od <span class=\"JLqJ4b ChMk0b\" data-language-for-alternatives=\"cs\" data-language-to-translate-into=\"de\" data-phrase-index=\"5\" data-number-of-phrases=\"7\"><span class=\"Q4iAWc\">ARCLITE\u00ae<\/span><\/span><\/h3>\n<p>Zdrav\u00e9 <a href=\"https:\/\/svitimprotebe.cz\/eshop\/plnospektralni-zdrave-osvetleni\/plnospektralni-led-svitidla\/\" target=\"_blank\" rel=\"noopener\">plnospektr\u00e1ln\u00ed osv\u011btlen\u00ed<\/a><span class=\"JLqJ4b ChMk0b\" data-language-for-alternatives=\"cs\" data-language-to-translate-into=\"de\" data-phrase-index=\"5\" data-number-of-phrases=\"7\"><span class=\"Q4iAWc\">\u00a0<\/span><\/span><span class=\"JLqJ4b ChMk0b\" data-language-for-alternatives=\"cs\" data-language-to-translate-into=\"de\" data-phrase-index=\"0\" data-number-of-phrases=\"7\"><span class=\"Q4iAWc\">simuluje biorytmick\u00fd pr\u016fb\u011bh denn\u00edho sv\u011btla.<\/span><\/span> <span class=\"JLqJ4b ChMk0b\" data-language-for-alternatives=\"cs\" data-language-to-translate-into=\"de\" data-phrase-index=\"1\" data-number-of-phrases=\"7\"><span class=\"Q4iAWc\">D\u00edky tomu vytv\u00e1\u0159\u00ed v&nbsp;interi\u00e9ru sv\u011bteln\u00e9 podm\u00ednky podobn\u00e9 jako ve venkovn\u00edm prost\u0159ed\u00ed b\u011bhem dne.<\/span><\/span> <span class=\"JLqJ4b ChMk0b\" data-language-for-alternatives=\"cs\" data-language-to-translate-into=\"de\" data-phrase-index=\"2\" data-number-of-phrases=\"7\"><span class=\"Q4iAWc\">Za\u017eijte tak neust\u00e1le se m\u011bn\u00edc\u00ed intenzitu p\u0159irozen\u00e9ho denn\u00edho sv\u011btla a jeho barevn\u00fd p\u0159echod i ve va\u0161\u00ed kancel\u00e1\u0159i, konferen\u010dn\u00ed m\u00edstnosti \u010di jin\u00e9m vnit\u0159n\u00edm pracovn\u00edm prost\u0159ed\u00ed.<\/span><\/span> <span class=\"JLqJ4b ChMk0b\" data-language-for-alternatives=\"cs\" data-language-to-translate-into=\"de\" data-phrase-index=\"5\" data-number-of-phrases=\"7\"><span class=\"Q4iAWc\">Zdrav\u00e9 osv\u011btlen\u00ed od ARCLITE\u00ae m\u00e1 <strong>p\u0159\u00edjemn\u00fd sv\u011bteln\u00fd efekt<\/strong>, kter\u00fd pozitivn\u011b p\u016fsob\u00ed na zrakov\u00e9 vn\u00edm\u00e1n\u00ed, t\u011blesnou kondici, emoce a mnoho dal\u0161\u00edch biologick\u00fdch proces\u016f v&nbsp;lidsk\u00e9m t\u011ble.<\/span><\/span><\/p>\n<p><img fetchpriority=\"high\" decoding=\"async\" class=\"aligncenter wp-image-17977 size-full\" src=\"https:\/\/svitimprotebe.cz\/eshop\/wp-content\/uploads\/2022\/05\/Arclite-popis1.jpg\" alt=\"\" width=\"1888\" height=\"426\" srcset=\"https:\/\/svitimprotebe.cz\/eshop\/wp-content\/uploads\/2022\/05\/Arclite-popis1.jpg 1888w, https:\/\/svitimprotebe.cz\/eshop\/wp-content\/uploads\/2022\/05\/Arclite-popis1-300x68.jpg 300w, https:\/\/svitimprotebe.cz\/eshop\/wp-content\/uploads\/2022\/05\/Arclite-popis1-768x173.jpg 768w, https:\/\/svitimprotebe.cz\/eshop\/wp-content\/uploads\/2022\/05\/Arclite-popis1-1024x231.jpg 1024w, https:\/\/svitimprotebe.cz\/eshop\/wp-content\/uploads\/2022\/05\/Arclite-popis1-740x167.jpg 740w, https:\/\/svitimprotebe.cz\/eshop\/wp-content\/uploads\/2022\/05\/Arclite-popis1-1536x347.jpg 1536w, https:\/\/svitimprotebe.cz\/eshop\/wp-content\/uploads\/2022\/05\/Arclite-popis1-1080x244.jpg 1080w, https:\/\/svitimprotebe.cz\/eshop\/wp-content\/uploads\/2022\/05\/Arclite-popis1-1280x289.jpg 1280w, https:\/\/svitimprotebe.cz\/eshop\/wp-content\/uploads\/2022\/05\/Arclite-popis1-980x221.jpg 980w, https:\/\/svitimprotebe.cz\/eshop\/wp-content\/uploads\/2022\/05\/Arclite-popis1-480x108.jpg 480w, https:\/\/svitimprotebe.cz\/eshop\/wp-content\/uploads\/2022\/05\/Arclite-popis1-600x135.jpg 600w\" sizes=\"(max-width: 1888px) 100vw, 1888px\" \/><\/p>\n<h3>V\u00fdhody zdrav\u00e9ho osv\u011btlen\u00ed Arclite\u00ae FFECT\u00a9<\/h3>\n<ul>\n<li class=\"Standard\" style=\"text-align: left;\"><span lang=\"CS\">Imituje slune\u010dn\u00ed z\u00e1\u0159en\u00ed, d\u00edky \u010demu\u017e <strong>poskytuje p\u0159irozen\u00e9 sv\u011btlo.<\/strong><\/span><\/li>\n<li>Pozitivn\u011b ovliv\u0148uje n\u00e1ladu, blaho a pohodu.<\/li>\n<li><span lang=\"CS\">Zam\u011b\u0159uje se na lidskou pot\u0159ebu adekv\u00e1tn\u00edho mno\u017estv\u00ed a intenzity sv\u011btla b\u011bhem r\u016fzn\u00fdch \u010d\u00e1st\u00ed dne a <strong>r<\/strong><\/span><strong><span lang=\"CS\">ozli\u0161uje tak mezi\u00a0dnem, ve\u010derem a noc\u00ed.<\/span><\/strong><\/li>\n<li><span lang=\"CS\">P\u0159isp\u00edv\u00e1 k&nbsp;vy\u0161\u0161\u00ed aktivit\u011b a koncentraci b\u011bhem dne, n<\/span>aopak b\u011bhem ve\u010dern\u00edch hodin dopom\u00e1h\u00e1 k&nbsp;relaxaci, d\u00edky \u010demu\u017e se p<span lang=\"CS\">\u0159izp\u016fsobuje va\u0161emu <a href=\"https:\/\/svitimprotebe.cz\/cirkadianni-rytmus\/\" target=\"_blank\" rel=\"noopener\">cirkadi\u00e1nn\u00edmu rytmu.<\/a><\/span><\/li>\n<li>D\u00edky zm\u00edn\u011bn\u00fdm benefit\u016fm m\u00e1 v\u0161eobecn\u011b <strong>pozitivn\u00ed dopad na zdrav\u00ed \u010dlov\u011bka.<\/strong><\/li>\n<li><strong>Chytr\u00e9 sv\u00edtidlo<\/strong>, kter\u00e9 v\u00e1m umo\u017en\u00ed manu\u00e1ln\u011b ovl\u00e1dat intenzitu osv\u011btlen\u00ed i teplotu barvy p\u0159es <strong>s\u00ed\u0165 NeoLink\/ZigBee<\/strong> nebo <strong>aplikace Casambi a Dali DT8.<\/strong><\/li>\n<li>Z\u00e1rove\u0148 m\u016f\u017eete vyu\u017e\u00edt v\u00fdchoz\u00edho nastaven\u00ed, kter\u00e9 <strong>automaticky m\u011bn\u00ed intenzitu osv\u011btlen\u00ed a teplotu barvy sv\u011btla<\/strong> mezi tepl\u00fdmi a studen\u00fdmi barvami.<\/li>\n<li><strong>Rozsah n\u00e1klonu sv\u00edtidla je 180\u00b0<\/strong>, co\u017e umo\u017e\u0148uje nato\u010dit vyza\u0159ovac\u00ed plochu t\u00e9m\u011b\u0159 jakkoliv podle va\u0161ich po\u017eadavk\u016f.<\/li>\n<\/ul>\n<h3>V\u011bdeck\u00e1 studie o vlivu zdrav\u00e9ho osv\u011btlen\u00ed\u00a0<\/h3>\n<p>Ve <a href=\"https:\/\/www.ncbi.nlm.nih.gov\/pmc\/articles\/PMC1779263\/\" target=\"_blank\" rel=\"noopener\">studii<\/a> z&nbsp;roku 2007<span style=\"color: #ff0000;\">\u00a0<\/span>se v\u011bdci z&nbsp;Anglie zab\u00fdvali dopady zdrav\u00e9ho osv\u011btlen\u00ed na pohodu a pracovn\u00ed v\u00fdkonnost zam\u011bstnanc\u016f call centra. Zam\u011bstnanci byli rozd\u011bleni do dvou skupin, p\u0159i\u010dem\u017e prvn\u00ed skupina pracovala v&nbsp;m\u00edstnosti, kde bylo zabudov\u00e1no zdrav\u00e9 osv\u011btlen\u00ed, zat\u00edmco druh\u00e1 skupina byla vystavena konven\u010dn\u00edmu kancel\u00e1\u0159sk\u00e9mu osv\u011btlen\u00ed. Tato studie potvrdila, \u017ee zdrav\u00e9 osv\u011btlen\u00ed m\u00e1 skute\u010dn\u011b pozitivn\u00ed dopady na lidsk\u00e9 zdrav\u00ed. V\u011bdci toti\u017e vypozorovali, \u017ee <strong>zam\u011bstnanci, kte\u0159\u00ed byli vystaveni zdrav\u00e9mu plnospektr\u00e1ln\u00edmu sv\u011btlu, c\u00edtili mnohem v\u011bt\u0161\u00ed pohodu<\/strong>, co\u017e se odr\u00e1\u017eelo v&nbsp;jejich pracovn\u00edm i osobn\u00edm \u017eivot\u011b.<\/p>\n<p><img decoding=\"async\" class=\"aligncenter wp-image-17363 size-full\" src=\"https:\/\/svitimprotebe.cz\/eshop\/wp-content\/uploads\/2022\/01\/studies.jpg\" alt=\"\" width=\"1280\" height=\"304\" srcset=\"https:\/\/svitimprotebe.cz\/eshop\/wp-content\/uploads\/2022\/01\/studies.jpg 1280w, https:\/\/svitimprotebe.cz\/eshop\/wp-content\/uploads\/2022\/01\/studies-300x71.jpg 300w, https:\/\/svitimprotebe.cz\/eshop\/wp-content\/uploads\/2022\/01\/studies-768x182.jpg 768w, https:\/\/svitimprotebe.cz\/eshop\/wp-content\/uploads\/2022\/01\/studies-1024x243.jpg 1024w, https:\/\/svitimprotebe.cz\/eshop\/wp-content\/uploads\/2022\/01\/studies-740x176.jpg 740w, https:\/\/svitimprotebe.cz\/eshop\/wp-content\/uploads\/2022\/01\/studies-1080x257.jpg 1080w, https:\/\/svitimprotebe.cz\/eshop\/wp-content\/uploads\/2022\/01\/studies-980x233.jpg 980w, https:\/\/svitimprotebe.cz\/eshop\/wp-content\/uploads\/2022\/01\/studies-480x114.jpg 480w, https:\/\/svitimprotebe.cz\/eshop\/wp-content\/uploads\/2022\/01\/studies-600x143.jpg 600w\" sizes=\"(max-width: 1280px) 100vw, 1280px\" \/><\/p>\n<div class=\"gdc_row\"><div class=\"gdc_column gdc_ctwo-thirds\"><div class=\"gdc_inner\"><\/p>\n<h3>Osv\u011btlen\u00ed od Arclite vyu\u017e\u00edv\u00e1 patentovanou a inovativn\u00ed technologii sv\u011bteln\u00e9ho zdroje PI<sup>2<\/sup>-LED.<\/h3>\n<ul>\n<li>Mo\u017enost nastaven\u00ed sez\u00f3nn\u00ed a nesez\u00f3nn\u00ed zm\u011bny osv\u011btlen\u00ed. Nap\u0159\u00edklad b\u011bhem zimn\u00edch m\u011bs\u00edc\u016f pot\u0159ebujeme, aby sv\u00edtidlo vyza\u0159ovalo vy\u0161\u0161\u00ed mno\u017estv\u00ed sv\u011btla, nebo\u0165 do m\u00edstnosti nepronik\u00e1 dostatek p\u0159irozen\u00e9ho denn\u00edho sv\u011btla.<\/li>\n<li><strong>Individualn\u00ed volba vyza\u0159ovan\u00e9 barvy<\/strong> dle RGB sou\u0159adnic v&nbsp;r\u00e1mci PI<sup>2<\/sup>-LED barevn\u00fdch palet umo\u017e\u0148uje nastavit <a href=\"https:\/\/svitimprotebe.cz\/slovnicek-pojmu\/\" target=\"_blank\" rel=\"noopener\">teplotu chromati\u010dnosti<\/a> v&nbsp;rozmez\u00ed 1800 K&nbsp;a\u017e 16&nbsp;000 K.<\/li>\n<li>umo\u017e\u0148uje kalibraci s&nbsp;mo\u017enost\u00ed kompenzace barev s&nbsp;n\u00edzkou odchylkou.<\/li>\n<li>PI<sup>2<\/sup>-LED <strong>nem\u00e1 \u017e\u00e1dn\u00e9 \u0161kodliv\u00e9 biologick\u00e9 \u00fa\u010dinky<\/strong> dle normy IEEE 1789-2015.<\/li>\n<li>PI<sup>2<\/sup>-LED <strong>nezp\u016fsobuje \u017e\u00e1dn\u00fd stroboskopick\u00fd jev<\/strong>, nebo\u0165 spl\u0148uje doporu\u010den\u00e9 hodnoty parametr\u016f zdrav\u00e9ho sv\u00edtidla\u00a0 <a href=\"https:\/\/svitimprotebe.cz\/flikr-aneb-blikani-svetelnych-zdroju-pstlm-a-svm\/\" target=\"_blank\" rel=\"noopener\">PstLM a SVM &#8211; Flikr aneb blik\u00e1n\u00ed sv\u011bteln\u00fdch zdroj\u016f<\/a>, p\u0159i\u010dem\u017e pr\u00e1v\u011b blik\u00e1n\u00ed sv\u00edtidel je zodpov\u011bdn\u00e9 za vyvol\u00e1n\u00ed stroboskopick\u00e9ho jevu.<\/li>\n<li>PI<sup>2<\/sup>-LED m\u016f\u017eete vyu\u017e\u00edt i jako sv\u011bteln\u00fd zdroj pro nat\u00e1\u010den\u00ed ve filmov\u00e9m pr\u016fmyslu.<\/li>\n<\/ul>\n<p><\/div><\/div><div class=\"gdc_column gdc_cthird\"><div class=\"gdc_inner\"><br \/>\n<img decoding=\"async\" class=\"aligncenter wp-image-1676\" src=\"https:\/\/svitimprotebe.cz\/eshop\/wp-content\/uploads\/2021\/12\/pi2led.jpg\" alt=\"\" width=\"250\" height=\"70\" srcset=\"https:\/\/svitimprotebe.cz\/eshop\/wp-content\/uploads\/2021\/12\/pi2led.jpg 630w, https:\/\/svitimprotebe.cz\/eshop\/wp-content\/uploads\/2021\/12\/pi2led-300x84.jpg 300w, https:\/\/svitimprotebe.cz\/eshop\/wp-content\/uploads\/2021\/12\/pi2led-600x169.jpg 600w, https:\/\/svitimprotebe.cz\/eshop\/wp-content\/uploads\/2021\/12\/pi2led-480x135.jpg 480w\" sizes=\"(max-width: 250px) 100vw, 250px\" \/><\/p>\n<p><a href=\"https:\/\/lumitech.com\/wp-content\/uploads\/2020\/02\/LUMITECH_PILED_EN_mail.pdf\" target=\"_blank\" rel=\"noopener\"><img loading=\"lazy\" decoding=\"async\" class=\"aligncenter wp-image-4602\" src=\"https:\/\/www.svitimprotebe.cz\/wp-content\/uploads\/2021\/08\/PDF_ikona_nase-1024x576.jpg\" alt=\"\" width=\"220\" height=\"124\" \/><\/a><\/p>\n<p style=\"text-align: center;\">Inovativn\u00ed sv\u011bteln\u00fd zdroj<br \/>\n<a href=\"https:\/\/lumitech.com\/wp-content\/uploads\/2020\/02\/LUMITECH_PILED_EN_mail.pdf\" target=\"_blank\" rel=\"noopener\">PI-LED bro\u017eura EN<\/a><\/p>\n<p><\/div><\/div><\/div>\n<p><img loading=\"lazy\" decoding=\"async\" class=\"aligncenter wp-image-17978 size-full\" src=\"https:\/\/svitimprotebe.cz\/eshop\/wp-content\/uploads\/2022\/05\/Arclite-popis2.jpg\" alt=\"\" width=\"1986\" height=\"225\" srcset=\"https:\/\/svitimprotebe.cz\/eshop\/wp-content\/uploads\/2022\/05\/Arclite-popis2.jpg 1986w, https:\/\/svitimprotebe.cz\/eshop\/wp-content\/uploads\/2022\/05\/Arclite-popis2-300x34.jpg 300w, https:\/\/svitimprotebe.cz\/eshop\/wp-content\/uploads\/2022\/05\/Arclite-popis2-768x87.jpg 768w, https:\/\/svitimprotebe.cz\/eshop\/wp-content\/uploads\/2022\/05\/Arclite-popis2-1024x116.jpg 1024w, https:\/\/svitimprotebe.cz\/eshop\/wp-content\/uploads\/2022\/05\/Arclite-popis2-740x84.jpg 740w, https:\/\/svitimprotebe.cz\/eshop\/wp-content\/uploads\/2022\/05\/Arclite-popis2-1536x174.jpg 1536w, https:\/\/svitimprotebe.cz\/eshop\/wp-content\/uploads\/2022\/05\/Arclite-popis2-1080x122.jpg 1080w, https:\/\/svitimprotebe.cz\/eshop\/wp-content\/uploads\/2022\/05\/Arclite-popis2-1280x145.jpg 1280w, https:\/\/svitimprotebe.cz\/eshop\/wp-content\/uploads\/2022\/05\/Arclite-popis2-980x111.jpg 980w, https:\/\/svitimprotebe.cz\/eshop\/wp-content\/uploads\/2022\/05\/Arclite-popis2-480x54.jpg 480w, https:\/\/svitimprotebe.cz\/eshop\/wp-content\/uploads\/2022\/05\/Arclite-popis2-600x68.jpg 600w\" sizes=\"(max-width: 1986px) 100vw, 1986px\" \/><\/p>\n<h3>Dynamick\u00e9 a biorytmick\u00e9 osv\u011btlen\u00ed<\/h3>\n<p>Slune\u010dn\u00ed sv\u011btlo \u0159\u00edd\u00ed biorytmy ka\u017ed\u00e9ho organismu u\u017e od prad\u00e1vna a m\u00e1 <strong>v\u00fdznamn\u00fd dopad na na\u0161e zdrav\u00ed a blaho<\/strong>. Proto by se ka\u017ed\u00e9 um\u011bl\u00e9 osv\u011btlen\u00ed m\u011blo sv\u00fdmi sv\u011bteln\u00fdmi vlastnostmi co mo\u017en\u00e1 nejv\u00edce p\u0159ibl\u00ed\u017eit slune\u010dn\u00edmu z\u00e1\u0159en\u00ed. Zdrav\u00e9 osv\u011btlen\u00ed od spole\u010dnosti Arclite <a href=\"https:\/\/svitimprotebe.cz\/mereni-oblohy\/\" target=\"_blank\" rel=\"noopener\">napodobuje p\u0159irozen\u00e9 denn\u00ed sv\u011btlo<\/a>, jeho kvalitu, <a href=\"https:\/\/svitimprotebe.cz\/slovnicek-pojmu\/\" target=\"_blank\" rel=\"noopener\">spektr\u00e1ln\u00ed slo\u017een\u00ed<\/a> i plynul\u00e9 zm\u011bny barev vyza\u0159ovan\u00e9ho sv\u011btla b\u011bhem dne. Tyto vlastnosti maj\u00ed prokazateln\u011b\u00a0<strong>pozitivn\u00ed vliv na na\u0161e vnit\u0159n\u00ed hodiny<\/strong>, d\u00edky \u010demu\u017e budete moci pozorovat zlep\u0161en\u00ed zdrav\u00ed a zv\u00fd\u0161enou schopnost koncentrace. Pro v\u00edce informac\u00ed o mo\u017enostech a syst\u00e9mech \u0159\u00edzen\u00ed inteligentn\u00edho biodynamick\u00e9ho osv\u011btlen\u00ed od Arclite mrkn\u011bte na blogov\u00fd \u010dl\u00e1nek <a href=\"https:\/\/svitimprotebe.cz\/chytre-ovladani-svitidel-pres-bluetooth-neolink-zigbee-dali\/\" target=\"_blank\" rel=\"noopener\">Chytr\u00e9 ovl\u00e1d\u00e1n\u00ed sv\u00edtidel p\u0159es Bluetooth \/ Neolink \/ ZigBee \/ DALI<\/a>.<\/p>\n<h3>Zdrav\u00e9 osv\u011btlen\u00ed od\u00a0<\/strong><strong>Arclite\u00ae FFECT\u00a9\u00a0<\/strong><strong>je<\/h3>\n<p><img loading=\"lazy\" decoding=\"async\" class=\"aligncenter wp-image-9057 size-large\" src=\"https:\/\/www.svitimprotebe.cz\/wp-content\/uploads\/2021\/10\/Prezentace4-2-e1633950840299-1024x348.jpg\" alt=\"\" width=\"1024\" height=\"348\" \/><\/p>\n<ul>\n<li><em><strong>Norma EN 12464<\/strong><\/em> &#8211; specifikuje po\u017eadavky na vlastnosti sv\u00edtidel um\u00edst\u011bn\u00fdch ve vnit\u0159n\u00edch pracovn\u00edch prostorech z&nbsp;hlediska intenzity a jakosti osv\u011btlen\u00ed. Spln\u011bn\u00edm t\u00e9to normy poskytuj\u00ed sv\u00edtidla od Arclite <strong>dostatek kvalitn\u00edho sv\u011btla pro zrakov\u00e9 \u00fakoly<\/strong>.<\/li>\n<li><em><strong>P\u0159edpis DIN SPEC 5031-100 <\/strong><\/em>a <em><strong>Norma CEN\/TR 16791<\/strong><\/em> &#8211; hodnot\u00ed <a href=\"https:\/\/svitimprotebe.cz\/nevizualni-system\/\" target=\"_blank\" rel=\"noopener\">nevizu\u00e1ln\u00ed \u00fa\u010dinky<\/a> p\u0159ijat\u00e9 lidsk\u00fdm okem p\u0159i vystaven\u00ed se um\u011bl\u00e9mu osv\u011btlen\u00ed.<\/li>\n<li><em><strong>P\u0159edpis DIN SPEC 67600 <\/strong><\/em>&#8211; ur\u010duje po\u017eadavky na sv\u011bteln\u00e9 vlastnosti osv\u011btlen\u00ed podle \u00fa\u010delu pou\u017eit\u00ed m\u00edstnosti. Oproti EN12464 zohled\u0148uje nav\u00edc i dopad na lidsk\u00e9 zdrav\u00ed.<\/li>\n<\/ul>\n<h3>Kam sv\u00edtidla\u00a0<\/strong><strong>Arclite\u00ae FFECT\u00a9 um\u00edstit?<\/h3>\n<div class=\"gdc_row\"><div class=\"gdc_column gdc_cthird\"><div class=\"gdc_inner\"><\/p>\n<p><img loading=\"lazy\" decoding=\"async\" class=\"wp-image-9011 size-full aligncenter\" src=\"https:\/\/www.svitimprotebe.cz\/wp-content\/uploads\/2021\/10\/levy.jpg\" alt=\"\" width=\"1007\" height=\"622\" \/><\/p>\n<p><strong>Kancel\u00e1\u0159e\u00a0<\/strong><\/p>\n<p><em>U vnit\u0159n\u00edch pracovi\u0161\u0165 mus\u00ed b\u00fdt zaji\u0161t\u011bno osv\u011btlen\u00ed s&nbsp;<a href=\"https:\/\/svitimprotebe.cz\/color-rendering-index-cri\/\" target=\"_blank\" rel=\"noopener\">indexem pod\u00e1n\u00ed barev<\/a> CRI nejm\u00e9n\u011b 80 (\u010d\u00edm vy\u0161\u0161\u00ed hodnota, t\u00edm v\u011brohodn\u011bji napodobuje slune\u010dn\u00ed z\u00e1\u0159en\u00ed)<\/em>. Dle normy EN 12464-1 je vy\u017eadov\u00e1n index pod\u00e1n\u00ed barev vy\u0161\u0161\u00ed jak 80 ve v\u0161ech pr\u016fmyslov\u00fdch oblastech. Zdrav\u00e9 osv\u011btlen\u00ed od Arclite\u00ae s&nbsp;technologi\u00ed sv\u011bteln\u00e9ho zdroje PI\u00b2-LED a indexem pod\u00e1n\u00ed barev rovn\u00fdm 95 je <strong>skv\u011bl\u00fdm \u0159e\u0161en\u00edm pro v\u0161echna vnit\u0159n\u00ed pracovi\u0161t\u011b<\/strong>. Zvy\u0161uje toti\u017e v\u00fdkonnost, zlep\u0161uje koncentraci a sni\u017euje riziko pracovn\u00ed neschopnosti. Krom\u011b indexu pod\u00e1n\u00ed barev je d\u016fle\u017eit\u00e1 i adekv\u00e1tn\u00ed intenzita sv\u011btla a rovnom\u011brnost jeho rozlo\u017een\u00ed v&nbsp;uzav\u0159en\u00e9m prostoru, co\u017e sv\u00edtidla od Arclite\u00ae rovn\u011b\u017e spl\u0148uj\u00ed.<\/p>\n<p><\/div><\/div><div class=\"gdc_column gdc_cthird\"><div class=\"gdc_inner\"><\/p>\n<p><img loading=\"lazy\" decoding=\"async\" class=\"wp-image-9017 size-full aligncenter\" src=\"https:\/\/www.svitimprotebe.cz\/wp-content\/uploads\/2021\/10\/stred.jpg\" alt=\"\" width=\"1005\" height=\"621\" \/><\/p>\n<p><strong>Instituce s&nbsp;p\u00e9\u010d\u00ed<\/strong><\/p>\n<p><em>V\u011bdeck\u00e9 studie ukazuj\u00ed, \u017ee sv\u011btlo m\u00e1 citeln\u00fd vliv na vitalitu a zdrav\u00ed \u010dlov\u011bka.<\/em> Mnoho lid\u00ed, kte\u0159\u00ed pot\u0159ebuj\u00ed l\u00e9ka\u0159skou p\u00e9\u010di, pob\u00fdvaj\u00ed v&nbsp;domovech d\u016fchodc\u016f nebo v&nbsp;jin\u00fdch pe\u010dovatelsk\u00fdch instituc\u00edch, trp\u00ed nedostatkem p\u0159irozen\u00e9ho sv\u011btla. Av\u0161ak pr\u00e1v\u011b nedostate\u010dn\u00fd p\u0159\u00edsun denn\u00edho sv\u011btla m\u00e1 s&nbsp;nejv\u011bt\u0161\u00ed pravd\u011bpodobnost\u00ed za n\u00e1sledek zhor\u0161en\u00ed u\u017e tak naru\u0161en\u00e9ho zdravotn\u00edho stavu. Zdrav\u00e9 osv\u011btlen\u00ed od Arclite\u00ae tak m\u016f\u017ee m\u00edt d\u00edky kop\u00edrov\u00e1n\u00ed p\u0159irozen\u00e9ho denn\u00edho sv\u011btla a jeho vlastnost\u00ed zvl\u00e1\u0161\u0165 pro denn\u00ed a no\u010dn\u00ed dobu <strong>pozitivn\u00ed vliv na \u201evnit\u0159n\u00ed hodiny\u201c pacienta a jeho zdrav\u00ed<\/strong>.<\/p>\n<p><\/div><\/div><div class=\"gdc_column gdc_cthird\"><div class=\"gdc_inner\"><\/p>\n<p><img loading=\"lazy\" decoding=\"async\" class=\"wp-image-9014 size-full aligncenter\" src=\"https:\/\/www.svitimprotebe.cz\/wp-content\/uploads\/2021\/10\/pravy.jpg\" alt=\"\" width=\"995\" height=\"622\" \/><\/p>\n<p><strong>Prostory pro sport<\/strong><\/p>\n<p><em>Od \u00fasvitu p\u0159es denn\u00ed modrou oblohu a\u017e do z\u00e1padu slunce, to v\u0161e m\u00e1 napodobit zdrav\u00e9 osv\u011btlen\u00ed.<\/em> Lid\u00e9 tr\u00e1v\u00ed v&nbsp;dne\u0161n\u00ed dob\u011b velkou \u010d\u00e1st dne\u00a0 v&nbsp;uzav\u0159en\u00fdch m\u00edstnostech, kde jsou vystaveni um\u011bl\u00e9mu osv\u011btlen\u00ed. Mnoho lid\u00ed nav\u00edc i v&nbsp;dob\u011b, kdy se v\u011bnuj\u00ed sv\u00e9mu obl\u00edben\u00e9mu sportu. Jejich organismus tak m\u016f\u017ee postr\u00e1dat sign\u00e1l pro vy\u0161\u0161\u00ed aktivitu p\u0159ich\u00e1zej\u00edc\u00ed z&nbsp;denn\u00ed modr\u00e9 oblohy. Osv\u011btlen\u00ed od Arclite\u00ae um\u00ed vyza\u0159ovat takov\u00e9 sv\u011btlo, kter\u00e9 simuluje jasnou modrou oblohu. <strong>D\u00edky Arclite\u00ae osv\u011btlen\u00ed se budete b\u011bhem sportu c\u00edtit l\u00e9pe<\/strong>, nabit\u00ed energi\u00ed a p\u0159ipraveni na maxim\u00e1ln\u00ed sportovn\u00ed v\u00fdkony i uvnit\u0159 budov.<\/p>\n<p><\/div><\/div><\/div>\n","protected":false},"excerpt":{"rendered":"<p>Sv\u00edtidlo trackFFECT 5 se hod\u00ed do obchodn\u00edch center, komer\u010dn\u00edch prostor\u016f a v\u0161ech dal\u0161\u00ed interi\u00e9r\u016f. Jedn\u00e1 se o <strong>zdrav\u00e9 sv\u00edtidlo<\/strong>, kter\u00e9 sv\u00fdmi sv\u011bteln\u00fdmi vlastnostmi <strong>napodobuje p\u0159irozen\u00e9 sv\u011btlo v&nbsp;pr\u016fb\u011bhu dne<\/strong>. Tato funkce m\u00e1 <strong>pozitivn\u00ed vliv na koncentraci a n\u00e1ladu<\/strong> pro ka\u017ed\u00e9ho, kdo tr\u00e1v\u00ed b\u011bhem dne mnoho \u010dasu v&nbsp;uzav\u0159en\u00fdch prostor\u00e1ch.<\/p>\n","protected":false},"featured_media":18053,"template":"","meta":{"_acf_changed":false},"product_brand":[],"product_cat":[304,2018,23,570],"product_tag":[192],"class_list":{"0":"post-6339","1":"product","2":"type-product","3":"status-publish","4":"has-post-thumbnail","6":"product_cat-plnospektralni-led-svitidla","7":"product_cat-plnospektralni-led-svitidla-podle-typu-montaze","8":"product_cat-plnospektralni-zdrave-osvetleni","9":"product_cat-stropni-plnospektralni","10":"product_tag-arclite","11":"product_shipping_class-zakladni","12":"pa_barva-svitidla-bila","13":"pa_chytre-svitidlo-ano","14":"pa_delka-1332","15":"pa_doba-pouzivani-celodenni-osvetleni-24-h","16":"pa_doba-pouzivani-probouzeni-svetlem","17":"pa_material-kov","18":"pa_material-plast","19":"pa_material-sklo","20":"pa_meni-barvy-tw-varianta-ano","21":"pa_moznosti-ovladani-casambi","22":"pa_moznosti-ovladani-zigbee","23":"pa_moznosti-ovladani-dali","24":"pa_napajeni-sit-230-ac","25":"pa_sirka-prumer-1036","26":"pa_stmivatelne-ano","27":"pa_stupen-kryti-ip-ip20","28":"pa_styl-industrialni","29":"pa_styl-minimalisticky-a-seversky","30":"pa_styl-moderni","31":"pa_svetelny-tok-2401-2600-lm","32":"pa_teplota-barvy-1800-2100-k","33":"pa_teplota-barvy-2200-2500-k","34":"pa_teplota-barvy-2700-3000-k","35":"pa_teplota-barvy-4000-5000-k","36":"pa_teplota-barvy-6000-6500-k","37":"pa_teplota-barvy-6500-16-000-k","38":"pa_tvar-svitidla-kruhove","39":"pa_typ-produktu-led-svitidlo","40":"pa_umisteni-montaz-stropni","41":"pa_vykon-21-35-w","42":"pa_vymenitelny-svetelny-zdroj-ne","43":"pa_vyska-1333","44":"pa_zpusob-vyzarovani-prime","45":"pa_zpusob-zapojeni-prime-zapojeni","47":"first","48":"onbackorder","49":"taxable","50":"shipping-taxable","51":"purchasable","52":"product-type-simple"},"acf":[],"_links":{"self":[{"href":"https:\/\/svitimprotebe.cz\/eshop\/wp-json\/wp\/v2\/product\/6339","targetHints":{"allow":["GET"]}}],"collection":[{"href":"https:\/\/svitimprotebe.cz\/eshop\/wp-json\/wp\/v2\/product"}],"about":[{"href":"https:\/\/svitimprotebe.cz\/eshop\/wp-json\/wp\/v2\/types\/product"}],"version-history":[{"count":0,"href":"https:\/\/svitimprotebe.cz\/eshop\/wp-json\/wp\/v2\/product\/6339\/revisions"}],"wp:featuredmedia":[{"embeddable":true,"href":"https:\/\/svitimprotebe.cz\/eshop\/wp-json\/wp\/v2\/media\/18053"}],"wp:attachment":[{"href":"https:\/\/svitimprotebe.cz\/eshop\/wp-json\/wp\/v2\/media?parent=6339"}],"wp:term":[{"taxonomy":"product_brand","embeddable":true,"href":"https:\/\/svitimprotebe.cz\/eshop\/wp-json\/wp\/v2\/product_brand?post=6339"},{"taxonomy":"product_cat","embeddable":true,"href":"https:\/\/svitimprotebe.cz\/eshop\/wp-json\/wp\/v2\/product_cat?post=6339"},{"taxonomy":"product_tag","embeddable":true,"href":"https:\/\/svitimprotebe.cz\/eshop\/wp-json\/wp\/v2\/product_tag?post=6339"}],"curies":[{"name":"wp","href":"https:\/\/api.w.org\/{rel}","templated":true}]}}