{"id":6465,"date":"2022-01-05T14:44:16","date_gmt":"2022-01-05T13:44:16","guid":{"rendered":"https:\/\/svitimprotebe.cz\/eshop\/produkt\/led-zarovka-e27-4w-2400k-pine\/"},"modified":"2026-02-17T22:17:32","modified_gmt":"2026-02-17T21:17:32","slug":"led-zarovka-vintage-e27-4w-2400k","status":"publish","type":"product","link":"https:\/\/svitimprotebe.cz\/eshop\/led-zarovka-vintage-e27-4w-2400k\/","title":{"rendered":"LED \u017e\u00e1rovka Vintage E27&nbsp;4W 2400K"},"content":{"rendered":"<p>Tato LED \u017e\u00e1rovka vyza\u0159uje p\u0159\u00edjemnou teplou \u017elutou barvu, kter\u00e1 je <strong>ide\u00e1ln\u00ed pro sv\u00edcen\u00ed ve ve\u010dern\u00edch hodin\u00e1ch<\/strong>. Takov\u00e1 barva se podob\u00e1 sv\u011btlu ho\u0159\u00edc\u00ed sv\u00ed\u010dky nebo ohn\u011b.<\/p>\n<h3>Pro\u010d je d\u016fle\u017eit\u00e9 ve ve\u010dern\u00edch hodin\u00e1ch sv\u00edtit teplou barvou sv\u011btla?<\/h3>\n<p>Mo\u017en\u00e1 jste u\u017e zaslechli o tom, \u017ee vyza\u0159ovan\u00e9 sv\u011btlo dopadaj\u00edc\u00ed na zornici <a href=\"https:\/\/www.svitimprotebe.cz\/lidske-oko\/\" target=\"_blank\" rel=\"noopener\">lidsk\u00e9ho oka<\/a> v&nbsp;dob\u011b p\u0159ed sp\u00e1nkem z\u00e1sadn\u00edm zp\u016fsobem ovliv\u0148uje jeho kvalitu<strong>.<\/strong>\u00a0Ne nadarmo se traduje, \u017ee <a href=\"https:\/\/svitimprotebe.cz\/svetlo-bez-modre-slozky-zdravy-spanek-zarucen\/\" target=\"_blank\" rel=\"noopener\">kvalitn\u00ed sp\u00e1nek<\/a> tvo\u0159\u00ed velkou \u010d\u00e1st pomysln\u00e9 mozaiky lidsk\u00e9ho zdrav\u00ed. A pr\u00e1v\u011b z&nbsp;tohoto d\u016fvodu <strong>bychom m\u011bli b\u00fdt pe\u010dliv\u00ed p\u0159i v\u00fdb\u011bru sv\u00edtidel pou\u017e\u00edvan\u00fdch ve ve\u010dern\u00edch hodin\u00e1ch<\/strong>.\u00a0Proto doporu\u010dujeme tuto LED \u017e\u00e1rovku, kter\u00e1 obsahuje pouze <strong>nepatrn\u00fd zlomek modr\u00e9ho sv\u011btla, <\/strong>pou\u017e\u00edvat pr\u00e1v\u011b v&nbsp;dob\u011b dvou hodin p\u0159ed ulehnut\u00edm do postele. Nepatrn\u00fd nebo \u017e\u00e1dn\u00fd obsah modr\u00e9ho sv\u011btla, kter\u00e9 bychom m\u011bli mimochodem <a href=\"https:\/\/svitimprotebe.cz\/jak-nam-telefony-kazi-spanek-a-co-proti-tomu-delat\/\" target=\"_blank\" rel=\"noopener\">omezit na v\u0161ech elektronick\u00fdch za\u0159\u00edzen\u00edch<\/a>, v&nbsp;naprost\u00e9 v\u011bt\u0161in\u011b p\u0159\u00edpad\u016f nem\u00e1 negativn\u00ed vliv na vyplavov\u00e1n\u00ed <strong>sp\u00e1nkov\u00e9ho hormonu melatoninu<\/strong>.<\/p>\n<p>Jestli\u017ee budete <strong>sv\u00edtit bez modr\u00e9ho sv\u011btla<\/strong> (nebo pouze s&nbsp;jeho zanedbateln\u00fdm mno\u017estv\u00edm) <strong>ve ve\u010dern\u00edch hodin\u00e1ch<\/strong>, podpo\u0159\u00edte nav\u00edc sv\u016fj <a href=\"https:\/\/www.svitimprotebe.cz\/vyznam-rytmu\/\" target=\"_blank\" rel=\"noopener\">cirkadi\u00e1nn\u00ed rytmus<\/a>, kter\u00fd pozitivn\u011b p\u016fsob\u00ed na \u0159adu fyziologick\u00fdch d\u011bj\u016f v&nbsp;lidsk\u00e9m t\u011ble. Dle odborn\u00edka na zdrav\u00e9 osv\u011btlen\u00ed Filipa Rumla plat\u00ed obecn\u00e9 tvrzen\u00ed: <strong>\u010d\u00edm m\u00e9n\u011b modr\u00e9 slo\u017eky sv\u011btla ve ve\u010dern\u00edch hodin\u00e1ch, t\u00edm l\u00e9pe<\/strong>. Av\u0161ak ka\u017ed\u00fd \u010dlov\u011bk je na modr\u00e9 sv\u011btlo ve ve\u010dern\u00edch hodin\u00e1ch jinak citliv\u00fd. Zat\u00edmco v\u00e1m nemus\u00ed vadit pod\u00edl modr\u00e9 slo\u017eky sv\u011btla p\u0159i teplot\u011b barvy 2200K, nap\u0159\u00edklad va\u0161eho partnera\/partnerku m\u016f\u017ee tato teplota barvy obt\u011b\u017eovat a zvolil by sp\u00ed\u0161e \u017e\u00e1rovku s&nbsp;teplotou barvy sv\u011btla 1800K.<\/p>\n<p>V na\u0161em sortimentu proto naleznete LED \u017e\u00e1rovky ur\u010den\u00e9 pro ve\u010dern\u00ed sv\u00edcen\u00ed s&nbsp;r\u016fzn\u00fdm mno\u017estv\u00edm modr\u00e9ho sv\u011btla. <strong>M\u011bn\u00edc\u00ed se pod\u00edl modr\u00e9 slo\u017eky sv\u011btla <\/strong>s rostouc\u00ed <a href=\"https:\/\/www.svitimprotebe.cz\/slovnicek-pojmu\/\" target=\"_blank\" rel=\"noopener\">teplotou barvy<\/a> od 1600K do 2200K m\u016f\u017eete vid\u011bt na n\u00e1sleduj\u00edc\u00edch obr\u00e1zc\u00edch.<\/p>\n<div class=\"gdc_row\"><div class=\"gdc_column gdc_cquarter\"><div class=\"gdc_inner\"><br \/>\n<img fetchpriority=\"high\" decoding=\"async\" class=\"aligncenter wp-image-9448\" src=\"https:\/\/svitimprotebe.cz\/eshop\/wp-content\/uploads\/2022\/01\/ChartName-001-1600K.jpg\" alt=\"\" width=\"400\" height=\"220\" srcset=\"https:\/\/svitimprotebe.cz\/eshop\/wp-content\/uploads\/2022\/01\/ChartName-001-1600K.jpg 1000w, https:\/\/svitimprotebe.cz\/eshop\/wp-content\/uploads\/2022\/01\/ChartName-001-1600K-300x165.jpg 300w, https:\/\/svitimprotebe.cz\/eshop\/wp-content\/uploads\/2022\/01\/ChartName-001-1600K-768x422.jpg 768w, https:\/\/svitimprotebe.cz\/eshop\/wp-content\/uploads\/2022\/01\/ChartName-001-1600K-740x407.jpg 740w, https:\/\/svitimprotebe.cz\/eshop\/wp-content\/uploads\/2022\/01\/ChartName-001-1600K-980x539.jpg 980w, https:\/\/svitimprotebe.cz\/eshop\/wp-content\/uploads\/2022\/01\/ChartName-001-1600K-480x264.jpg 480w, https:\/\/svitimprotebe.cz\/eshop\/wp-content\/uploads\/2022\/01\/ChartName-001-1600K-600x330.jpg 600w\" sizes=\"(max-width: 400px) 100vw, 400px\" \/><\/p>\n<p style=\"text-align: center;\">Mno\u017estv\u00ed modr\u00e9ho sv\u011btla p\u0159i teplot\u011b barvy <strong>1600K. <\/strong>Tento nepatrn\u00fd pod\u00edl modr\u00e9 slo\u017eky sv\u011btla obsahuje <a href=\"http:\/\/svitimprotebe.cz\/eshop\/led-zarovka-ledvance-e27-2-5w-1600k-oranzova\" target=\"_blank\" rel=\"noopener\">LED \u017e\u00e1rovka Ledvance E27&nbsp;2,5W 1600K<\/a><\/p>\n<p><\/div><\/div><div class=\"gdc_column gdc_cquarter\"><div class=\"gdc_inner\"><br \/>\n<img decoding=\"async\" class=\"aligncenter wp-image-9449\" src=\"https:\/\/svitimprotebe.cz\/eshop\/wp-content\/uploads\/2022\/01\/ChartName-0023-1800K.jpg\" alt=\"\" width=\"400\" height=\"220\" srcset=\"https:\/\/svitimprotebe.cz\/eshop\/wp-content\/uploads\/2022\/01\/ChartName-0023-1800K.jpg 1000w, https:\/\/svitimprotebe.cz\/eshop\/wp-content\/uploads\/2022\/01\/ChartName-0023-1800K-300x165.jpg 300w, https:\/\/svitimprotebe.cz\/eshop\/wp-content\/uploads\/2022\/01\/ChartName-0023-1800K-768x422.jpg 768w, https:\/\/svitimprotebe.cz\/eshop\/wp-content\/uploads\/2022\/01\/ChartName-0023-1800K-740x407.jpg 740w, https:\/\/svitimprotebe.cz\/eshop\/wp-content\/uploads\/2022\/01\/ChartName-0023-1800K-980x539.jpg 980w, https:\/\/svitimprotebe.cz\/eshop\/wp-content\/uploads\/2022\/01\/ChartName-0023-1800K-480x264.jpg 480w, https:\/\/svitimprotebe.cz\/eshop\/wp-content\/uploads\/2022\/01\/ChartName-0023-1800K-600x330.jpg 600w\" sizes=\"(max-width: 400px) 100vw, 400px\" \/><\/p>\n<p style=\"text-align: center;\">Mno\u017estv\u00ed modr\u00e9ho sv\u011btla p\u0159i teplot\u011b barvy <strong>1800K<\/strong>. Takovou teplotou barvy sv\u00edt\u00ed nap\u0159\u00edklad <a href=\"http:\/\/svitimprotebe.cz\/eshop\/led-zarovka-vintage-e27-4w-1800k-g200\/\" target=\"_blank\" rel=\"noopener\">LED \u017e\u00e1rovka Vintage E27&nbsp;4W 1800K G200<\/a>.<\/p>\n<p style=\"text-align: center;\">.<\/p>\n<p><\/div><\/div><div class=\"gdc_column gdc_cquarter\"><div class=\"gdc_inner\"><br \/>\n<img decoding=\"async\" class=\"aligncenter wp-image-9894\" src=\"https:\/\/svitimprotebe.cz\/eshop\/wp-content\/uploads\/2021\/12\/e14-2000K-scaled.jpg\" alt=\"\" width=\"400\" height=\"220\" srcset=\"https:\/\/svitimprotebe.cz\/eshop\/wp-content\/uploads\/2021\/12\/e14-2000K-scaled.jpg 2560w, https:\/\/svitimprotebe.cz\/eshop\/wp-content\/uploads\/2021\/12\/e14-2000K-300x165.jpg 300w, https:\/\/svitimprotebe.cz\/eshop\/wp-content\/uploads\/2021\/12\/e14-2000K-768x422.jpg 768w, https:\/\/svitimprotebe.cz\/eshop\/wp-content\/uploads\/2021\/12\/e14-2000K-1024x563.jpg 1024w, https:\/\/svitimprotebe.cz\/eshop\/wp-content\/uploads\/2021\/12\/e14-2000K-scaled-740x407.jpg 740w, https:\/\/svitimprotebe.cz\/eshop\/wp-content\/uploads\/2021\/12\/e14-2000K-1536x845.jpg 1536w, https:\/\/svitimprotebe.cz\/eshop\/wp-content\/uploads\/2021\/12\/e14-2000K-2048x1126.jpg 2048w, https:\/\/svitimprotebe.cz\/eshop\/wp-content\/uploads\/2021\/12\/e14-2000K-1080x594.jpg 1080w, https:\/\/svitimprotebe.cz\/eshop\/wp-content\/uploads\/2021\/12\/e14-2000K-1280x704.jpg 1280w, https:\/\/svitimprotebe.cz\/eshop\/wp-content\/uploads\/2021\/12\/e14-2000K-980x539.jpg 980w, https:\/\/svitimprotebe.cz\/eshop\/wp-content\/uploads\/2021\/12\/e14-2000K-480x264.jpg 480w, https:\/\/svitimprotebe.cz\/eshop\/wp-content\/uploads\/2021\/12\/e14-2000K-scaled-600x330.jpg 600w\" sizes=\"(max-width: 400px) 100vw, 400px\" \/><\/p>\n<p style=\"text-align: center;\">Mno\u017estv\u00ed modr\u00e9ho sv\u011btla p\u0159i teplot\u011b barvy <strong>2000K<\/strong>, kter\u00e9 vyza\u0159uje tato <a href=\"http:\/\/svitimprotebe.cz\/eshop\/led-zarovka-philips-wiz-e14-49w-2000-5000k-370lm\/\" target=\"_blank\" rel=\"noopener\">LED \u017e\u00e1rovka Philips WiZ E14&nbsp;4,9W 2000-5000K<\/a>.<\/p>\n<p><\/div><\/div><div class=\"gdc_column gdc_cquarter\"><div class=\"gdc_inner\"><br \/>\n<img loading=\"lazy\" decoding=\"async\" class=\"aligncenter wp-image-10685\" src=\"https:\/\/svitimprotebe.cz\/eshop\/wp-content\/uploads\/2022\/01\/ChartName-001-10.jpg\" alt=\"\" width=\"400\" height=\"220\" srcset=\"https:\/\/svitimprotebe.cz\/eshop\/wp-content\/uploads\/2022\/01\/ChartName-001-10.jpg 1000w, https:\/\/svitimprotebe.cz\/eshop\/wp-content\/uploads\/2022\/01\/ChartName-001-10-300x165.jpg 300w, https:\/\/svitimprotebe.cz\/eshop\/wp-content\/uploads\/2022\/01\/ChartName-001-10-768x422.jpg 768w, https:\/\/svitimprotebe.cz\/eshop\/wp-content\/uploads\/2022\/01\/ChartName-001-10-740x407.jpg 740w, https:\/\/svitimprotebe.cz\/eshop\/wp-content\/uploads\/2022\/01\/ChartName-001-10-980x539.jpg 980w, https:\/\/svitimprotebe.cz\/eshop\/wp-content\/uploads\/2022\/01\/ChartName-001-10-480x264.jpg 480w, https:\/\/svitimprotebe.cz\/eshop\/wp-content\/uploads\/2022\/01\/ChartName-001-10-600x330.jpg 600w\" sizes=\"(max-width: 400px) 100vw, 400px\" \/><\/p>\n<p style=\"text-align: center;\">Mno\u017estv\u00ed modr\u00e9ho sv\u011btla p\u0159i teplot\u011b barvy <strong>2200K. <\/strong>Takov\u00fd pom\u011br modr\u00e9ho sv\u011btla <span style=\"font-weight: 400;\">m\u00e1 pr\u00e1v\u011b <a href=\"https:\/\/svitimprotebe.cz\/eshop\/led-zarovka-ledvance-e27-25w-2200k\/\" target=\"_blank\" rel=\"noopener\">LED \u017e\u00e1rovka Ledvance E27&nbsp;2,5W 2200K<\/a>.<\/span><\/p>\n<p><\/div><\/div><\/div>\n<p>S teplotou barvy sv\u011btla se m\u011bn\u00ed i jeho barevn\u00fd odst\u00edn a vzhled nasv\u00edcen\u00e9 m\u00edstnosti \u010di prostoru. Abyste m\u011bli lep\u0161\u00ed p\u0159edstavu o tom, jak vypad\u00e1 pokoj osv\u011btlen\u00fd \u017e\u00e1rovkami, kter\u00e9 maj\u00ed teplotou barvy v&nbsp;rozmez\u00ed 1600K-2200K,\u00a0<strong>prohl\u00e9dn\u011bte si n\u00e1sleduj\u00edc\u00ed obr\u00e1zky<\/strong>.<\/p>\n<div class=\"gdc_row\"><div class=\"gdc_column gdc_cquarter\"><div class=\"gdc_inner\"><br \/>\n<img loading=\"lazy\" decoding=\"async\" class=\"wp-image-9454 aligncenter\" src=\"https:\/\/svitimprotebe.cz\/eshop\/wp-content\/uploads\/2022\/01\/1600-scaled.jpg\" alt=\"\" width=\"400\" height=\"327\" srcset=\"https:\/\/svitimprotebe.cz\/eshop\/wp-content\/uploads\/2022\/01\/1600-scaled.jpg 2560w, https:\/\/svitimprotebe.cz\/eshop\/wp-content\/uploads\/2022\/01\/1600-300x245.jpg 300w, https:\/\/svitimprotebe.cz\/eshop\/wp-content\/uploads\/2022\/01\/1600-768x628.jpg 768w, https:\/\/svitimprotebe.cz\/eshop\/wp-content\/uploads\/2022\/01\/1600-1024x838.jpg 1024w, https:\/\/svitimprotebe.cz\/eshop\/wp-content\/uploads\/2022\/01\/1600-scaled-740x605.jpg 740w, https:\/\/svitimprotebe.cz\/eshop\/wp-content\/uploads\/2022\/01\/1600-1536x1256.jpg 1536w, https:\/\/svitimprotebe.cz\/eshop\/wp-content\/uploads\/2022\/01\/1600-2048x1675.jpg 2048w, https:\/\/svitimprotebe.cz\/eshop\/wp-content\/uploads\/2022\/01\/1600-1080x883.jpg 1080w, https:\/\/svitimprotebe.cz\/eshop\/wp-content\/uploads\/2022\/01\/1600-1280x1047.jpg 1280w, https:\/\/svitimprotebe.cz\/eshop\/wp-content\/uploads\/2022\/01\/1600-980x802.jpg 980w, https:\/\/svitimprotebe.cz\/eshop\/wp-content\/uploads\/2022\/01\/1600-480x393.jpg 480w, https:\/\/svitimprotebe.cz\/eshop\/wp-content\/uploads\/2022\/01\/1600-scaled-600x491.jpg 600w\" sizes=\"(max-width: 400px) 100vw, 400px\" \/><\/p>\n<p style=\"text-align: center;\">Nasv\u00edcen\u00ed pokoje p\u0159i teplot\u011b barvy <strong>1600K<\/strong><\/p>\n<p><\/div><\/div><div class=\"gdc_column gdc_cquarter\"><div class=\"gdc_inner\"><br \/>\n<img loading=\"lazy\" decoding=\"async\" class=\"wp-image-9456 aligncenter\" src=\"https:\/\/svitimprotebe.cz\/eshop\/wp-content\/uploads\/2022\/01\/2000K-scaled.jpg\" alt=\"\" width=\"400\" height=\"327\" srcset=\"https:\/\/svitimprotebe.cz\/eshop\/wp-content\/uploads\/2022\/01\/2000K-scaled.jpg 2560w, https:\/\/svitimprotebe.cz\/eshop\/wp-content\/uploads\/2022\/01\/2000K-300x245.jpg 300w, https:\/\/svitimprotebe.cz\/eshop\/wp-content\/uploads\/2022\/01\/2000K-768x628.jpg 768w, https:\/\/svitimprotebe.cz\/eshop\/wp-content\/uploads\/2022\/01\/2000K-1024x838.jpg 1024w, https:\/\/svitimprotebe.cz\/eshop\/wp-content\/uploads\/2022\/01\/2000K-scaled-740x605.jpg 740w, https:\/\/svitimprotebe.cz\/eshop\/wp-content\/uploads\/2022\/01\/2000K-1536x1256.jpg 1536w, https:\/\/svitimprotebe.cz\/eshop\/wp-content\/uploads\/2022\/01\/2000K-2048x1675.jpg 2048w, https:\/\/svitimprotebe.cz\/eshop\/wp-content\/uploads\/2022\/01\/2000K-1080x883.jpg 1080w, https:\/\/svitimprotebe.cz\/eshop\/wp-content\/uploads\/2022\/01\/2000K-1280x1047.jpg 1280w, https:\/\/svitimprotebe.cz\/eshop\/wp-content\/uploads\/2022\/01\/2000K-980x802.jpg 980w, https:\/\/svitimprotebe.cz\/eshop\/wp-content\/uploads\/2022\/01\/2000K-480x393.jpg 480w, https:\/\/svitimprotebe.cz\/eshop\/wp-content\/uploads\/2022\/01\/2000K-scaled-600x491.jpg 600w\" sizes=\"(max-width: 400px) 100vw, 400px\" \/><\/p>\n<p style=\"text-align: center;\">Nasv\u00edcen\u00ed pokoje p\u0159i teplot\u011b barvy <strong>1800K<\/strong><\/p>\n<p><\/div><\/div><div class=\"gdc_column gdc_cquarter\"><div class=\"gdc_inner\"><br \/>\n<img loading=\"lazy\" decoding=\"async\" class=\"wp-image-9457 aligncenter\" src=\"https:\/\/svitimprotebe.cz\/eshop\/wp-content\/uploads\/2022\/01\/2200-scaled.jpg\" alt=\"\" width=\"400\" height=\"327\" srcset=\"https:\/\/svitimprotebe.cz\/eshop\/wp-content\/uploads\/2022\/01\/2200-scaled.jpg 2560w, https:\/\/svitimprotebe.cz\/eshop\/wp-content\/uploads\/2022\/01\/2200-300x245.jpg 300w, https:\/\/svitimprotebe.cz\/eshop\/wp-content\/uploads\/2022\/01\/2200-768x628.jpg 768w, https:\/\/svitimprotebe.cz\/eshop\/wp-content\/uploads\/2022\/01\/2200-1024x838.jpg 1024w, https:\/\/svitimprotebe.cz\/eshop\/wp-content\/uploads\/2022\/01\/2200-scaled-740x605.jpg 740w, https:\/\/svitimprotebe.cz\/eshop\/wp-content\/uploads\/2022\/01\/2200-1536x1256.jpg 1536w, https:\/\/svitimprotebe.cz\/eshop\/wp-content\/uploads\/2022\/01\/2200-2048x1675.jpg 2048w, https:\/\/svitimprotebe.cz\/eshop\/wp-content\/uploads\/2022\/01\/2200-1080x883.jpg 1080w, https:\/\/svitimprotebe.cz\/eshop\/wp-content\/uploads\/2022\/01\/2200-1280x1047.jpg 1280w, https:\/\/svitimprotebe.cz\/eshop\/wp-content\/uploads\/2022\/01\/2200-980x802.jpg 980w, https:\/\/svitimprotebe.cz\/eshop\/wp-content\/uploads\/2022\/01\/2200-480x393.jpg 480w, https:\/\/svitimprotebe.cz\/eshop\/wp-content\/uploads\/2022\/01\/2200-scaled-600x491.jpg 600w\" sizes=\"(max-width: 400px) 100vw, 400px\" \/><\/p>\n<p style=\"text-align: center;\">Nasv\u00edcen\u00ed pokoje p\u0159i teplot\u011b barvy <strong>2000K<\/strong><\/p>\n<p><\/div><\/div><div class=\"gdc_column gdc_cquarter\"><div class=\"gdc_inner\"><br \/>\n<img loading=\"lazy\" decoding=\"async\" class=\"aligncenter wp-image-9802\" src=\"https:\/\/svitimprotebe.cz\/eshop\/wp-content\/uploads\/2022\/01\/min-1024x838.jpg\" alt=\"\" width=\"400\" height=\"327\" srcset=\"https:\/\/svitimprotebe.cz\/eshop\/wp-content\/uploads\/2022\/01\/min-1024x838.jpg 1024w, https:\/\/svitimprotebe.cz\/eshop\/wp-content\/uploads\/2022\/01\/min-300x245.jpg 300w, https:\/\/svitimprotebe.cz\/eshop\/wp-content\/uploads\/2022\/01\/min-768x628.jpg 768w, https:\/\/svitimprotebe.cz\/eshop\/wp-content\/uploads\/2022\/01\/min-scaled-740x605.jpg 740w, https:\/\/svitimprotebe.cz\/eshop\/wp-content\/uploads\/2022\/01\/min-1536x1256.jpg 1536w, https:\/\/svitimprotebe.cz\/eshop\/wp-content\/uploads\/2022\/01\/min-2048x1675.jpg 2048w, https:\/\/svitimprotebe.cz\/eshop\/wp-content\/uploads\/2022\/01\/min-1080x883.jpg 1080w, https:\/\/svitimprotebe.cz\/eshop\/wp-content\/uploads\/2022\/01\/min-1280x1047.jpg 1280w, https:\/\/svitimprotebe.cz\/eshop\/wp-content\/uploads\/2022\/01\/min-980x802.jpg 980w, https:\/\/svitimprotebe.cz\/eshop\/wp-content\/uploads\/2022\/01\/min-480x393.jpg 480w, https:\/\/svitimprotebe.cz\/eshop\/wp-content\/uploads\/2022\/01\/min-scaled-600x491.jpg 600w\" sizes=\"(max-width: 400px) 100vw, 400px\" \/><\/p>\n<p style=\"text-align: center;\">Nasv\u00edcen\u00ed pokoje p\u0159i teplot\u011b barvy <strong>2200K<\/strong><\/p>\n<p><\/div><\/div><\/div>\n<p>Jestli\u017ee hled\u00e1te \u017e\u00e1rovku ur\u010denou pro <strong>celodenn\u00ed sv\u00edcen\u00ed<\/strong>, kter\u00e1 umo\u017e\u0148uje zm\u011bnu teploty barvy i intenzity osv\u011btlen\u00ed a je t\u00edm p\u00e1dem vhodn\u00e1 pro pou\u017e\u00edv\u00e1n\u00ed v&nbsp;kteroukoliv <a href=\"https:\/\/www.svitimprotebe.cz\/doporucena-doba-pouzivani-svitidel\/\" target=\"_blank\" rel=\"noopener\">denn\u00ed dobu<\/a>, pot\u00e9 doporu\u010dujeme bu\u010f <a href=\"http:\/\/svitimprotebe.cz\/eshop\/led-zarovka-philips-hue-e27-7w-2200-4500k\/\" target=\"_blank\" rel=\"noopener\">LED \u017e\u00e1rovku Philips Hue E27&nbsp;7W 2200-4500K<\/a> nebo <a href=\"http:\/\/svitimprotebe.cz\/eshop\/led-zarovka-sunathome-e27-9w-2200-5000k\/\" target=\"_blank\" rel=\"noopener\">LED \u017e\u00e1rovku SUN@Home E27&nbsp;9W 2200-5000K.<\/a><\/p>\n<h3>Kam LED \u017e\u00e1rovku um\u00edstit?<\/h3>\n<p>Sv\u00e9 vyu\u017eit\u00ed najde jak v&nbsp;<strong>dom\u00e1cnostech<\/strong>, tak v&nbsp;<strong>komer\u010dn\u00edch objektech<\/strong>. Perfektn\u011b se hod\u00ed nap\u0159\u00edklad do <strong>restaurac\u00ed a bar\u016f jako designov\u00e9 osv\u011btlen\u00ed.<\/strong> Jestli\u017ee si p\u016fjdeme sednout na ve\u010de\u0159i nebo skleni\u010dku v\u00edna po vysiluj\u00edc\u00edm dni v&nbsp;pr\u00e1ci, budeme si pochopiteln\u011b cht\u00edt dop\u0159\u00e1t odpo\u010dinek. A abychom mohli spr\u00e1vn\u011b odpo\u010d\u00edvat, m\u011bli bychom ide\u00e1ln\u011b b\u00fdt v&nbsp;m\u00edstnosti, kter\u00e1 je nasv\u00edcena <strong>teplou \u017elutou barvou<\/strong>.<\/p>\n<p>P\u0159i um\u00edst\u011bn\u00ed \u017e\u00e1rovky myslete i na to, \u017ee <strong>vyza\u0159ovan\u00e9 sv\u011btlo v\u00e1s m\u016f\u017ee osl\u0148ovat<\/strong>, a proto by \u017e\u00e1rovka nem\u011bla b\u00fdt p\u0159\u00edmo v&nbsp;zorn\u00e9m poli lidsk\u00e9ho oka. Doporu\u010dujeme tedy um\u00edstit ji <strong>ide\u00e1ln\u011b do m\u00edstnosti s&nbsp;vysok\u00fdmi stropy.<\/strong> \u017d\u00e1rovka tak bude dostate\u010dn\u011b vysoko nad v\u00e1mi a <strong>nebude ru\u0161it ani osl\u0148ovat.\u00a0 <\/strong>Perfektn\u011b se hod\u00ed do <strong>vstupn\u00edch hal, konferen\u010dn\u00edch m\u00edstnost\u00ed \u010di vysok\u00fdch prostor\u016f nad schodi\u0161t\u011bm<\/strong>. Pokud si nejste um\u00edst\u011bn\u00edm \u017e\u00e1rovky jist\u00ed, napi\u0161te n\u00e1m, r\u00e1di v\u00e1m porad\u00edme.<\/p>\n<h3>Luxusn\u00ed extravagance<\/h3>\n<p>Tyto sv\u011bteln\u00e9 zdroje s&nbsp;mimo\u0159\u00e1dn\u00fdm tvarem dod\u00e1vaj\u00ed obytn\u00fdm prostor\u016fm<strong> zvl\u00e1\u0161tn\u00ed auru<\/strong>. P\u0159\u00edli\u0161 kr\u00e1sn\u00e9 na to, aby z\u016fstaly skryty \u2013 sv\u011bteln\u00e9 zdroje ve tvaru <strong>\u0161i\u0161ky, ov\u00e1lu a diamantu<\/strong> si zaslou\u017e\u00ed b\u00fdt st\u0159edem pozornosti. Jakkoli se mohou tyto sv\u011bteln\u00e9 zdroje zd\u00e1t honosn\u00e9, <strong>\u00fa\u010det za elekt\u0159inu v\u00e1s nevyd\u011bs\u00ed<\/strong> \u2013 mimo\u0159\u00e1dn\u00e1 kombinace energetick\u00e9 \u00fa\u010dinnosti LED technologie a luxusn\u00edho designu.<\/p>\n<h4 class=\"headline -size-large -bold\" style=\"text-align: left;\">M\u00e1te chu\u0165 na zm\u011bnu? Zajimav\u00e9 mo\u017enosti mont\u00e1\u017ee<\/h4>\n<p><iframe title=\"Flexible mounting solutions with the Edition 1906 Retro LED lamps\" width=\"800\" height=\"450\" src=\"https:\/\/www.youtube.com\/embed\/GIGPB3nNHCk?feature=oembed&#038;enablejsapi=1&#038;origin=https:\/\/svitimprotebe.cz\" frameborder=\"0\" allow=\"accelerometer; autoplay; clipboard-write; encrypted-media; gyroscope; picture-in-picture; web-share\" referrerpolicy=\"strict-origin-when-cross-origin\" allowfullscreen><\/iframe><\/p>\n","protected":false},"excerpt":{"rendered":"<p>Tato LED \u017e\u00e1rovka spad\u00e1 do kategorie \u017e\u00e1rovek ur\u010den\u00fdch pro <strong>sv\u00edcen\u00ed ve <a href=\"https:\/\/svitimprotebe.cz\/eshop\/zdrave-osvetleni\/led-zarovky\/?pa_doba-pouzivani=vecerni-osvetleni\" target=\"_blank\" rel=\"noopener\">ve\u010dern\u00edch<\/a> hodin\u00e1ch<\/strong>. Vyza\u0159uje teplou \u017elutou barvu sv\u011btla s&nbsp;minim\u00e1ln\u00edm obsahem modr\u00e9 slo\u017eky, co\u017e m\u00e1 <strong>pozitivn\u00ed vliv na kvalitu sp\u00e1nku<\/strong>, cirkadi\u00e1nn\u00ed rytmus, a t\u00edm p\u00e1dem v\u0161eobecn\u011b na lidsk\u00e9 zdrav\u00ed.<\/p>\n","protected":false},"featured_media":2002,"template":"","meta":{"_acf_changed":false},"product_brand":[],"product_cat":[34,236,33],"product_tag":[62],"class_list":{"0":"post-6465","1":"product","2":"type-product","3":"status-publish","4":"has-post-thumbnail","6":"product_cat-led-zarovky","7":"product_cat-zavit-e27","8":"product_cat-zdrave-osvetleni","9":"product_tag-osram","10":"product_shipping_class-zakladni","11":"pa_chytra-zarovka-ne","12":"pa_doba-pouzivani-vecerni-osvetleni","13":"pa_material-kov","14":"pa_material-plast","15":"pa_material-sklo","16":"pa_meni-barvy-tw-varianta-ne","17":"pa_moznosti-ovladani-on-off","18":"pa_napajeni-sit-230-ac","19":"pa_patice-zavit-e27","20":"pa_sirka-prumer-1006","21":"pa_stmivatelne-ne","22":"pa_stupen-kryti-ip-ip20","23":"pa_svetelny-tok-401-600-lm","24":"pa_teplota-barvy-2200-2500-k","25":"pa_typ-produktu-led-zarovka","26":"pa_vhodne-do-chodba","27":"pa_vhodne-do-detsky-pokoj","28":"pa_vhodne-do-garaz","29":"pa_vhodne-do-koupelna","30":"pa_vhodne-do-kuchyne","31":"pa_vhodne-do-loznice","32":"pa_vhodne-do-obyvaci-pokoj","33":"pa_vhodne-do-pracovna","34":"pa_vhodne-do-satna","35":"pa_vhodne-do-schodiste","36":"pa_vhodne-do-terasa","37":"pa_vykon-3-5-w","38":"pa_vyska-1007","40":"first","41":"instock","42":"taxable","43":"shipping-taxable","44":"purchasable","45":"product-type-variable"},"acf":[],"_links":{"self":[{"href":"https:\/\/svitimprotebe.cz\/eshop\/wp-json\/wp\/v2\/product\/6465","targetHints":{"allow":["GET"]}}],"collection":[{"href":"https:\/\/svitimprotebe.cz\/eshop\/wp-json\/wp\/v2\/product"}],"about":[{"href":"https:\/\/svitimprotebe.cz\/eshop\/wp-json\/wp\/v2\/types\/product"}],"version-history":[{"count":0,"href":"https:\/\/svitimprotebe.cz\/eshop\/wp-json\/wp\/v2\/product\/6465\/revisions"}],"wp:featuredmedia":[{"embeddable":true,"href":"https:\/\/svitimprotebe.cz\/eshop\/wp-json\/wp\/v2\/media\/2002"}],"wp:attachment":[{"href":"https:\/\/svitimprotebe.cz\/eshop\/wp-json\/wp\/v2\/media?parent=6465"}],"wp:term":[{"taxonomy":"product_brand","embeddable":true,"href":"https:\/\/svitimprotebe.cz\/eshop\/wp-json\/wp\/v2\/product_brand?post=6465"},{"taxonomy":"product_cat","embeddable":true,"href":"https:\/\/svitimprotebe.cz\/eshop\/wp-json\/wp\/v2\/product_cat?post=6465"},{"taxonomy":"product_tag","embeddable":true,"href":"https:\/\/svitimprotebe.cz\/eshop\/wp-json\/wp\/v2\/product_tag?post=6465"}],"curies":[{"name":"wp","href":"https:\/\/api.w.org\/{rel}","templated":true}]}}