{"id":6877,"date":"2022-01-18T08:24:28","date_gmt":"2022-01-18T07:24:28","guid":{"rendered":"https:\/\/svitimprotebe.cz\/eshop\/?post_type=product&#038;p=6877"},"modified":"2025-11-12T13:32:54","modified_gmt":"2025-11-12T12:32:54","slug":"stolni-lampa-panan-desk-sunathome","status":"publish","type":"product","link":"https:\/\/svitimprotebe.cz\/eshop\/stolni-lampa-panan-desk-sunathome\/","title":{"rendered":"Chytr\u00e1 stoln\u00ed lampa PANAN DESK SUN@Home Ra98 | b\u00edl\u00e1"},"content":{"rendered":"<h3>Zm\u011bna teploty barvy v\u00a0pr\u016fb\u011bhu dne<\/h3>\n<p>Sv\u00edtidla <a href=\"https:\/\/svitimprotebe.cz\/eshop\/plnospektralni-zdrave-osvetleni\/rada-sun_at_home\/\" target=\"_blank\" rel=\"noopener\">\u0159ady SUN@Home<\/a> t\u00e9m\u011b\u0159 identicky <strong>napodobuj\u00ed p\u0159irozen\u00e9 denn\u00ed sv\u011btlo<\/strong>. V&nbsp;ka\u017ed\u00e9 f\u00e1zi dne maj\u00ed odli\u0161nou teplotu barvy a intenzitu. Roli zde hraje tak\u00e9 mno\u017estv\u00ed modr\u00e9 slo\u017eky v&nbsp;LED diod\u00e1ch, kter\u00e9 se sni\u017euje spole\u010dn\u011b s&nbsp;<a href=\"https:\/\/www.svitimprotebe.cz\/teplota-chromaticnosti\/\" target=\"_blank\" rel=\"noopener\">teplotou barvy<\/a>. Doc\u00edl\u00edme t\u00edm <strong>relaxa\u010dn\u00edch \u00fa\u010dink\u016f zlep\u0161uj\u00edc\u00edch kvalitu sp\u00e1nku a rychlost us\u00edn\u00e1n\u00ed<\/strong>. Naproti tomu vysok\u00fdm pod\u00edlem podpo\u0159\u00edme <strong>bd\u011blost a aktivn\u00ed \u010dinnost mozku<\/strong>. Tyto rozd\u00edly jsou velmi podstatn\u00e9, proto\u017ee na\u0161e t\u011blo pot\u0159ebuje jinou funkci sv\u00edtidla v&nbsp;jin\u00e9 \u010d\u00e1sti dne. \u0158ada <strong>SUN@Home<\/strong> tuto pot\u0159ebu respektuje a p\u0159izp\u016fsobuje se va\u0161emu <a href=\"https:\/\/www.svitimprotebe.cz\/cirkadianni-rytmus\/\" target=\"_blank\" rel=\"noopener\">cirkadi\u00e1nn\u00edmu rytmu<\/a>.<\/p>\n<div class=\"gdc_row\"><div class=\"gdc_column gdc_cquarter\"><div class=\"gdc_inner\"><br \/>\n<strong>Probuzen\u00ed <\/strong>&#8211; <strong>V ide\u00e1ln\u00edm p\u0159\u00edpad\u011b se do nov\u00e9ho dne probouz\u00edme postupn\u011b<\/strong>, stejn\u011b jako se r\u00e1no postupn\u011b zvy\u0161uje teplota barvy a intenzita tohoto sv\u00edtidla. B\u011bhem 30 min se lehk\u00fdm stup\u0148ov\u00e1n\u00edm dostane z&nbsp;teploty barvy 2200K na 5000K.<br \/>\n<\/div><\/div><div class=\"gdc_column gdc_cquarter\"><div class=\"gdc_inner\"><br \/>\n<strong>Aktivita\u00a0<\/strong>&#8211; Technici spole\u010dnosti Ledvance nastavili sv\u00edtidlo tak, aby b\u011bhem dne svou b\u00edlou barvou (5000K) i vysokou intenzitou podporovalo v&nbsp;aktivn\u00edch \u010dinnostech. <strong>Nabud\u00ed v\u00e1s pro pr\u00e1ci, sport nebo t\u0159eba studium<\/strong>.<br \/>\n<\/div><\/div><div class=\"gdc_column gdc_cquarter\"><div class=\"gdc_inner\"><br \/>\n<strong>Us\u00edn\u00e1n\u00ed <\/strong>&#8211; Jakmile se den ch\u00fdl\u00ed ke konci, dv\u011b hodiny p\u0159ed b\u011b\u017enou dobou us\u00edn\u00e1n\u00ed, teplota barvy se op\u011bt sn\u00ed\u017e\u00ed (na 2200K) a <strong>osv\u011btlen\u00ed p\u0159iprav\u00ed va\u0161e t\u011blo na sp\u00e1nek<\/strong>. Tak\u00e9 intenzita plynule p\u0159ejde na nejni\u017e\u0161\u00ed mo\u017enou \u00farove\u0148.<br \/>\n<\/div><\/div><div class=\"gdc_column gdc_cquarter\"><div class=\"gdc_inner\"><br \/>\n<strong>Sp\u00e1nek <\/strong>&#8211; Sv\u00edtidlo m\u00e1me po celou noc vypnut\u00e9. <strong>Abychom toti\u017e dos\u00e1hli kvalitn\u011bj\u0161\u00edho sp\u00e1nku, mus\u00edme sp\u00e1t v&nbsp;zatemn\u011bn\u00e9 m\u00edstnosti bez p\u0159\u00edstupu sv\u011btla<\/strong>. Sv\u011btlo se proto za\u010dne zap\u00ednat a\u017e ve chv\u00edli, kdy nastane v\u00e1\u0161 \u010das na probuzen\u00ed.<br \/>\n<\/div><\/div><\/div>\n<p><a href=\"https:\/\/svitimprotebe.cz\/eshop\/wp-content\/webp-express\/webp-images\/uploads\/2023\/01\/Denni-doba-obrazek-final-JPG-200kb.jpg.webp\" target=\"_blank\" rel=\"noopener\"><img fetchpriority=\"high\" decoding=\"async\" class=\"aligncenter wp-image-57306 size-full\" src=\"https:\/\/svitimprotebe.cz\/eshop\/wp-content\/uploads\/2023\/01\/Denni-doba-obrazek-final-JPG-200kb.jpg\" alt=\"\" width=\"2524\" height=\"681\" srcset=\"https:\/\/svitimprotebe.cz\/eshop\/wp-content\/uploads\/2023\/01\/Denni-doba-obrazek-final-JPG-200kb.jpg 2524w, https:\/\/svitimprotebe.cz\/eshop\/wp-content\/uploads\/2023\/01\/Denni-doba-obrazek-final-JPG-200kb-740x200.jpg 740w, https:\/\/svitimprotebe.cz\/eshop\/wp-content\/uploads\/2023\/01\/Denni-doba-obrazek-final-JPG-200kb-300x81.jpg 300w, https:\/\/svitimprotebe.cz\/eshop\/wp-content\/uploads\/2023\/01\/Denni-doba-obrazek-final-JPG-200kb-768x207.jpg 768w, https:\/\/svitimprotebe.cz\/eshop\/wp-content\/uploads\/2023\/01\/Denni-doba-obrazek-final-JPG-200kb-1024x276.jpg 1024w, https:\/\/svitimprotebe.cz\/eshop\/wp-content\/uploads\/2023\/01\/Denni-doba-obrazek-final-JPG-200kb-1536x414.jpg 1536w, https:\/\/svitimprotebe.cz\/eshop\/wp-content\/uploads\/2023\/01\/Denni-doba-obrazek-final-JPG-200kb-2048x553.jpg 2048w, https:\/\/svitimprotebe.cz\/eshop\/wp-content\/uploads\/2023\/01\/Denni-doba-obrazek-final-JPG-200kb-1080x291.jpg 1080w, https:\/\/svitimprotebe.cz\/eshop\/wp-content\/uploads\/2023\/01\/Denni-doba-obrazek-final-JPG-200kb-1280x345.jpg 1280w, https:\/\/svitimprotebe.cz\/eshop\/wp-content\/uploads\/2023\/01\/Denni-doba-obrazek-final-JPG-200kb-980x264.jpg 980w, https:\/\/svitimprotebe.cz\/eshop\/wp-content\/uploads\/2023\/01\/Denni-doba-obrazek-final-JPG-200kb-480x130.jpg 480w\" sizes=\"(max-width: 2524px) 100vw, 2524px\" \/><\/a><\/p>\n<h3>Pro pracovn\u00ed a studijn\u00ed \u00fa\u010dely<\/h3>\n<p>Stoln\u00ed lampu PANAN DESK ocen\u00ed p\u0159edev\u0161\u00edm <strong>lid\u00e9, jen\u017e pracuj\u00ed v&nbsp;kancel\u00e1\u0159\u00edch a studenti<\/strong>. Proto ji doporu\u010dujeme um\u00edstit na pracovn\u00ed stoly v&nbsp;kancel\u00e1\u0159\u00edch a d\u011btsk\u00fdch pokoj\u00edch. Toto <a href=\"https:\/\/svitimprotebe.cz\/eshop\/plnospektralni-zdrave-osvetleni\/plnospektralni-led-svitidla\/\" target=\"_blank\" rel=\"noopener\">plnospektr\u00e1ln\u00ed osv\u011btlen\u00ed<\/a> vyza\u0159uje v&nbsp;rann\u00edch a odpoledn\u00edch hodin\u00e1ch studenou b\u00edlou barvu, kter\u00e1 pom\u00e1h\u00e1 udr\u017eovat lidsk\u00fd organismus ve st\u0159ehu. S&nbsp;lampou PANAN DESK tedy snadn\u011bji dos\u00e1hnete lep\u0161\u00edch v\u00fdsledk\u016f v&nbsp;pr\u00e1ci i ve \u0161kole. <strong>Teplotu barvy lze jednodu\u0161e m\u011bnit p\u0159es Wi-fi<\/strong>. Pokud pot\u0159ebujete pracovat nebo studovat i ve ve\u010dern\u00edch hodin\u00e1ch, m\u016f\u017eete sami odd\u00e1lit \u010das, kdy sv\u011btlo za\u010dne vyza\u0159ovat teplej\u0161\u00ed barvy. Ty v\u00e1m naopak umo\u017en\u00ed zrelaxovat po n\u00e1ro\u010dn\u00e9m dni a dopomohou ke kvalitn\u011bj\u0161\u00edmu sp\u00e1nku.<\/p>\n<h3>Flexibilita sv\u00edtidla<\/h3>\n<p style=\"text-align: left;\">Stoln\u00ed lampa disponuje t\u0159emi ohebn\u00fdmi klouby, d\u00edky kter\u00fdm si<strong> m\u016f\u017eete libovoln\u011b nastavit \u00fahel dopadu sv\u011btla<\/strong>. Plocha sv\u00edtidla je rozd\u011blena na vnit\u0159n\u00ed a vn\u011bj\u0161\u00ed kruh, p\u0159i\u010dem\u017e vnit\u0159n\u00ed kruh lze ot\u00e1\u010det o t\u00e9m\u011b\u0159 cel\u00fdch 360 \u00b0, d\u00edky \u010demu\u017e si m\u016f\u017eete jednodu\u0161e p\u0159izp\u016fsobit sm\u011br osv\u011btlen\u00ed. Z\u00e1le\u017e\u00ed tedy pouze na v\u00e1s, zdali nech\u00e1te p\u016fvodn\u00ed p\u0159\u00edm\u00fd sm\u011br osv\u011btlen\u00ed (vnit\u0159n\u00ed i vn\u011bj\u0161\u00ed kruh v&nbsp;jedn\u00e9 rovin\u011b), nebo oto\u010den\u00edm vnit\u0159n\u00edho kruhu vytvo\u0159\u00edte nep\u0159\u00edm\u00e9 osv\u011btlen\u00ed, kter\u00e9 bude m\u00edt dva sm\u011bry.<\/p>\n<p><img decoding=\"async\" class=\"aligncenter wp-image-7123 size-large\" src=\"https:\/\/svitimprotebe.cz\/eshop\/wp-content\/uploads\/2022\/01\/otocne-klouby-6-1024x1024.png\" alt=\"\" width=\"800\" height=\"800\" srcset=\"https:\/\/svitimprotebe.cz\/eshop\/wp-content\/uploads\/2022\/01\/otocne-klouby-6-1024x1024.png 1024w, https:\/\/svitimprotebe.cz\/eshop\/wp-content\/uploads\/2022\/01\/otocne-klouby-6-740x740.png 740w, https:\/\/svitimprotebe.cz\/eshop\/wp-content\/uploads\/2022\/01\/otocne-klouby-6-150x150.png 150w, https:\/\/svitimprotebe.cz\/eshop\/wp-content\/uploads\/2022\/01\/otocne-klouby-6-300x300.png 300w, https:\/\/svitimprotebe.cz\/eshop\/wp-content\/uploads\/2022\/01\/otocne-klouby-6-768x768.png 768w, https:\/\/svitimprotebe.cz\/eshop\/wp-content\/uploads\/2022\/01\/otocne-klouby-6-400x400.png 400w, https:\/\/svitimprotebe.cz\/eshop\/wp-content\/uploads\/2022\/01\/otocne-klouby-6-100x100.png 100w, https:\/\/svitimprotebe.cz\/eshop\/wp-content\/uploads\/2022\/01\/otocne-klouby-6-980x980.png 980w, https:\/\/svitimprotebe.cz\/eshop\/wp-content\/uploads\/2022\/01\/otocne-klouby-6-480x480.png 480w, https:\/\/svitimprotebe.cz\/eshop\/wp-content\/uploads\/2022\/01\/otocne-klouby-6-600x600.png 600w, https:\/\/svitimprotebe.cz\/eshop\/wp-content\/uploads\/2022\/01\/otocne-klouby-6.png 1080w\" sizes=\"(max-width: 800px) 100vw, 800px\" \/><\/p>\n<h3>Jednoduch\u00e9 proveden\u00ed<\/h3>\n<p>Konstrukt\u00e9\u0159i spole\u010dnosti Ledvance mysleli p\u0159i v\u00fdvoji stoln\u00ed lampy PANAN DESK i na ty, kte\u0159\u00ed nemaj\u00ed cit pro kutilstv\u00ed ani sestavov\u00e1n\u00ed jednotliv\u00fdch sou\u010d\u00e1stek produktu. <strong>Lampu v\u00e1m doru\u010d\u00edme ji\u017e p\u0159edem sestrojenou<\/strong>, co\u017e v\u00e1m u\u0161et\u0159\u00ed spoustu \u010dasu. Jedinou va\u0161\u00ed povinnost\u00ed bude zapojen\u00ed do elekt\u0159iny a nastaven\u00ed dopadu sv\u011btla pomoc\u00ed ohebn\u00fdch kloub\u016f. Z\u00e1rove\u0148 m\u00e1 lampa robustn\u00ed konstrukci a t\u011b\u017ek\u00e9 spodn\u00ed z\u00e1va\u017e\u00ed, \u010d\u00edm\u017e v\u00fdrobce <strong>minimalizoval riziko p\u00e1du a po\u0161kozen\u00ed<\/strong>.<\/p>\n<p>Vad\u00ed v\u00e1m, \u017ee b\u011b\u017en\u00e9 lampy osl\u0148uj\u00ed a sni\u017euj\u00ed soust\u0159ed\u011bnost? Lampa PANAN DESK m\u00e1 <strong>vyza\u0159ovac\u00ed plochu ve v\u00fd\u0161ce 70 cm nad pracovn\u00edm stolem<\/strong>, tedy v&nbsp;mnohem vy\u0161\u0161\u00ed \u00farovni ne\u017e zorn\u00e9 pole va\u0161ich <a href=\"https:\/\/www.svitimprotebe.cz\/lidske-oko\/\" target=\"_blank\" rel=\"noopener\">o\u010d\u00ed<\/a>. U\u0161et\u0159\u00edte t\u00edm sv\u016fj zrak a budete se moct pln\u011b v\u011bnovat pr\u00e1ci a studijn\u00edm \u010dinnostem.<\/p>\n<p><img decoding=\"async\" class=\"aligncenter wp-image-121584 size-full\" src=\"https:\/\/svitimprotebe.cz\/eshop\/wp-content\/uploads\/2024\/05\/Chytra-stolni-lampa-PANAN-DESK-SUN@Home-Ra98-s-klipem-BILA-LAMPA-kancelarsky-stul.jpg\" alt=\"\" width=\"540\" height=\"360\" srcset=\"https:\/\/svitimprotebe.cz\/eshop\/wp-content\/uploads\/2024\/05\/Chytra-stolni-lampa-PANAN-DESK-SUN@Home-Ra98-s-klipem-BILA-LAMPA-kancelarsky-stul.jpg 540w, https:\/\/svitimprotebe.cz\/eshop\/wp-content\/uploads\/2024\/05\/Chytra-stolni-lampa-PANAN-DESK-SUN@Home-Ra98-s-klipem-BILA-LAMPA-kancelarsky-stul-300x200.jpg 300w\" sizes=\"(max-width: 540px) 100vw, 540px\" \/><\/p>\n<h3>P\u0159ipojen\u00ed sv\u00edtidla k&nbsp;aplikaci LEDVANCE SMART + WiFi<\/h3>\n<div class=\"obtekani\"><img loading=\"lazy\" decoding=\"async\" class=\"alignright wp-image-9227\" src=\"https:\/\/svitimprotebe.cz\/eshop\/wp-content\/uploads\/2022\/03\/17-scaled.jpg\" alt=\"\" width=\"200\" height=\"200\" srcset=\"https:\/\/svitimprotebe.cz\/eshop\/wp-content\/uploads\/2022\/03\/17-scaled.jpg 2560w, https:\/\/svitimprotebe.cz\/eshop\/wp-content\/uploads\/2022\/03\/17-scaled-740x740.jpg 740w, https:\/\/svitimprotebe.cz\/eshop\/wp-content\/uploads\/2022\/03\/17-150x150.jpg 150w, https:\/\/svitimprotebe.cz\/eshop\/wp-content\/uploads\/2022\/03\/17-scaled-300x300.jpg 300w, https:\/\/svitimprotebe.cz\/eshop\/wp-content\/uploads\/2022\/03\/17-768x768.jpg 768w, https:\/\/svitimprotebe.cz\/eshop\/wp-content\/uploads\/2022\/03\/17-1024x1024.jpg 1024w, https:\/\/svitimprotebe.cz\/eshop\/wp-content\/uploads\/2022\/03\/17-scaled-400x400.jpg 400w, https:\/\/svitimprotebe.cz\/eshop\/wp-content\/uploads\/2022\/03\/17-scaled-100x100.jpg 100w, https:\/\/svitimprotebe.cz\/eshop\/wp-content\/uploads\/2022\/03\/17-1536x1536.jpg 1536w, https:\/\/svitimprotebe.cz\/eshop\/wp-content\/uploads\/2022\/03\/17-2048x2048.jpg 2048w, https:\/\/svitimprotebe.cz\/eshop\/wp-content\/uploads\/2022\/03\/17-1080x1080.jpg 1080w, https:\/\/svitimprotebe.cz\/eshop\/wp-content\/uploads\/2022\/03\/17-1280x1280.jpg 1280w, https:\/\/svitimprotebe.cz\/eshop\/wp-content\/uploads\/2022\/03\/17-980x980.jpg 980w, https:\/\/svitimprotebe.cz\/eshop\/wp-content\/uploads\/2022\/03\/17-480x480.jpg 480w, https:\/\/svitimprotebe.cz\/eshop\/wp-content\/uploads\/2022\/03\/17-scaled-600x600.jpg 600w\" sizes=\"(max-width: 200px) 100vw, 200px\" \/>K ovl\u00e1d\u00e1n\u00ed v&nbsp;aplikaci <strong>LEDVANCE SMART + WiFi<\/strong> sta\u010d\u00ed pouze chytr\u00fd telefon \u010di tablet. Takov\u00e9 \u0159\u00edzen\u00ed n\u00e1m p\u0159in\u00e1\u0161\u00ed dal\u0161\u00ed mo\u017enosti &#8211; nap\u0159\u00edklad <a href=\"https:\/\/svitimprotebe.cz\/aplikace-ledvance-smart-wifi-nastaveni-rezimu-probouzeni-svetlem\/\">p\u0159irozen\u00e9 probouzen\u00ed s&nbsp;postupn\u00fdm rozsv\u011bcov\u00e1n\u00edm sv\u011btla<\/a> nebo nastaven\u00ed automatick\u00e9ho vypnut\u00ed \u010di zapnut\u00ed osv\u011btlen\u00ed cel\u00e9 m\u00edstnosti. Sepsali jsme pro v\u00e1s <a href=\"https:\/\/svitimprotebe.cz\/pouziti-aplikace-ledvance-smart-wifi-pro-radu-svitidel-sunhome\/\" target=\"_blank\" rel=\"noopener\">postup pro pou\u017eit\u00ed aplikace LEDVANCE SMART + WiFi<\/a> v\u010detn\u011b vide\u00ed, aby pto v\u00e1s bylo nastaven\u00ed aplikace co nejsnaz\u0161\u00ed. <strong>Z\u00e1kladn\u00ed funkce sv\u00edtidla v\u0161ak m\u016f\u017eete m\u011bnit i bez aplikace<\/strong>. Na spodn\u00edm z\u00e1va\u017e\u00ed lampy se nach\u00e1z\u00ed dotykov\u00e9 tla\u010d\u00edtko pro zapnut\u00ed\/vypnut\u00ed, dr\u017een\u00edm tohoto tla\u010d\u00edtka m\u011bn\u00edte <a href=\"https:\/\/www.svitimprotebe.cz\/teplota-chromaticnosti\/\" target=\"_blank\" rel=\"noopener\">teplotu barvy vyza\u0159ovan\u00e9ho sv\u011btla<\/a>. Dr\u017een\u00edm druh\u00e9ho tla\u010d\u00edtka (s&nbsp;ikonou \u017e\u00e1rovky) regulujete jas.<\/div>\n<h3>\u0158ada SUN@Home<\/h3>\n<p>Hlavn\u00edm c\u00edlem LED sv\u00edtidel od LEDVANCE SUN@Home nen\u00ed \u00fa\u010dinnost ani cena, ale spr\u00e1vn\u00fd <a href=\"https:\/\/svitimprotebe.cz\/svetlo-zdravi-a-nalada\/\" target=\"_blank\" rel=\"noopener\">vliv sv\u011btla na lidsk\u00fd organismus<\/a>, kter\u00fd m\u00e1 \u0159adu <a href=\"https:\/\/www.svitimprotebe.cz\/benefity-zdraveho-osvetleni\/\" target=\"_blank\" rel=\"noopener\">benefit\u016f<\/a>. Tato \u0159ada si toti\u017e zakl\u00e1d\u00e1 na simulaci slune\u010dn\u00edho z\u00e1\u0159en\u00ed, jedin\u00e9ho p\u0159irozen\u00e9ho zdroje sv\u011btla pro t\u011blo. M\u00e1 tedy jednak stimula\u010dn\u00ed \u00fa\u010dinky pro vy\u0161\u0161\u00ed produktivitu pr\u00e1ce v&nbsp;kancel\u00e1\u0159\u00edch, ale i zklid\u0148uj\u00edc\u00ed pro ve\u010dern\u00ed relaxov\u00e1n\u00ed v&nbsp;lo\u017enic\u00edch a ob\u00fdvac\u00edch pokoj\u00edch. <a href=\"https:\/\/svitimprotebe.cz\/eshop\/plnospektralni-zdrave-osvetleni\/rada-sun_at_home\/\" target=\"_blank\" rel=\"noopener\">\u0158ada SUN@Home<\/a> nab\u00edz\u00ed \u0161irokou \u0161k\u00e1lu sv\u00edtidel, jako nap\u0159\u00edklad LED p\u00e1sek, LED \u017e\u00e1rovky, monitorovou lampu, podhledov\u00e9 sv\u00edtidlo a dal\u0161\u00ed typy osv\u011btlen\u00ed.<\/p>\n<div class=\"gdc_row\"><div class=\"gdc_column gdc_cquarter\"><div class=\"gdc_inner\"><\/p>\n<p><img loading=\"lazy\" decoding=\"async\" class=\"alignnone size-full wp-image-108590 aligncenter\" src=\"https:\/\/svitimprotebe.cz\/eshop\/wp-content\/uploads\/2023\/06\/Vyhody-rady-sunathome-LEdvance-obr1.jpeg\" alt=\"\" width=\"150\" height=\"150\" srcset=\"https:\/\/svitimprotebe.cz\/eshop\/wp-content\/uploads\/2023\/06\/Vyhody-rady-sunathome-LEdvance-obr1.jpeg 150w, https:\/\/svitimprotebe.cz\/eshop\/wp-content\/uploads\/2023\/06\/Vyhody-rady-sunathome-LEdvance-obr1-100x100.jpeg 100w\" sizes=\"(max-width: 150px) 100vw, 150px\" \/><\/p>\n<p style=\"text-align: center;\"><strong>Podpora<\/strong><br \/>\n<strong>biologick\u00e9ho rytmu\u00a0<\/strong><\/p>\n<p style=\"text-align: center;\">Osv\u011btlen\u00ed umo\u017e\u0148uje nastaven\u00ed vlastn\u00edho re\u017eimu tak, aby byl v&nbsp;souladu s&nbsp;va\u0161\u00edm biorytmem.<\/p>\n<p><\/div><\/div><div class=\"gdc_column gdc_cquarter\"><div class=\"gdc_inner\"><\/p>\n<p><img loading=\"lazy\" decoding=\"async\" class=\"size-full wp-image-108591 aligncenter\" src=\"https:\/\/svitimprotebe.cz\/eshop\/wp-content\/uploads\/2023\/06\/Vyhody-rady-sunathome-LEdvance-obr2.jpeg\" alt=\"\" width=\"150\" height=\"150\" srcset=\"https:\/\/svitimprotebe.cz\/eshop\/wp-content\/uploads\/2023\/06\/Vyhody-rady-sunathome-LEdvance-obr2.jpeg 150w, https:\/\/svitimprotebe.cz\/eshop\/wp-content\/uploads\/2023\/06\/Vyhody-rady-sunathome-LEdvance-obr2-100x100.jpeg 100w\" sizes=\"(max-width: 150px) 100vw, 150px\" \/><\/p>\n<p style=\"text-align: center;\"><strong>Nejlep\u0161\u00ed kvalita sv\u011btla<\/strong><br \/>\n<strong>CRI&gt;95<\/strong><\/p>\n<p style=\"text-align: center;\">D\u00edky vysok\u00e9 hodnot\u011b <a href=\"https:\/\/svitimprotebe.cz\/color-rendering-index-cri\/\" target=\"_blank\" rel=\"noopener\">CRI<\/a> se osv\u011btlen\u00ed velmi podob\u00e1 denn\u00edmu sv\u011btlu.<\/p>\n<p><\/div><\/div><div class=\"gdc_column gdc_cquarter\"><div class=\"gdc_inner\"><\/p>\n<p><img loading=\"lazy\" decoding=\"async\" class=\"size-full wp-image-108592 aligncenter\" src=\"https:\/\/svitimprotebe.cz\/eshop\/wp-content\/uploads\/2023\/06\/Vyhody-rady-sunathome-LEdvance-obr3.jpeg\" alt=\"\" width=\"150\" height=\"150\" srcset=\"https:\/\/svitimprotebe.cz\/eshop\/wp-content\/uploads\/2023\/06\/Vyhody-rady-sunathome-LEdvance-obr3.jpeg 150w, https:\/\/svitimprotebe.cz\/eshop\/wp-content\/uploads\/2023\/06\/Vyhody-rady-sunathome-LEdvance-obr3-100x100.jpeg 100w\" sizes=\"(max-width: 150px) 100vw, 150px\" \/><\/p>\n<p style=\"text-align: center;\"><strong>Zm\u011bna teploty<\/strong><br \/>\n<strong>barvy sv\u011btla<\/strong><\/p>\n<p style=\"text-align: center;\">Teploty barvy se m\u011bn\u00ed automaticky, nebo si ji m\u016f\u017eete nastavit podle va\u0161ich <a href=\"https:\/\/www.svitimprotebe.cz\/vyznam-rytmu\/\" target=\"_blank\" rel=\"noopener\">cirkadi\u00e1nn\u00edch hodin<\/a>.<\/p>\n<p><\/div><\/div><div class=\"gdc_column gdc_cquarter\"><div class=\"gdc_inner\"><\/p>\n<p><img loading=\"lazy\" decoding=\"async\" class=\"size-full wp-image-108593 aligncenter\" src=\"https:\/\/svitimprotebe.cz\/eshop\/wp-content\/uploads\/2023\/06\/Vyhody-rady-sunathome-LEdvance-obr4.jpeg\" alt=\"\" width=\"150\" height=\"150\" srcset=\"https:\/\/svitimprotebe.cz\/eshop\/wp-content\/uploads\/2023\/06\/Vyhody-rady-sunathome-LEdvance-obr4.jpeg 150w, https:\/\/svitimprotebe.cz\/eshop\/wp-content\/uploads\/2023\/06\/Vyhody-rady-sunathome-LEdvance-obr4-100x100.jpeg 100w\" sizes=\"(max-width: 150px) 100vw, 150px\" \/><\/p>\n<p style=\"text-align: center;\"><strong>Schopnost<\/strong><br \/>\n<strong>stm\u00edv\u00e1n\u00ed<\/strong><\/p>\n<p style=\"text-align: center;\">Sami si m\u016f\u017eete nastavit, jak\u00e1 intenzita osv\u011btlen\u00ed (jas) v\u00e1m nejv\u00edce vyhovuje.<\/p>\n<p><\/div><\/div><\/div>\n","protected":false},"excerpt":{"rendered":"<p>Stoln\u00ed lampa PANAN DESK \u0159ady SUN@Home se skv\u011ble hod\u00ed jak pro <strong>pr\u00e1ci v&nbsp;kancel\u00e1\u0159i<\/strong>, tak i <strong>studijn\u00ed povinnosti<\/strong>. Vyza\u0159uje <strong>plnospektr\u00e1ln\u00ed osv\u011btlen\u00ed<\/strong>, kter\u00e9 simuluje slune\u010dn\u00ed paprsky. D\u00edky tomu z\u016fst\u00e1v\u00e1 lidsk\u00fd mozek v&nbsp;bd\u011bl\u00e9m stavu a <strong>zvy\u0161uje se produktivita pr\u00e1ce i u\u010den\u00ed<\/strong>. D\u00edky t\u0159em kloub\u016fm a oto\u010dn\u00e9 st\u0159edov\u00e9 \u010dasti vyza\u0159ovac\u00ed plochy <strong>si m\u016f\u017eete nastavit \u00fahel dopadu osv\u011btlen\u00ed dle vlastn\u00edho uv\u00e1\u017een\u00ed<\/strong>.<\/p>\n","protected":false},"featured_media":121571,"template":"","meta":{"_acf_changed":false},"product_brand":[],"product_cat":[170],"product_tag":[38],"class_list":{"0":"post-6877","1":"product","2":"type-product","3":"status-publish","4":"has-post-thumbnail","6":"product_cat-rada-sun_at_home","7":"product_tag-ledvance","8":"product_shipping_class-zakladni","9":"pa_barva-svitidla-bila","10":"pa_chytre-svitidlo-ano","11":"pa_doba-pouzivani-celodenni-osvetleni-24-h","12":"pa_doba-pouzivani-probouzeni-svetlem","13":"pa_material-kov","14":"pa_material-plast","15":"pa_meni-barvy-tw-varianta-ano","16":"pa_moznosti-ovladani-aplikace-ledvance-smart-wifi","17":"pa_napajeni-sit-230-ac","18":"pa_sirka-prumer-1079","19":"pa_stmivatelne-ano","20":"pa_stupen-kryti-ip-ip20","21":"pa_styl-minimalisticky-a-seversky","22":"pa_styl-moderni","23":"pa_svetelny-tok-401-600-lm","24":"pa_teplota-barvy-2200-2500-k","25":"pa_teplota-barvy-2700-3000-k","26":"pa_teplota-barvy-4000-5000-k","27":"pa_tvar-svitidla-kruhove","28":"pa_typ-produktu-led-svitidlo","29":"pa_umisteni-montaz-samostatne-stojici","30":"pa_vhodne-do-obyvaci-pokoj","31":"pa_vhodne-do-detsky-pokoj","32":"pa_vhodne-do-pracovna","33":"pa_vykon-11-20-w","34":"pa_vymenitelny-svetelny-zdroj-ne","35":"pa_vyska-1589","36":"pa_zpusob-vyzarovani-prime-i-neprime","37":"pa_zpusob-zapojeni-do-zasuvky","39":"first","40":"outofstock","41":"taxable","42":"shipping-taxable","43":"purchasable","44":"product-type-simple"},"acf":[],"_links":{"self":[{"href":"https:\/\/svitimprotebe.cz\/eshop\/wp-json\/wp\/v2\/product\/6877","targetHints":{"allow":["GET"]}}],"collection":[{"href":"https:\/\/svitimprotebe.cz\/eshop\/wp-json\/wp\/v2\/product"}],"about":[{"href":"https:\/\/svitimprotebe.cz\/eshop\/wp-json\/wp\/v2\/types\/product"}],"version-history":[{"count":0,"href":"https:\/\/svitimprotebe.cz\/eshop\/wp-json\/wp\/v2\/product\/6877\/revisions"}],"wp:featuredmedia":[{"embeddable":true,"href":"https:\/\/svitimprotebe.cz\/eshop\/wp-json\/wp\/v2\/media\/121571"}],"wp:attachment":[{"href":"https:\/\/svitimprotebe.cz\/eshop\/wp-json\/wp\/v2\/media?parent=6877"}],"wp:term":[{"taxonomy":"product_brand","embeddable":true,"href":"https:\/\/svitimprotebe.cz\/eshop\/wp-json\/wp\/v2\/product_brand?post=6877"},{"taxonomy":"product_cat","embeddable":true,"href":"https:\/\/svitimprotebe.cz\/eshop\/wp-json\/wp\/v2\/product_cat?post=6877"},{"taxonomy":"product_tag","embeddable":true,"href":"https:\/\/svitimprotebe.cz\/eshop\/wp-json\/wp\/v2\/product_tag?post=6877"}],"curies":[{"name":"wp","href":"https:\/\/api.w.org\/{rel}","templated":true}]}}