{"id":6879,"date":"2024-05-25T08:26:21","date_gmt":"2024-05-25T06:26:21","guid":{"rendered":"https:\/\/svitimprotebe.cz\/eshop\/?post_type=product&#038;p=6879"},"modified":"2025-11-12T13:31:54","modified_gmt":"2025-11-12T12:31:54","slug":"led-zarovka-sunathome-gu10-49w-2200-5000k","status":"publish","type":"product","link":"https:\/\/svitimprotebe.cz\/eshop\/led-zarovka-sunathome-gu10-49w-2200-5000k\/","title":{"rendered":"Chytr\u00e1 LED \u017e\u00e1rovka SUN@Home GU10&nbsp;4,9W 2200-5000K"},"content":{"rendered":"<h3>Patice GU10<\/h3>\n<p>Zn\u00e1m\u00e1 tak\u00e9 jako <strong>Bajonetov\u00e1 patice<\/strong>. Patice m\u00e1 na u\u017e\u0161\u00edm konci <strong>dva v\u00fdstupky<\/strong>, kter\u00e9 se <strong>zasouvaj\u00ed do obj\u00edmky sv\u00edtidla<\/strong> a upevn\u00ed se pooto\u010den\u00edm. Na rozd\u00edl od \u017e\u00e1rovek se z\u00e1vitem se tedy do sv\u00edtidel ne\u0161roubuj\u00ed.<\/p>\n<p>Do kter\u00fdch sv\u00edtidel budete patici GU10 pou\u017e\u00edvat? \u017d\u00e1rovka s&nbsp;patic\u00ed GU10 se nej\u010dast\u011bji montuje do sv\u00edtidel, kter\u00e9 maj\u00ed za \u00fa\u010del <strong>nasv\u00edtit konkr\u00e9tn\u00ed plochu<\/strong>, nap\u0159\u00edklad j\u00eddeln\u00ed st\u016fl nebo ostr\u016fvek, kter\u00fd je sou\u010d\u00e1st\u00ed kuchy\u0148sk\u00e9 linky. Sv\u011btlo vych\u00e1zej\u00edc\u00ed z&nbsp;patice GU10 toti\u017e dopad\u00e1 v&nbsp;<strong>u\u017e\u0161\u00edm \u00fahlu<\/strong>, ne\u017e u \u017e\u00e1rovek se z\u00e1vity E14 \u010di E27.<\/p>\n<p>Av\u0161ak <strong>bu\u010fte opatrn\u00ed p\u0159i umis\u0165ov\u00e1n\u00ed a aplikaci \u017e\u00e1rovek s&nbsp;patic\u00ed GU10<\/strong>. Pro tento typ \u017e\u00e1rovky toti\u017e plat\u00ed, \u017ee z&nbsp;mal\u00e9 vyza\u0159ovac\u00ed plochy vych\u00e1z\u00ed pom\u011brn\u011b hodn\u011b sv\u011btla. Proto doporu\u010dujeme um\u00edstit \u017e\u00e1rovku tak, aby nebyla v&nbsp;zorn\u00e9m poli <a href=\"https:\/\/www.svitimprotebe.cz\/lidske-oko\/\" target=\"_blank\" rel=\"noopener\">o\u010d\u00ed<\/a>, nebo ji schovejte do st\u00ednidla. Bli\u017e\u0161\u00ed informace najdete na kart\u011b <strong>&#8220;POU\u017dIT\u00cd&#8221;<\/strong>.<\/p>\n<div class=\"gdc_row\"><div class=\"gdc_column gdc_chalf\"><div class=\"gdc_inner\"><br \/>\n<img fetchpriority=\"high\" decoding=\"async\" class=\"aligncenter wp-image-9226\" src=\"https:\/\/svitimprotebe.cz\/eshop\/wp-content\/uploads\/2022\/03\/16-scaled.jpg\" alt=\"\" width=\"500\" height=\"500\" srcset=\"https:\/\/svitimprotebe.cz\/eshop\/wp-content\/uploads\/2022\/03\/16-scaled.jpg 2560w, https:\/\/svitimprotebe.cz\/eshop\/wp-content\/uploads\/2022\/03\/16-scaled-740x740.jpg 740w, https:\/\/svitimprotebe.cz\/eshop\/wp-content\/uploads\/2022\/03\/16-150x150.jpg 150w, https:\/\/svitimprotebe.cz\/eshop\/wp-content\/uploads\/2022\/03\/16-scaled-300x300.jpg 300w, https:\/\/svitimprotebe.cz\/eshop\/wp-content\/uploads\/2022\/03\/16-768x768.jpg 768w, https:\/\/svitimprotebe.cz\/eshop\/wp-content\/uploads\/2022\/03\/16-1024x1024.jpg 1024w, https:\/\/svitimprotebe.cz\/eshop\/wp-content\/uploads\/2022\/03\/16-scaled-400x400.jpg 400w, https:\/\/svitimprotebe.cz\/eshop\/wp-content\/uploads\/2022\/03\/16-scaled-100x100.jpg 100w, https:\/\/svitimprotebe.cz\/eshop\/wp-content\/uploads\/2022\/03\/16-1536x1536.jpg 1536w, https:\/\/svitimprotebe.cz\/eshop\/wp-content\/uploads\/2022\/03\/16-2048x2048.jpg 2048w, https:\/\/svitimprotebe.cz\/eshop\/wp-content\/uploads\/2022\/03\/16-1080x1080.jpg 1080w, https:\/\/svitimprotebe.cz\/eshop\/wp-content\/uploads\/2022\/03\/16-1280x1280.jpg 1280w, https:\/\/svitimprotebe.cz\/eshop\/wp-content\/uploads\/2022\/03\/16-980x980.jpg 980w, https:\/\/svitimprotebe.cz\/eshop\/wp-content\/uploads\/2022\/03\/16-480x480.jpg 480w, https:\/\/svitimprotebe.cz\/eshop\/wp-content\/uploads\/2022\/03\/16-scaled-600x600.jpg 600w\" sizes=\"(max-width: 500px) 100vw, 500px\" \/><br \/>\n<\/div><\/div><div class=\"gdc_column gdc_chalf\"><div class=\"gdc_inner\"><br \/>\n<img decoding=\"async\" class=\"aligncenter wp-image-9225\" src=\"https:\/\/svitimprotebe.cz\/eshop\/wp-content\/uploads\/2022\/03\/15-scaled.jpg\" alt=\"\" width=\"500\" height=\"500\" srcset=\"https:\/\/svitimprotebe.cz\/eshop\/wp-content\/uploads\/2022\/03\/15-scaled.jpg 2560w, https:\/\/svitimprotebe.cz\/eshop\/wp-content\/uploads\/2022\/03\/15-scaled-740x740.jpg 740w, https:\/\/svitimprotebe.cz\/eshop\/wp-content\/uploads\/2022\/03\/15-150x150.jpg 150w, https:\/\/svitimprotebe.cz\/eshop\/wp-content\/uploads\/2022\/03\/15-scaled-300x300.jpg 300w, https:\/\/svitimprotebe.cz\/eshop\/wp-content\/uploads\/2022\/03\/15-768x768.jpg 768w, https:\/\/svitimprotebe.cz\/eshop\/wp-content\/uploads\/2022\/03\/15-1024x1024.jpg 1024w, https:\/\/svitimprotebe.cz\/eshop\/wp-content\/uploads\/2022\/03\/15-scaled-400x400.jpg 400w, https:\/\/svitimprotebe.cz\/eshop\/wp-content\/uploads\/2022\/03\/15-scaled-100x100.jpg 100w, https:\/\/svitimprotebe.cz\/eshop\/wp-content\/uploads\/2022\/03\/15-1536x1536.jpg 1536w, https:\/\/svitimprotebe.cz\/eshop\/wp-content\/uploads\/2022\/03\/15-2048x2048.jpg 2048w, https:\/\/svitimprotebe.cz\/eshop\/wp-content\/uploads\/2022\/03\/15-1080x1080.jpg 1080w, https:\/\/svitimprotebe.cz\/eshop\/wp-content\/uploads\/2022\/03\/15-1280x1280.jpg 1280w, https:\/\/svitimprotebe.cz\/eshop\/wp-content\/uploads\/2022\/03\/15-980x980.jpg 980w, https:\/\/svitimprotebe.cz\/eshop\/wp-content\/uploads\/2022\/03\/15-480x480.jpg 480w, https:\/\/svitimprotebe.cz\/eshop\/wp-content\/uploads\/2022\/03\/15-scaled-600x600.jpg 600w\" sizes=\"(max-width: 500px) 100vw, 500px\" \/><br \/>\n<\/div><\/div><\/div>\n<h3>Zm\u011bna teploty barvy v&nbsp;pr\u016fb\u011bhu dne<\/h3>\n<p><a href=\"https:\/\/svitimprotebe.cz\/eshop\/plnospektralni-zdrave-osvetleni\/rada-sun_at_home\/\" target=\"_blank\" rel=\"noopener\">Sv\u00edtidla SUN@Home<\/a> jsou vyrobeny tak, aby co nejp\u0159esn\u011bji <strong>napodobily p\u0159irozen\u00e9 denn\u00ed sv\u011btlo<\/strong>. V&nbsp;ka\u017ed\u00e9 f\u00e1zi dne maj\u00ed odli\u0161nou teplotu barvy a intenzitu. Roli zde hraje tak\u00e9 mno\u017estv\u00ed modr\u00e9 slo\u017eky v&nbsp;LED diod\u00e1ch, kter\u00e1 se sni\u017euje spole\u010dn\u011b s&nbsp;<a href=\"https:\/\/www.svitimprotebe.cz\/teplota-chromaticnosti\/\" target=\"_blank\" rel=\"noopener\">teplotou barvy<\/a>. Doc\u00edl\u00edme t\u00edm <strong>relaxa\u010dn\u00edch \u00fa\u010dink\u016f <\/strong>zlep\u0161uj\u00edc\u00edch <a href=\"https:\/\/svitimprotebe.cz\/svetlo-bez-modre-slozky-zdravy-spanek-zarucen\/\" target=\"_blank\" rel=\"noopener\">kvalitu sp\u00e1nku<\/a> a rychlost us\u00edn\u00e1n\u00ed. Naproti tomu vysok\u00fdm pod\u00edlem podpo\u0159\u00edme <strong>bd\u011blost a aktivn\u00ed \u010dinnost mozku<\/strong>. Tyto rozd\u00edly jsou velmi podstatn\u00e9, proto\u017ee na\u0161e t\u011blo pot\u0159ebuje jinou funkci sv\u00edtidla v&nbsp;jin\u00e9 \u010d\u00e1sti dne. \u0158ada <strong>SUN@Home<\/strong> tuto pot\u0159ebu respektuje a p\u0159izp\u016fsobuje se va\u0161emu <a href=\"https:\/\/www.svitimprotebe.cz\/vyznam-rytmu\/\" target=\"_blank\" rel=\"noopener\">cirkadi\u00e1nn\u00edmu rytmu<\/a>.<\/p>\n<div class=\"gdc_row\"><div class=\"gdc_column gdc_cquarter\"><div class=\"gdc_inner\"><br \/>\n<strong>Probuzen\u00ed <\/strong>&#8211; <strong>Ide\u00e1ln\u00edm startem do nov\u00e9ho dne je <a href=\"https:\/\/www.svitimprotebe.cz\/aplikace-ledvance-smart-wifi-nastaveni-rezimu-probouzeni-svetlem\/\" target=\"_blank\" rel=\"noopener\">probouzet se postupn\u011b<\/a><\/strong>, stejn\u011b jako se r\u00e1no postupn\u011b zvy\u0161uje teplota barvy a intenzita tohoto sv\u00edtidla. B\u011bhem 30 min se lehk\u00fdm stup\u0148ov\u00e1n\u00edm dostane z&nbsp;teploty barvy 2200K na 5000K.<br \/>\n<\/div><\/div><div class=\"gdc_column gdc_cquarter\"><div class=\"gdc_inner\"><br \/>\n<strong>Aktivita\u00a0<\/strong>&#8211; Sv\u011btlo je nastaveno tak, aby b\u011bhem dne svou b\u00edlou barvou (5000K) i vysokou intenzitou podporovalo v&nbsp;aktivn\u00edch \u010dinnostech. <strong>Nabud\u00ed v\u00e1s pro pr\u00e1ci, sport nebo t\u0159eba studium<\/strong>.<br \/>\n<\/div><\/div><div class=\"gdc_column gdc_cquarter\"><div class=\"gdc_inner\"><br \/>\n<strong>Us\u00edn\u00e1n\u00ed <\/strong>&#8211; Jakmile se den ch\u00fdl\u00ed ke konci, dv\u011b hodiny p\u0159ed b\u011b\u017enou dobou us\u00edn\u00e1n\u00ed, teplota barvy se op\u011bt sn\u00ed\u017e\u00ed a <strong>osv\u011btlen\u00ed p\u0159iprav\u00ed va\u0161e t\u011blo na sp\u00e1nek<\/strong>. Tak\u00e9 intenzita plynule p\u0159ejde na nejni\u017e\u0161\u00ed mo\u017enou \u00farove\u0148.<br \/>\n<\/div><\/div><div class=\"gdc_column gdc_cquarter\"><div class=\"gdc_inner\"><br \/>\n<strong>Sp\u00e1nek <\/strong>&#8211; Sv\u00edtidlo m\u00e1me po celou noc vypnut\u00e9. Abychom dos\u00e1hli<strong> kvalitn\u011bj\u0161\u00edho sp\u00e1nku, pot\u0159ebujeme sp\u00e1t v&nbsp;zatemn\u011bn\u00e9 m\u00edstnosti bez p\u0159\u00edstupu sv\u011btla<\/strong>. Sv\u011btlo se proto za\u010dne zap\u00ednat a\u017e ve chv\u00edli, kdy nastane v\u00e1\u0161 \u010das na probuzen\u00ed.<br \/>\n<\/div><\/div><\/div>\n<p><a href=\"https:\/\/svitimprotebe.cz\/eshop\/wp-content\/webp-express\/webp-images\/uploads\/2023\/01\/Denni-doba-obrazek-final-JPG-200kb.jpg.webp\" target=\"_blank\" rel=\"noopener\"><img decoding=\"async\" class=\"aligncenter wp-image-57306 size-full\" src=\"https:\/\/svitimprotebe.cz\/eshop\/wp-content\/uploads\/2023\/01\/Denni-doba-obrazek-final-JPG-200kb.jpg\" alt=\"\" width=\"2524\" height=\"681\" srcset=\"https:\/\/svitimprotebe.cz\/eshop\/wp-content\/uploads\/2023\/01\/Denni-doba-obrazek-final-JPG-200kb.jpg 2524w, https:\/\/svitimprotebe.cz\/eshop\/wp-content\/uploads\/2023\/01\/Denni-doba-obrazek-final-JPG-200kb-740x200.jpg 740w, https:\/\/svitimprotebe.cz\/eshop\/wp-content\/uploads\/2023\/01\/Denni-doba-obrazek-final-JPG-200kb-300x81.jpg 300w, https:\/\/svitimprotebe.cz\/eshop\/wp-content\/uploads\/2023\/01\/Denni-doba-obrazek-final-JPG-200kb-768x207.jpg 768w, https:\/\/svitimprotebe.cz\/eshop\/wp-content\/uploads\/2023\/01\/Denni-doba-obrazek-final-JPG-200kb-1024x276.jpg 1024w, https:\/\/svitimprotebe.cz\/eshop\/wp-content\/uploads\/2023\/01\/Denni-doba-obrazek-final-JPG-200kb-1536x414.jpg 1536w, https:\/\/svitimprotebe.cz\/eshop\/wp-content\/uploads\/2023\/01\/Denni-doba-obrazek-final-JPG-200kb-2048x553.jpg 2048w, https:\/\/svitimprotebe.cz\/eshop\/wp-content\/uploads\/2023\/01\/Denni-doba-obrazek-final-JPG-200kb-1080x291.jpg 1080w, https:\/\/svitimprotebe.cz\/eshop\/wp-content\/uploads\/2023\/01\/Denni-doba-obrazek-final-JPG-200kb-1280x345.jpg 1280w, https:\/\/svitimprotebe.cz\/eshop\/wp-content\/uploads\/2023\/01\/Denni-doba-obrazek-final-JPG-200kb-980x264.jpg 980w, https:\/\/svitimprotebe.cz\/eshop\/wp-content\/uploads\/2023\/01\/Denni-doba-obrazek-final-JPG-200kb-480x130.jpg 480w\" sizes=\"(max-width: 2524px) 100vw, 2524px\" \/><\/a><\/p>\n<h3>P\u0159ipojen\u00ed plnospektr\u00e1ln\u00ed LED \u017e\u00e1rovky k&nbsp;aplikaci LEDVANCE SMART + WiFi<\/h3>\n<p>K ovl\u00e1d\u00e1n\u00ed v&nbsp;aplikaci <strong>LEDVANCE SMART + WiFi<\/strong> sta\u010d\u00ed pouze chytr\u00fd telefon \u010di tablet. Takov\u00e9 \u0159\u00edzen\u00ed n\u00e1m p\u0159in\u00e1\u0161\u00ed dal\u0161\u00ed mo\u017enosti &#8211; nap\u0159\u00edklad p\u0159irozen\u00e9 probouzen\u00ed s&nbsp;postupn\u00fdm rozsv\u011bcov\u00e1n\u00edm sv\u011btla nebo nastaven\u00ed automatick\u00e9ho vypnut\u00ed \u010di zapnut\u00ed osv\u011btlen\u00ed cel\u00e9 m\u00edstnosti. V&nbsp;aplikaci lze tak\u00e9 nastavit <strong>denn\u00ed re\u017eim podle va\u0161eho chronotypu<\/strong>. Sepsali jsme pro v\u00e1s <a href=\"https:\/\/svitimprotebe.cz\/pouziti-aplikace-ledvance-smart-wifi-pro-radu-svitidel-sunhome\/\" target=\"_blank\" rel=\"noopener\">postup pro pou\u017eit\u00ed aplikace LEDVANCE SMART + WiFi<\/a>\u00a0v\u010detn\u011b vide\u00ed.<\/p>\n<h3>\u0158ada SUN@Home<\/h3>\n<p><strong>Hlavn\u00edm c\u00edlem LED sv\u00edtidel od LEDVANCE SUN@Home nen\u00ed \u00fa\u010dinnost ani cena, ale spr\u00e1vn\u00fd <a href=\"https:\/\/svitimprotebe.cz\/benefity-zdraveho-osvetleni\/\" target=\"_blank\" rel=\"noopener\">vliv sv\u011btla na lidsk\u00fd organismus<\/a>, kter\u00fd m\u00e1 \u0159adu <a href=\"https:\/\/www.svitimprotebe.cz\/benefity-zdraveho-osvetleni\/\" target=\"_blank\" rel=\"noopener\">benefit\u016f<\/a>. Tato \u0159ada si toti\u017e zakl\u00e1d\u00e1 na simulaci slune\u010dn\u00edho z\u00e1\u0159en\u00ed, jedin\u00e9ho p\u0159irozen\u00e9ho zdroje sv\u011btla pro t\u011blo. M\u00e1 tedy jednak stimula\u010dn\u00ed \u00fa\u010dinky pro vy\u0161\u0161\u00ed produktivitu pr\u00e1ce v&nbsp;kancel\u00e1\u0159\u00edch, ale i zklid\u0148uj\u00edc\u00ed pro ve\u010dern\u00ed relaxov\u00e1n\u00ed v&nbsp;lo\u017enic\u00edch a ob\u00fdvac\u00edch pokoj\u00edch. <a href=\"https:\/\/svitimprotebe.cz\/eshop\/plnospektralni-zdrave-osvetleni\/rada-sun_at_home\/\" target=\"_blank\" rel=\"noopener\">\u0158ada SUN@Home<\/a> nab\u00edz\u00ed \u0161irokou \u0161k\u00e1lu sv\u00edtidel, jako nap\u0159\u00edklad LED p\u00e1sek, stoln\u00ed lampu, podhledov\u00e9 sv\u00edtidlo\u00a0a dal\u0161\u00ed typy osv\u011btlen\u00ed.<\/strong><\/p>\n<div class=\"gdc_row\"><div class=\"gdc_column gdc_cquarter\"><div class=\"gdc_inner\"><\/p>\n<p><img loading=\"lazy\" decoding=\"async\" class=\"alignnone size-full wp-image-108590 aligncenter\" src=\"https:\/\/svitimprotebe.cz\/eshop\/wp-content\/uploads\/2023\/06\/Vyhody-rady-sunathome-LEdvance-obr1.jpeg\" alt=\"\" width=\"150\" height=\"150\" srcset=\"https:\/\/svitimprotebe.cz\/eshop\/wp-content\/uploads\/2023\/06\/Vyhody-rady-sunathome-LEdvance-obr1.jpeg 150w, https:\/\/svitimprotebe.cz\/eshop\/wp-content\/uploads\/2023\/06\/Vyhody-rady-sunathome-LEdvance-obr1-100x100.jpeg 100w\" sizes=\"(max-width: 150px) 100vw, 150px\" \/><\/p>\n<p style=\"text-align: center;\"><strong>Podpora<\/strong><br \/>\n<strong>biologick\u00e9ho rytmu\u00a0<\/strong><\/p>\n<p style=\"text-align: center;\">Osv\u011btlen\u00ed umo\u017e\u0148uje nastaven\u00ed vlastn\u00edho re\u017eimu tak, aby byl v&nbsp;souladu s&nbsp;va\u0161\u00edm biorytmem.<\/p>\n<p><\/div><\/div><div class=\"gdc_column gdc_cquarter\"><div class=\"gdc_inner\"><\/p>\n<p><img loading=\"lazy\" decoding=\"async\" class=\"size-full wp-image-108591 aligncenter\" src=\"https:\/\/svitimprotebe.cz\/eshop\/wp-content\/uploads\/2023\/06\/Vyhody-rady-sunathome-LEdvance-obr2.jpeg\" alt=\"\" width=\"150\" height=\"150\" srcset=\"https:\/\/svitimprotebe.cz\/eshop\/wp-content\/uploads\/2023\/06\/Vyhody-rady-sunathome-LEdvance-obr2.jpeg 150w, https:\/\/svitimprotebe.cz\/eshop\/wp-content\/uploads\/2023\/06\/Vyhody-rady-sunathome-LEdvance-obr2-100x100.jpeg 100w\" sizes=\"(max-width: 150px) 100vw, 150px\" \/><\/p>\n<p style=\"text-align: center;\"><strong>Nejlep\u0161\u00ed kvalita sv\u011btla<\/strong><br \/>\n<strong>CRI&gt;95<\/strong><\/p>\n<p style=\"text-align: center;\">D\u00edky vysok\u00e9 hodnot\u011b <a href=\"https:\/\/svitimprotebe.cz\/color-rendering-index-cri\/\" target=\"_blank\" rel=\"noopener\">CRI<\/a>\u00a0se osv\u011btlen\u00ed velmi podob\u00e1 denn\u00edmu sv\u011btlu.<\/p>\n<p><\/div><\/div><div class=\"gdc_column gdc_cquarter\"><div class=\"gdc_inner\"><\/p>\n<p><img loading=\"lazy\" decoding=\"async\" class=\"size-full wp-image-108592 aligncenter\" src=\"https:\/\/svitimprotebe.cz\/eshop\/wp-content\/uploads\/2023\/06\/Vyhody-rady-sunathome-LEdvance-obr3.jpeg\" alt=\"\" width=\"150\" height=\"150\" srcset=\"https:\/\/svitimprotebe.cz\/eshop\/wp-content\/uploads\/2023\/06\/Vyhody-rady-sunathome-LEdvance-obr3.jpeg 150w, https:\/\/svitimprotebe.cz\/eshop\/wp-content\/uploads\/2023\/06\/Vyhody-rady-sunathome-LEdvance-obr3-100x100.jpeg 100w\" sizes=\"(max-width: 150px) 100vw, 150px\" \/><\/p>\n<p style=\"text-align: center;\"><strong>Zm\u011bna teploty<\/strong><br \/>\n<strong>barvy sv\u011btla<\/strong><\/p>\n<p style=\"text-align: center;\">Teploty barvy se m\u011bn\u00ed automaticky, nebo si ji m\u016f\u017eete nastavit podle va\u0161ich <a href=\"https:\/\/svitimprotebe.cz\/vyznam-rytmu\/\" target=\"_blank\" rel=\"noopener\">cirkadi\u00e1nn\u00edch hodin<\/a>.<\/p>\n<p><\/div><\/div><div class=\"gdc_column gdc_cquarter\"><div class=\"gdc_inner\"><\/p>\n<p><img loading=\"lazy\" decoding=\"async\" class=\"size-full wp-image-108593 aligncenter\" src=\"https:\/\/svitimprotebe.cz\/eshop\/wp-content\/uploads\/2023\/06\/Vyhody-rady-sunathome-LEdvance-obr4.jpeg\" alt=\"\" width=\"150\" height=\"150\" srcset=\"https:\/\/svitimprotebe.cz\/eshop\/wp-content\/uploads\/2023\/06\/Vyhody-rady-sunathome-LEdvance-obr4.jpeg 150w, https:\/\/svitimprotebe.cz\/eshop\/wp-content\/uploads\/2023\/06\/Vyhody-rady-sunathome-LEdvance-obr4-100x100.jpeg 100w\" sizes=\"(max-width: 150px) 100vw, 150px\" \/><\/p>\n<p style=\"text-align: center;\"><strong>Schopnost<\/strong><br \/>\n<strong>stm\u00edv\u00e1n\u00ed<\/strong><\/p>\n<p style=\"text-align: center;\">Sami si m\u016f\u017eete nastavit, jak\u00e1 intenzita osv\u011btlen\u00ed (jas) v\u00e1m nejv\u00edce vyhovuje.<\/p>\n<p><\/div><\/div><\/div>\n<div style=\"background-color: #f2f2f2; border-radius: 10px; padding: 5px;\">\n<p><strong style=\"color: #333333; font-size: 18px;\">N\u00e1zory a rady odborn\u00edka:<\/strong><\/p>\n<div class=\"obtekani\">\n<p><img loading=\"lazy\" decoding=\"async\" class=\"alignnone wp-image-9397\" src=\"https:\/\/svitimprotebe.cz\/eshop\/wp-content\/uploads\/2022\/01\/filip.png\" alt=\"\" width=\"225\" height=\"266\" srcset=\"https:\/\/svitimprotebe.cz\/eshop\/wp-content\/uploads\/2022\/01\/filip.png 761w, https:\/\/svitimprotebe.cz\/eshop\/wp-content\/uploads\/2022\/01\/filip-253x300.png 253w, https:\/\/svitimprotebe.cz\/eshop\/wp-content\/uploads\/2022\/01\/filip-740x876.png 740w, https:\/\/svitimprotebe.cz\/eshop\/wp-content\/uploads\/2022\/01\/filip-480x568.png 480w, https:\/\/svitimprotebe.cz\/eshop\/wp-content\/uploads\/2022\/01\/filip-600x710.png 600w\" sizes=\"(max-width: 225px) 100vw, 225px\" \/><\/p>\n<ul>\n<li><b>V \u010dem \u0159ada SUN@Home vynik\u00e1? <\/b>Sv\u00edtidla SUN@Home jsou na trhu novinkou a jejich nejv\u011bt\u0161\u00ed v\u00fdhodou je cenov\u00e1 dostupnost. <a href=\"https:\/\/www.svitimprotebe.cz\/plnospektralni-led-osvetleni\/\" target=\"_blank\" rel=\"noopener\">Plnospektr\u00e1ln\u00ed osv\u011btlen\u00ed<\/a> p\u0159edstavuje na trhu interi\u00e9rov\u00e9ho osv\u011btlen\u00ed to nejkvalitn\u011bj\u0161\u00ed, co si m\u016f\u017eete nyn\u00ed do dom\u00e1cnosti po\u0159\u00eddit. \u0158ada SUN@Home je dle m\u00e9ho m\u00edn\u011bn\u00ed prvn\u00ed cenov\u011b dostupnou \u0159adou na trhu plnospektr\u00e1ln\u00edho osv\u011btlen\u00ed.<\/li>\n<li><b>Obrovskou v\u00fdhodou \u017e\u00e1rovek je jejich snadn\u00e1 v\u00fdm\u011bna. <\/b>Pokud m\u00e1te sv\u00edtidlo, jen\u017e sv\u00edt\u00ed m\u00e1lo nebo takovou teplotou barvy sv\u011btla, kter\u00e1 naru\u0161uje va\u0161e zdrav\u00ed a sp\u00e1nek, lze ji velmi jednodu\u0161e vym\u011bnit za v\u00fdkonn\u011bj\u0161\u00ed \u017e\u00e1rovku spl\u0148uj\u00edc\u00ed <a href=\"https:\/\/www.svitimprotebe.cz\/metodiky-pro-kvantifikaci-vlivu-svetla-na-cirkadianni-rytmus\/\" target=\"_blank\" rel=\"noopener\">parametry zdrav\u00e9ho sv\u00edtidla<\/a>. K&nbsp;v\u00fdm\u011bn\u011b \u017e\u00e1rovky nen\u00ed pot\u0159eba \u017e\u00e1dn\u00e9ho odborn\u00edka a ani nezabere mnoho \u010dasu.<\/li>\n<li><strong>Dejte si pozor na sv\u00edtidla s&nbsp;kovov\u00fdm st\u00ednidlem.<\/strong> P\u0159i um\u00edst\u011bn\u00ed \u017e\u00e1rovky do sv\u00edtidla s&nbsp;kovov\u00fdm st\u00ednidlem m\u016f\u017ee doch\u00e1zet k\u00a0<a href=\"https:\/\/cs.frwiki.wiki\/wiki\/Cage_de_Faraday\">odst\u00edn\u011bn\u00ed nebo zeslaben\u00ed wifi sign\u00e1lu<\/a>, co\u017e m\u016f\u017ee zp\u016fsobovat probl\u00e9my v&nbsp;komunikaci \u017e\u00e1rovky s&nbsp;wifi s\u00edti. Zda bude k&nbsp;ru\u0161en\u00ed doch\u00e1zet \u010di ne z\u00e1le\u017e\u00ed na tvaru kovov\u00e9ho st\u00ednidla, velikosti, tlou\u0161\u0165ce jeho st\u011bny a s\u00edle wifi sign\u00e1lu. S\u00edlu wifi sign\u00e1lu lze jednodu\u0161e zm\u011b\u0159it pomoci smartphonu, nap\u0159\u00edklad aplikac\u00ed <a href=\"https:\/\/play.google.com\/store\/apps\/details?id=com.farproc.wifi.analyzer&amp;hl=cs&amp;gl=US\" target=\"_blank\" rel=\"noopener\">WifiAnalyzer<\/a>.<\/li>\n<\/ul>\n<\/div>\n<\/div>\n","protected":false},"excerpt":{"rendered":"<p>Plnospektr\u00e1ln\u00ed LED \u017e\u00e1rovka SUN@Home s&nbsp;patic\u00ed GU10 se nej\u010dast\u011bji pou\u017e\u00edv\u00e1 do men\u0161\u00edch lamp a z\u00e1v\u011bsn\u00fdch sv\u00edtidel. Sv\u00e9 vyu\u017eit\u00ed najde nap\u0159\u00edklad jako z\u00e1v\u011bsn\u00e9 sv\u00edtidlo nad konferen\u010dn\u00edm stolem v&nbsp;ob\u00fdvac\u00edm pokoji nebo nad j\u00eddeln\u00edm stolem v&nbsp;kuchyni. LED \u017e\u00e1rovky \u0159ady SUN@Home <strong>respektuj\u00ed cirkadi\u00e1nn\u00ed rytmus \u010dlov\u011bka<\/strong>. R\u00e1no a dopoledne vyza\u0159uj\u00ed studenou b\u00edlou barvu sv\u011btla v\u010detn\u011b vysok\u00e9 intenzity. Stimuluj\u00ed t\u00edm organismus k&nbsp;<strong>bd\u011blosti<\/strong> a <strong>vy\u0161\u0161\u00ed produktivit\u011b pr\u00e1ce<\/strong>. P\u0159ed span\u00edm naopak blokuj\u00ed modr\u00e9 sv\u011btlo, kter\u00e9 naru\u0161uje kvalitu sp\u00e1nku. Tato plnospketr\u00e1ln\u00ed LED \u017e\u00e1rovka spl\u0148uje <strong>parametry zdrav\u00e9ho osv\u011btlen\u00ed<\/strong>. Funkce sv\u00edtidla m\u016f\u017eete ovl\u00e1dat pomoc\u00ed aplikace <strong>LEDVANCE SMART + WiFi<\/strong>, kter\u00e1 je ke sta\u017een\u00ed zdarma.<\/p>\n","protected":false},"featured_media":7480,"template":"","meta":{"_acf_changed":false},"product_brand":[],"product_cat":[303,1938,170],"product_tag":[38],"class_list":{"0":"post-6879","1":"product","2":"type-product","3":"status-publish","4":"has-post-thumbnail","6":"product_cat-plnospektralni-led-zarovky","7":"product_cat-ostatni-plnospektralni-zarovky","8":"product_cat-rada-sun_at_home","9":"product_tag-ledvance","10":"product_shipping_class-zakladni","11":"pa_chytra-zarovka-ano","12":"pa_doba-pouzivani-celodenni-osvetleni-24-h","13":"pa_doba-pouzivani-probouzeni-svetlem","14":"pa_material-kov","15":"pa_material-plast","16":"pa_meni-barvy-tw-varianta-ano","17":"pa_moznosti-ovladani-aplikace-ledvance-smart-wifi","18":"pa_napajeni-sit-230-ac","19":"pa_patice-zavit-gu10","20":"pa_sirka-prumer-887","21":"pa_stmivatelne-ano","22":"pa_stupen-kryti-ip-ip20","23":"pa_svetelny-tok-201-400-lm","24":"pa_teplota-barvy-2200-2500-k","25":"pa_teplota-barvy-2700-3000-k","26":"pa_teplota-barvy-4000-5000-k","27":"pa_typ-produktu-led-zarovka","28":"pa_vhodne-do-kuchyne","29":"pa_vhodne-do-obyvaci-pokoj","30":"pa_vhodne-do-detsky-pokoj","31":"pa_vhodne-do-loznice","32":"pa_vhodne-do-pracovna","33":"pa_vhodne-do-koupelna","34":"pa_vhodne-do-chodba","35":"pa_vhodne-do-garaz","36":"pa_vhodne-do-schodiste","37":"pa_vhodne-do-puda","38":"pa_vhodne-do-satna","39":"pa_vhodne-do-sklep","40":"pa_vhodne-do-spiz","41":"pa_vhodne-do-technicka-mistnost","42":"pa_vhodne-do-terasa","43":"pa_vhodne-do-zachod","44":"pa_vykon-3-5-w","45":"pa_vyska-894","47":"first","48":"outofstock","49":"taxable","50":"shipping-taxable","51":"purchasable","52":"product-type-simple"},"acf":[],"_links":{"self":[{"href":"https:\/\/svitimprotebe.cz\/eshop\/wp-json\/wp\/v2\/product\/6879","targetHints":{"allow":["GET"]}}],"collection":[{"href":"https:\/\/svitimprotebe.cz\/eshop\/wp-json\/wp\/v2\/product"}],"about":[{"href":"https:\/\/svitimprotebe.cz\/eshop\/wp-json\/wp\/v2\/types\/product"}],"version-history":[{"count":0,"href":"https:\/\/svitimprotebe.cz\/eshop\/wp-json\/wp\/v2\/product\/6879\/revisions"}],"wp:featuredmedia":[{"embeddable":true,"href":"https:\/\/svitimprotebe.cz\/eshop\/wp-json\/wp\/v2\/media\/7480"}],"wp:attachment":[{"href":"https:\/\/svitimprotebe.cz\/eshop\/wp-json\/wp\/v2\/media?parent=6879"}],"wp:term":[{"taxonomy":"product_brand","embeddable":true,"href":"https:\/\/svitimprotebe.cz\/eshop\/wp-json\/wp\/v2\/product_brand?post=6879"},{"taxonomy":"product_cat","embeddable":true,"href":"https:\/\/svitimprotebe.cz\/eshop\/wp-json\/wp\/v2\/product_cat?post=6879"},{"taxonomy":"product_tag","embeddable":true,"href":"https:\/\/svitimprotebe.cz\/eshop\/wp-json\/wp\/v2\/product_tag?post=6879"}],"curies":[{"name":"wp","href":"https:\/\/api.w.org\/{rel}","templated":true}]}}