{"id":9145,"date":"2020-03-07T20:00:49","date_gmt":"2020-03-07T19:00:49","guid":{"rendered":"https:\/\/svitimprotebe.cz\/eshop\/?post_type=product&#038;p=9145"},"modified":"2025-07-21T13:45:10","modified_gmt":"2025-07-21T11:45:10","slug":"chytra-zasuvka-wiz","status":"publish","type":"product","link":"https:\/\/svitimprotebe.cz\/eshop\/chytra-zasuvka-wiz\/","title":{"rendered":"Chytr\u00e1 z\u00e1suvka WiZ"},"content":{"rendered":"<p>Chcete jednoduch\u00fdm zp\u016fsobem <strong>pomoc\u00ed aplikace WiZ<\/strong> ovl\u00e1dat nejenom sv\u00edtidla \u0159ady WiZ, ale tak\u00e9 ostatn\u00ed b\u011b\u017enou elektroniku ve va\u0161\u00ed dom\u00e1cnosti? Vlo\u017ete chytrou z\u00e1suvku WiZ do libovoln\u00e9 z\u00e1str\u010dky a propojte ji nap\u0159\u00edklad s&nbsp;k\u00e1vovarem, v\u011btr\u00e1kem, troubou, b\u011b\u017en\u00fdm sv\u00edtidlem. N\u00e1sledn\u011b si m\u016f\u017eete vytvo\u0159it <strong>rozvrh zapnut\u00ed a vypnut\u00ed<\/strong> vybran\u00e9ho za\u0159\u00edzen\u00ed, kter\u00e9 nav\u00edc m\u016f\u017eete <strong>ovl\u00e1dat i na d\u00e1lku<\/strong>. Krom\u011b aplikace WiZ lze elektroniku ovl\u00e1dat i hlasem p\u0159es hlasov\u00e9 aplikace <strong>Google Assistant, Amazon Alexa \u010di Apple Siri<\/strong>.<\/p>\n<div class=\"gdc_row\"><div class=\"gdc_column gdc_chalf\"><div class=\"gdc_inner\"><br \/>\n<img fetchpriority=\"high\" decoding=\"async\" class=\"aligncenter wp-image-10155\" src=\"https:\/\/svitimprotebe.cz\/eshop\/wp-content\/uploads\/2022\/03\/WiZ_EU_Smart_Plug_E_8719514552708_Image_8-e1649066907499-1.jpg\" alt=\"\" width=\"400\" height=\"337\" srcset=\"https:\/\/svitimprotebe.cz\/eshop\/wp-content\/uploads\/2022\/03\/WiZ_EU_Smart_Plug_E_8719514552708_Image_8-e1649066907499-1.jpg 440w, https:\/\/svitimprotebe.cz\/eshop\/wp-content\/uploads\/2022\/03\/WiZ_EU_Smart_Plug_E_8719514552708_Image_8-e1649066907499-1-300x253.jpg 300w\" sizes=\"(max-width: 400px) 100vw, 400px\" \/><br \/>\n<\/div><\/div><div class=\"gdc_column gdc_chalf\"><div class=\"gdc_inner\"><br \/>\n<img decoding=\"async\" class=\"aligncenter wp-image-10164 size-full\" src=\"https:\/\/svitimprotebe.cz\/eshop\/wp-content\/uploads\/2022\/03\/admin-ajax-2.jpg\" alt=\"\" width=\"400\" height=\"336\" srcset=\"https:\/\/svitimprotebe.cz\/eshop\/wp-content\/uploads\/2022\/03\/admin-ajax-2.jpg 400w, https:\/\/svitimprotebe.cz\/eshop\/wp-content\/uploads\/2022\/03\/admin-ajax-2-300x252.jpg 300w\" sizes=\"(max-width: 400px) 100vw, 400px\" \/><br \/>\n<\/div><\/div><\/div>\n","protected":false},"excerpt":{"rendered":"<p><strong>Chytr\u00e1 z\u00e1suvka WiZ<\/strong> um\u00ed ud\u011blat ze st\u00e1vaj\u00edc\u00edho spot\u0159ebi\u010de, konven\u010dn\u00edho sv\u00edtidla \u010di jin\u00e9ho za\u0159\u00edzen\u00ed <strong>inteligentn\u00ed elektroniku<\/strong>. U\u010di\u0148te tak <strong>st\u00e1hnut\u00edm aplikace WiZ<\/strong> do va\u0161eho mobilu \u010di tabletu a zapojte elektroniku do chytr\u00e9 z\u00e1suvky WiZ. D\u00edky tomu bude moct vytvo\u0159it <strong>p\u0159esn\u00fd rozvrh<\/strong>, kdy chcete m\u00edt va\u0161e elektronick\u00e9 za\u0159\u00edzen\u00ed vypnut\u00e9 \u010di zapnut\u00e9.<\/p>\n","protected":false},"featured_media":9146,"template":"","meta":{"_acf_changed":false},"product_brand":[],"product_cat":[33,34,240],"product_tag":[18],"class_list":{"0":"post-9145","1":"product","2":"type-product","3":"status-publish","4":"has-post-thumbnail","6":"product_cat-zdrave-osvetleni","7":"product_cat-led-zarovky","8":"product_cat-prislusentsvi-k-led-zarovkam","9":"product_tag-philips","10":"product_shipping_class-zakladni","11":"pa_material-plast","12":"pa_moznosti-ovladani-aplikace-wiz","13":"pa_napajeni-sit-230-ac","14":"pa_sirka-prumer-1624","15":"pa_stmivatelne-ano","16":"pa_stupen-kryti-ip-ip20","17":"pa_typ-produktu-ostatni","18":"pa_vhodne-do-kuchyne","19":"pa_vhodne-do-obyvaci-pokoj","20":"pa_vhodne-do-detsky-pokoj","21":"pa_vhodne-do-loznice","22":"pa_vhodne-do-pracovna","23":"pa_vhodne-do-koupelna","24":"pa_vhodne-do-chodba","25":"pa_vhodne-do-garaz","26":"pa_vhodne-do-schodiste","27":"pa_vhodne-do-puda","28":"pa_vhodne-do-satna","29":"pa_vhodne-do-sklep","30":"pa_vhodne-do-spiz","31":"pa_vhodne-do-technicka-mistnost","32":"pa_vhodne-do-terasa","33":"pa_vhodne-do-zachod","34":"pa_vyska-1625","35":"pa_zpusob-zapojeni-do-zasuvky","37":"first","38":"instock","39":"taxable","40":"shipping-taxable","41":"purchasable","42":"product-type-simple"},"acf":[],"_links":{"self":[{"href":"https:\/\/svitimprotebe.cz\/eshop\/wp-json\/wp\/v2\/product\/9145","targetHints":{"allow":["GET"]}}],"collection":[{"href":"https:\/\/svitimprotebe.cz\/eshop\/wp-json\/wp\/v2\/product"}],"about":[{"href":"https:\/\/svitimprotebe.cz\/eshop\/wp-json\/wp\/v2\/types\/product"}],"version-history":[{"count":0,"href":"https:\/\/svitimprotebe.cz\/eshop\/wp-json\/wp\/v2\/product\/9145\/revisions"}],"wp:featuredmedia":[{"embeddable":true,"href":"https:\/\/svitimprotebe.cz\/eshop\/wp-json\/wp\/v2\/media\/9146"}],"wp:attachment":[{"href":"https:\/\/svitimprotebe.cz\/eshop\/wp-json\/wp\/v2\/media?parent=9145"}],"wp:term":[{"taxonomy":"product_brand","embeddable":true,"href":"https:\/\/svitimprotebe.cz\/eshop\/wp-json\/wp\/v2\/product_brand?post=9145"},{"taxonomy":"product_cat","embeddable":true,"href":"https:\/\/svitimprotebe.cz\/eshop\/wp-json\/wp\/v2\/product_cat?post=9145"},{"taxonomy":"product_tag","embeddable":true,"href":"https:\/\/svitimprotebe.cz\/eshop\/wp-json\/wp\/v2\/product_tag?post=9145"}],"curies":[{"name":"wp","href":"https:\/\/api.w.org\/{rel}","templated":true}]}}