{"id":9159,"date":"2020-03-07T20:29:46","date_gmt":"2020-03-07T19:29:46","guid":{"rendered":"https:\/\/svitimprotebe.cz\/eshop\/?post_type=product&#038;p=9159"},"modified":"2025-12-12T11:36:36","modified_gmt":"2025-12-12T10:36:36","slug":"dalkove-ovladani-wizmote","status":"publish","type":"product","link":"https:\/\/svitimprotebe.cz\/eshop\/dalkove-ovladani-wizmote\/","title":{"rendered":"D\u00e1lkov\u00e9 ovl\u00e1d\u00e1n\u00ed WiZmote"},"content":{"rendered":"<p>Ovl\u00e1dejte pomoc\u00ed d\u00e1lkov\u00e9ho ovl\u00e1d\u00e1n\u00ed WiZmote sv\u00edtidla WiZ ve va\u0161\u00ed dom\u00e1cnosti, kter\u00fd je <strong>kompatibiln\u00ed se v\u0161emi sv\u00edtidly \u0159ady WiZ<\/strong>. D\u00e1lkov\u00fdm ovl\u00e1d\u00e1n\u00edm se daj\u00ed sv\u00edtidla zapnout, vypnout, m\u016f\u017eete p\u0159id\u00e1vat \u010di ub\u00edrat intenzitu osv\u011btlen\u00ed nebo nastavit no\u010dn\u00ed m\u00f3d. Z\u00e1rove\u0148 si m\u016f\u017eete nastavit <strong>\u010dty\u0159i obl\u00edben\u00e9 sv\u011bteln\u00e9 sc\u00e9ny<\/strong> na tla\u010d\u00edtk\u00e1ch 1-4. Vypadlo v\u00e1m WiFi p\u0159ipojen\u00ed a vy nem\u016f\u017eete ovl\u00e1dat sv\u00edtidla \u0159ady WiZ p\u0159es mobiln\u00ed aplikaci WiZ. Vyu\u017eijte pr\u00e1v\u011b d\u00e1lkov\u00e9ho ovl\u00e1d\u00e1n\u00ed, kter\u00e9 <strong>nen\u00ed z\u00e1visl\u00e9 na Wi-Fi<\/strong>. Rovn\u011b\u017e ocen\u00edte <strong>\u0161irok\u00fd dosah ovl\u00e1d\u00e1n\u00ed sv\u00edtidel<\/strong>, kter\u00fd \u010din\u00ed 15 metr\u016f. Ovlada\u010d je nap\u00e1jen p\u0159es <strong>AAA baterie<\/strong>.<\/p>\n<p><img fetchpriority=\"high\" decoding=\"async\" class=\"wp-image-9166 size-full aligncenter\" src=\"https:\/\/svitimprotebe.cz\/eshop\/wp-content\/uploads\/2022\/03\/8718699789220_6.jpg\" alt=\"\" width=\"512\" height=\"512\" srcset=\"https:\/\/svitimprotebe.cz\/eshop\/wp-content\/uploads\/2022\/03\/8718699789220_6.jpg 512w, https:\/\/svitimprotebe.cz\/eshop\/wp-content\/uploads\/2022\/03\/8718699789220_6-150x150.jpg 150w, https:\/\/svitimprotebe.cz\/eshop\/wp-content\/uploads\/2022\/03\/8718699789220_6-300x300.jpg 300w, https:\/\/svitimprotebe.cz\/eshop\/wp-content\/uploads\/2022\/03\/8718699789220_6-400x400.jpg 400w, https:\/\/svitimprotebe.cz\/eshop\/wp-content\/uploads\/2022\/03\/8718699789220_6-100x100.jpg 100w, https:\/\/svitimprotebe.cz\/eshop\/wp-content\/uploads\/2022\/03\/8718699789220_6-480x480.jpg 480w\" sizes=\"(max-width: 512px) 100vw, 512px\" \/><\/p>\n","protected":false},"excerpt":{"rendered":"<p>Ovl\u00e1dejte sv\u00edtidla WiZ jednodu\u0161e a pohodln\u011b p\u0159es d\u00e1lkov\u00fd ovlada\u010d WiZmote, kter\u00fd je <strong>kompatibiln\u00ed se v\u0161emi sv\u00edtidly \u0159ady WiZ<\/strong>. D\u00e1lkov\u00fdm ovl\u00e1d\u00e1n\u00edm se daj\u00ed sv\u00edtidla zapnout, vypnout, m\u016f\u017eete p\u0159id\u00e1vat \u010di ub\u00edrat intenzitu osv\u011btlen\u00ed nebo nastavit no\u010dn\u00ed m\u00f3d.<\/p>\n","protected":false},"featured_media":9164,"template":"","meta":{"_acf_changed":false},"product_brand":[],"product_cat":[33,34,240],"product_tag":[18],"class_list":{"0":"post-9159","1":"product","2":"type-product","3":"status-publish","4":"has-post-thumbnail","6":"product_cat-zdrave-osvetleni","7":"product_cat-led-zarovky","8":"product_cat-prislusentsvi-k-led-zarovkam","9":"product_tag-philips","10":"product_shipping_class-zakladni","11":"pa_material-plast","12":"pa_moznosti-ovladani-aplikace-wiz","13":"pa_napajeni-baterie","14":"pa_stmivatelne-ano","15":"pa_stupen-kryti-ip-ip20","16":"pa_typ-produktu-ostatni","18":"first","19":"instock","20":"taxable","21":"shipping-taxable","22":"purchasable","23":"product-type-simple"},"acf":[],"_links":{"self":[{"href":"https:\/\/svitimprotebe.cz\/eshop\/wp-json\/wp\/v2\/product\/9159","targetHints":{"allow":["GET"]}}],"collection":[{"href":"https:\/\/svitimprotebe.cz\/eshop\/wp-json\/wp\/v2\/product"}],"about":[{"href":"https:\/\/svitimprotebe.cz\/eshop\/wp-json\/wp\/v2\/types\/product"}],"version-history":[{"count":0,"href":"https:\/\/svitimprotebe.cz\/eshop\/wp-json\/wp\/v2\/product\/9159\/revisions"}],"wp:featuredmedia":[{"embeddable":true,"href":"https:\/\/svitimprotebe.cz\/eshop\/wp-json\/wp\/v2\/media\/9164"}],"wp:attachment":[{"href":"https:\/\/svitimprotebe.cz\/eshop\/wp-json\/wp\/v2\/media?parent=9159"}],"wp:term":[{"taxonomy":"product_brand","embeddable":true,"href":"https:\/\/svitimprotebe.cz\/eshop\/wp-json\/wp\/v2\/product_brand?post=9159"},{"taxonomy":"product_cat","embeddable":true,"href":"https:\/\/svitimprotebe.cz\/eshop\/wp-json\/wp\/v2\/product_cat?post=9159"},{"taxonomy":"product_tag","embeddable":true,"href":"https:\/\/svitimprotebe.cz\/eshop\/wp-json\/wp\/v2\/product_tag?post=9159"}],"curies":[{"name":"wp","href":"https:\/\/api.w.org\/{rel}","templated":true}]}}